{"id":9797,"date":"2025-07-20T23:25:58","date_gmt":"2025-07-20T21:25:58","guid":{"rendered":"https:\/\/lumierediamonds.eu\/?post_type=product&#038;p=9797"},"modified":"2025-11-17T13:53:03","modified_gmt":"2025-11-17T12:53:03","slug":"boucles-doreilles-creoles-daisy-eternity","status":"publish","type":"product","link":"https:\/\/lumierediamonds.eu\/fr\/product\/boucles-doreilles-creoles-daisy-eternity\/","title":{"rendered":"Boucles d'oreilles cr\u00e9oles Daisy Eternity"},"content":{"rendered":"<p data-start=\"188\" data-end=\"511\">Audacieux, brillant et con\u00e7u pour briller sous tous les angles.<\/p>\n<p data-start=\"188\" data-end=\"511\">Le <strong>Boucles d'oreilles Daisy Hoop<\/strong> sont une version lumineuse des cr\u00e9oles classiques, avec une rang\u00e9e de diamants ronds brillants synth\u00e9tiques sertis pav\u00e9 sans soudure. Con\u00e7ues pour capter la lumi\u00e8re \u00e0 chaque mouvement, elles offrent un \u00e9clat maximal et un charme intemporel.<\/p>\n<p data-start=\"513\" data-end=\"728\">Fabriqu\u00e9s en or jaune ou blanc 18 carats et disponibles dans des poids allant de 0,5 \u00e0 5 carats, ces essentiels raffin\u00e9s s'adaptent facilement \u00e0 toutes les occasions, que vous les portiez avec un jean ou une tenue plus habill\u00e9e.<\/p>","protected":false},"excerpt":{"rendered":"<p data-start=\"188\" data-end=\"511\">Audacieux, brillant et con\u00e7u pour briller sous tous les angles.<\/p>\n<p data-start=\"188\" data-end=\"511\">Le <strong>Boucles d'oreilles Daisy Hoop<\/strong> sont une version lumineuse des cr\u00e9oles classiques, avec une rang\u00e9e de diamants ronds brillants synth\u00e9tiques sertis pav\u00e9 sans soudure. Con\u00e7ues pour capter la lumi\u00e8re \u00e0 chaque mouvement, elles offrent un \u00e9clat maximal et un charme intemporel.<\/p>\n<p data-start=\"513\" data-end=\"728\">Fabriqu\u00e9s en or jaune ou blanc 18 carats et disponibles dans des poids allant de 0,5 \u00e0 5 carats, ces essentiels raffin\u00e9s s'adaptent facilement \u00e0 toutes les occasions, que vous les portiez avec un jean ou une tenue plus habill\u00e9e.<\/p>","protected":false},"featured_media":9586,"template":"","meta":{"_acf_changed":false},"product_brand":[],"product_cat":[552,54,762],"product_tag":[785,783,784,790,397,786,789,787,788],"class_list":{"0":"post-9797","1":"product","2":"type-product","3":"status-publish","4":"has-post-thumbnail","6":"product_cat-diamond-essentials","7":"product_cat-earrings","8":"product_cat-hoop-earrings","9":"product_tag-18k-gold-hoops","10":"product_tag-diamond-hoop-earrings","11":"product_tag-eternity-hoop-earrings","12":"product_tag-everyday-diamond-hoops","13":"product_tag-lab-grown-diamond-earrings","14":"product_tag-luxury-diamond-jewelry","15":"product_tag-pave-set-earrings","16":"product_tag-white-gold-hoops","17":"product_tag-yellow-gold-diamond-earrings","18":"pa_metal-white-gold","19":"pa_metal-yellow-gold","21":"first","22":"instock","23":"taxable","24":"shipping-taxable","25":"purchasable","26":"product-type-variable"},"acf":[],"jetpack_sharing_enabled":true,"_links":{"self":[{"href":"https:\/\/lumierediamonds.eu\/fr\/wp-json\/wp\/v2\/product\/9797","targetHints":{"allow":["GET"]}}],"collection":[{"href":"https:\/\/lumierediamonds.eu\/fr\/wp-json\/wp\/v2\/product"}],"about":[{"href":"https:\/\/lumierediamonds.eu\/fr\/wp-json\/wp\/v2\/types\/product"}],"version-history":[{"count":3,"href":"https:\/\/lumierediamonds.eu\/fr\/wp-json\/wp\/v2\/product\/9797\/revisions"}],"predecessor-version":[{"id":9965,"href":"https:\/\/lumierediamonds.eu\/fr\/wp-json\/wp\/v2\/product\/9797\/revisions\/9965"}],"wp:featuredmedia":[{"embeddable":true,"href":"https:\/\/lumierediamonds.eu\/fr\/wp-json\/wp\/v2\/media\/9586"}],"wp:attachment":[{"href":"https:\/\/lumierediamonds.eu\/fr\/wp-json\/wp\/v2\/media?parent=9797"}],"wp:term":[{"taxonomy":"product_brand","embeddable":true,"href":"https:\/\/lumierediamonds.eu\/fr\/wp-json\/wp\/v2\/product_brand?post=9797"},{"taxonomy":"product_cat","embeddable":true,"href":"https:\/\/lumierediamonds.eu\/fr\/wp-json\/wp\/v2\/product_cat?post=9797"},{"taxonomy":"product_tag","embeddable":true,"href":"https:\/\/lumierediamonds.eu\/fr\/wp-json\/wp\/v2\/product_tag?post=9797"}],"curies":[{"name":"wp","href":"https:\/\/api.w.org\/{rel}","templated":true}]}}