{"id":9798,"date":"2025-07-20T23:25:58","date_gmt":"2025-07-20T21:25:58","guid":{"rendered":"https:\/\/lumierediamonds.eu\/product\/mini-rope-gold-band\/"},"modified":"2025-07-21T00:09:00","modified_gmt":"2025-07-20T22:09:00","slug":"mini-bandeau-dore","status":"publish","type":"product","link":"https:\/\/lumierediamonds.eu\/fr\/product\/mini-bandeau-dore\/","title":{"rendered":"Mini bracelet en corde dor\u00e9e"},"content":{"rendered":"<p class=\"p1\">Interpr\u00e9tation raffin\u00e9e de l'\u00e9l\u00e9gance au quotidien, la bague Mini Rope Gold Band pr\u00e9sente un d\u00e9licat motif torsad\u00e9 qui scintille dans un or jaune 18 carats poli. L\u00e9g\u00e8re et d'une largeur de 2 mm, c'est un bijou minimaliste parfait, id\u00e9al \u00e0 superposer, \u00e0 offrir ou \u00e0 porter seul comme une touche de luxe discr\u00e8te. Fabriqu\u00e9e en or 18 carats certifi\u00e9 LBMA, elle offre une qualit\u00e9 durable et un style intemporel.<\/p>","protected":false},"excerpt":{"rendered":"<p class=\"p1\">Le Mini Rope Gold Band est un mod\u00e8le raffin\u00e9 d'\u00e9l\u00e9gance quotidienne. Il pr\u00e9sente un d\u00e9licat motif torsad\u00e9 qui brille en or jaune 18 carats poli. Avec sa l\u00e9g\u00e8ret\u00e9 et sa largeur de 2 mm, c'est la pi\u00e8ce minimaliste parfaite - id\u00e9ale pour empiler, offrir ou porter seul comme une d\u00e9claration de luxe discr\u00e8te.<\/p>","protected":false},"featured_media":9498,"template":"","meta":{"_acf_changed":false},"product_brand":[],"product_cat":[752,52],"product_tag":[680,820,817,638,815,821,814,816,818,819],"class_list":{"0":"post-9798","1":"product","2":"type-product","3":"status-publish","4":"has-post-thumbnail","6":"product_cat-gold-essentials","7":"product_cat-rings","8":"product_tag-18k-gold-ring","9":"product_tag-delicate-gold-ring","10":"product_tag-everyday-gold-jewelry","11":"product_tag-fine-jewelry","12":"product_tag-minimalist-ring","13":"product_tag-quiet-luxury","14":"product_tag-rope-ring","15":"product_tag-stackable-gold-band","16":"product_tag-twisted-gold-band","17":"product_tag-yellow-gold-ring","18":"pa_metal-yellow-gold","20":"first","21":"instock","22":"taxable","23":"shipping-taxable","24":"purchasable","25":"product-type-simple"},"acf":[],"jetpack_sharing_enabled":true,"_links":{"self":[{"href":"https:\/\/lumierediamonds.eu\/fr\/wp-json\/wp\/v2\/product\/9798","targetHints":{"allow":["GET"]}}],"collection":[{"href":"https:\/\/lumierediamonds.eu\/fr\/wp-json\/wp\/v2\/product"}],"about":[{"href":"https:\/\/lumierediamonds.eu\/fr\/wp-json\/wp\/v2\/types\/product"}],"version-history":[{"count":1,"href":"https:\/\/lumierediamonds.eu\/fr\/wp-json\/wp\/v2\/product\/9798\/revisions"}],"predecessor-version":[{"id":9851,"href":"https:\/\/lumierediamonds.eu\/fr\/wp-json\/wp\/v2\/product\/9798\/revisions\/9851"}],"wp:featuredmedia":[{"embeddable":true,"href":"https:\/\/lumierediamonds.eu\/fr\/wp-json\/wp\/v2\/media\/9498"}],"wp:attachment":[{"href":"https:\/\/lumierediamonds.eu\/fr\/wp-json\/wp\/v2\/media?parent=9798"}],"wp:term":[{"taxonomy":"product_brand","embeddable":true,"href":"https:\/\/lumierediamonds.eu\/fr\/wp-json\/wp\/v2\/product_brand?post=9798"},{"taxonomy":"product_cat","embeddable":true,"href":"https:\/\/lumierediamonds.eu\/fr\/wp-json\/wp\/v2\/product_cat?post=9798"},{"taxonomy":"product_tag","embeddable":true,"href":"https:\/\/lumierediamonds.eu\/fr\/wp-json\/wp\/v2\/product_tag?post=9798"}],"curies":[{"name":"wp","href":"https:\/\/api.w.org\/{rel}","templated":true}]}}