{"id":2703,"date":"2024-08-06T16:33:11","date_gmt":"2024-08-06T14:33:11","guid":{"rendered":"https:\/\/lumierediamonds.eu\/?page_id=2703"},"modified":"2025-10-13T16:25:35","modified_gmt":"2025-10-13T14:25:35","slug":"termini-e-condizioni","status":"publish","type":"page","link":"https:\/\/lumierediamonds.eu\/it\/termini-e-condizioni\/","title":{"rendered":"Termini e condizioni"},"content":{"rendered":"<div data-elementor-type=\"wp-page\" data-elementor-id=\"2703\" class=\"elementor elementor-2703\" data-elementor-post-type=\"page\">\n\t\t\t\t<div class=\"elementor-element elementor-element-7bf1a2ec e-flex e-con-boxed e-con e-parent\" data-id=\"7bf1a2ec\" data-element_type=\"container\">\n\t\t\t\t\t<div class=\"e-con-inner\">\n\t\t\t\t<div class=\"elementor-element elementor-element-1b89532d elementor-widget elementor-widget-text-editor\" data-id=\"1b89532d\" data-element_type=\"widget\" data-widget_type=\"text-editor.default\">\n\t\t\t\t<div class=\"elementor-widget-container\">\n\t\t\t\t\t\t\t<h1>Termini e condizioni<\/h1><h2>\u00a0<\/h2><p><b>Introduzione<\/b><\/p><p>Le presenti Condizioni generali costituiscono un accordo tra l'utente (\u201cUtente\u201d) e Lumi\u00e8re (\u201cNoi\u201d o \u201cCi\u201d). Il presente accordo, compresa la nostra Informativa sulla privacy, delinea i diritti e gli obblighi dell'utente, descrive in dettaglio le nostre pratiche in materia di dati e descrive i servizi che forniamo. Invitiamo l'utente a leggere attentamente i presenti termini per assicurarsi di comprendere appieno i propri diritti e le nostre responsabilit\u00e0.<\/p><p>Accedendo e utilizzando il nostro sito web per acquistare gioielli con diamanti e prodotti correlati, l'utente dichiara di aver letto, compreso e accettato i presenti termini. Se non si accettano tali termini, si prega di astenersi dall'utilizzare i nostri servizi. Per qualsiasi domanda, non esitate a contattarci tramite i metodi indicati sul nostro sito web.<\/p><p>Lumi\u00e8re si impegna a fornire gioielli con diamanti sintetici di alta qualit\u00e0 e raffinati. Il nostro obiettivo \u00e8 garantire un'esperienza di acquisto senza intoppi, dalla ricerca alla ricezione dell'ordine, e offrire un'assistenza clienti eccellente durante tutto il percorso con noi.<\/p><p>\u00a0<\/p><p><b>Informazioni sull'azienda<\/b><\/p><p>Lumi\u00e8re \u00e8 gestita da Nova Group Sp. z o.o. Di seguito sono riportati i dettagli della nostra azienda per vostra informazione:<\/p><p>Nova Group Sp. z o.o.<\/p><p>\u017burawia 6\/12 lok. 745, 00-503 Varsavia, Polonia<\/p><p>Codice fiscale: PL7011215529<\/p><p>REGON: 529224431<\/p><p>\u00a0<\/p><p class=\"p1\"><b>Ambito di applicazione dei termini<\/b><\/p><p class=\"p1\">Le presenti Condizioni si applicano a tutti gli utenti del nostro sito web e ai clienti che acquistano prodotti da Lumi\u00e8re. Esse regolano l'utilizzo del sito, il rapporto con noi e i diritti e gli obblighi dell'utente ai sensi delle leggi applicabili.<\/p><p class=\"p1\">Inoltre, il nostro <a href=\"#\">Informativa sulla privacy<\/a> e <a href=\"#\">Politica sui cookie<\/a> costituiscono parte integrante dei presenti Termini.<\/p><p>\u00a0<\/p><p class=\"p1\"><b>Idoneit\u00e0 all'acquisto<\/b><\/p><p class=\"p1\">Per effettuare un ordine, \u00e8 necessario:<\/p><p class=\"p2\">\u2022 Avere almeno 18 anni.<\/p><p class=\"p2\">\u2022 Fornire informazioni personali e di pagamento accurate.<\/p><p class=\"p2\">\u2022 Accetta i presenti Termini e condizioni.<\/p><p>\u00a0<\/p><p class=\"p1\"><b>Formazione del contratto<\/b><\/p><p class=\"p1\">Un contratto di acquisto vincolante si forma quando:<\/p><ol><li>Effettui un ordine tramite il nostro sito web.<\/li><li>Ti inviamo un'e-mail di conferma dell'ordine all'indirizzo e-mail che ci hai fornito.<\/li><\/ol><p class=\"p1\">Ci riserviamo il diritto di annullare gli ordini in caso di sospetta frode, prezzi errati o indisponibilit\u00e0 del prodotto.<\/p><p>\u00a0<\/p><p class=\"p1\"><b>Prodotti e prezzi<\/b><\/p><p class=\"p1\">\u2022 Tutti i prodotti visualizzati sul nostro sito web sono soggetti a disponibilit\u00e0.<\/p><p class=\"p1\">\u2022 I prezzi sono indicati in EUR (\u20ac) e includono l'IVA.<\/p><p class=\"p1\">\u2022 Facciamo tutto il possibile per garantire che le descrizioni dei prodotti e i prezzi siano accurati. Tuttavia, potrebbero verificarsi degli errori. Se riscontriamo un errore nel prezzo, ti informeremo e ti daremo la possibilit\u00e0 di riconfermare o annullare l'ordine.<\/p><p>\u00a0<\/p><p class=\"p1\"><b>Spedizione e consegna<\/b><\/p><p class=\"p1\">Offriamo la spedizione gratuita in tutti i paesi dell'Unione Europea senza alcun importo minimo d'ordine.<\/p><p>\u00a0<\/p><p class=\"p3\"><b>Tempi di consegna<\/b><\/p><p class=\"p4\">\u2022 I tempi di consegna stimati saranno indicati al momento del checkout. Si tratta di stime e non sono garantiti.<\/p><p class=\"p4\">\u2022 I tempi di consegna possono variare a seconda del Paese di destinazione e di fattori esterni al di fuori del nostro controllo (ad esempio, ritardi doganali, interruzioni del servizio di corriere).<\/p><p>\u00a0<\/p><p class=\"p3\"><b>Tracciamento dell'ordine<\/b><\/p><p class=\"p4\">\u2022 Riceverai un numero di tracciamento una volta che il tuo ordine sar\u00e0 stato spedito.<\/p><p>\u00a0<\/p><p class=\"p3\"><b>Restrizioni di spedizione<\/b><\/p><p class=\"p4\">\u2022 Attualmente effettuiamo spedizioni in tutti i paesi dell'Unione Europea. Se risiedi al di fuori dell'Unione Europea, purtroppo non possiamo elaborare il tuo ordine in questo momento.<\/p><p>\u00a0<\/p><p class=\"p1\"><b>Resi e rimborsi<\/b><\/p><p class=\"p1\">Vogliamo che tu sia soddisfatto del tuo acquisto Lumi\u00e8re. Tuttavia, se non sei soddisfatto, hai il diritto di restituire il tuo ordine entro <b>14 giorni<\/b> di riceverlo, in conformit\u00e0 con il <b>Direttiva UE sui diritti dei consumatori<\/b>.<\/p><p>\u00a0<\/p><p class=\"p3\"><b>Condizioni per i resi<\/b><\/p><p class=\"p4\">\u2022 I prodotti devono essere inutilizzati, non indossati e restituiti nella loro confezione originale con tutti i documenti di accompagnamento.<\/p><p class=\"p4\">\u2022 <b>Esclusioni<\/b>: I prodotti personalizzati, come gli articoli con incisioni o realizzati su ordinazione, non possono essere restituiti a meno che non siano difettosi.<\/p><p>\u00a0<\/p><p class=\"p3\"><b>Procedura di restituzione<\/b><\/p><ol><li class=\"p5\">Ci avvisa entro 14 giorni dalla ricezione contattando <a href=\"mailto:contact@lumierediamonds.eu\">contact@lumierediamonds.eu<\/a>.<\/li><li class=\"p5\">Restituisci l'articolo entro 14 giorni dalla notifica.<\/li><li class=\"p5\">Allegare la prova d'acquisto e il modulo di reso compilato (fornito su richiesta).<\/li><\/ol><p>\u00a0<\/p><p class=\"p1\"><b>Indirizzo per la restituzione della merce<\/b><b><\/b><\/p><p class=\"p2\">Si prega di inviare il reso al seguente indirizzo:<\/p><p class=\"p1\">Nova Group Sp. z o.o.<b><\/b><\/p><p class=\"p2\">\u017burawia 6\/12 lok. 745<\/p><p class=\"p2\">00-503 Varsavia, Polonia<\/p><p class=\"p2\"><em>Si prega di notare che questo \u00e8 l'indirizzo ufficiale per i resi e non un negozio fisico o un punto di ritiro. Non si accettano consegne personali.<\/em><\/p><p>\u00a0<\/p><p class=\"p3\"><b>Spese di spedizione per la restituzione<\/b><\/p><p class=\"p1\">Il cliente \u00e8 responsabile di tutte le spese di spedizione per la restituzione.<\/p><p>\u00a0<\/p><p class=\"p3\"><b>Rimborsi<\/b><\/p><p class=\"p4\">\u2022 I rimborsi saranno elaborati entro 14 giorni dalla ricezione dell'articolo restituito.<\/p><p class=\"p4\">\u2022 I rimborsi saranno effettuati utilizzando lo stesso metodo di pagamento utilizzato per l'acquisto.<\/p><p class=\"p4\">\u2022 Le spese di spedizione (se presenti) non sono rimborsabili, a meno che il reso non sia dovuto a un prodotto difettoso.<\/p><p>\u00a0<\/p><p class=\"p1\"><b>Garanzia e assicurazione<\/b><\/p><p class=\"p1\">Tutti i prodotti Lumi\u00e8re sono dotati di un <b>Garanzia di 2 anni<\/b> copertura dei difetti di fabbricazione.<\/p><p>\u00a0<\/p><p class=\"p3\"><b>Cosa \u00e8 coperto<\/b><\/p><p class=\"p4\">\u2022 Difetti di fabbricazione, inclusi pietre allentate o chiusure difettose.<\/p><p>\u00a0<\/p><p class=\"p3\"><b>Cosa non \u00e8 coperto<\/b><\/p><p class=\"p4\">\u2022 Danni causati da uso improprio, incidenti o usura.<\/p><p class=\"p4\">\u2022 Modifiche apportate da terzi non autorizzati.<\/p><p>\u00a0<\/p><p class=\"p3\"><b>Come presentare un reclamo in garanzia<\/b><\/p><ol><li class=\"p5\">Contattaci all'indirizzo <a href=\"mailto:contact@lumierediamonds.eu\">contact@lumierediamonds.eu<\/a> con la prova d'acquisto e una descrizione del problema.<\/li><li class=\"p5\">Valuteremo il reclamo e forniremo istruzioni per la riparazione, la sostituzione o il rimborso, a seconda dei casi.<\/li><\/ol><p>\u00a0<\/p><p class=\"p1\"><b>Pagamento<\/b><\/p><p class=\"p1\">Accettiamo i seguenti metodi di pagamento:<\/p><p class=\"p2\">\u2022 Carte di credito\/debito (Visa, Mastercard, ecc.)<\/p><p class=\"p2\">\u2022 Bonifici bancari (ove disponibili)<\/p><p class=\"p1\">Tutti i pagamenti vengono elaborati in modo sicuro. Le informazioni di pagamento vengono crittografate e gestite da fornitori di servizi di pagamento affidabili.<\/p><p>\u00a0<\/p><p class=\"p1\"><b>Responsabilit\u00e0<\/b><\/p><p class=\"p1\">Nella misura massima consentita dalla legge:<\/p><p class=\"p2\">\u2022 Lumi\u00e8re non \u00e8 responsabile per danni indiretti, incidentali o consequenziali derivanti dall'utilizzo del nostro sito web o dei nostri prodotti.<\/p><p class=\"p2\">\u2022 La nostra responsabilit\u00e0 totale per qualsiasi reclamo \u00e8 limitata all'importo pagato per il prodotto in questione.<\/p><p class=\"p2\">\u2022 Non siamo responsabili per ritardi o guasti causati da eventi al di fuori del nostro ragionevole controllo (ad esempio, cause di forza maggiore).<\/p><p>\u00a0<\/p><p class=\"p1\"><b>I<\/b><b>Propriet\u00e0 intellettuale<\/b><\/p><p class=\"p1\">Tutti i contenuti del nostro sito web, inclusi testi, immagini e loghi, sono di propriet\u00e0 di Lumi\u00e8re o dei nostri licenziatari. \u00c8 vietato copiare, distribuire o riprodurre qualsiasi contenuto senza il nostro previo consenso scritto.<\/p><p>\u00a0<\/p><p class=\"p1\"><b>Legge applicabile e giurisdizione<\/b><\/p><p class=\"p1\">I presenti Termini e condizioni sono regolati dalle leggi della Polonia. Qualsiasi controversia derivante dai presenti Termini sar\u00e0 soggetta alla giurisdizione esclusiva dei tribunali della Polonia.<\/p><p>\u00a0<\/p><p class=\"p1\"><b>Reclami e risoluzione delle controversie<\/b><\/p><p class=\"p1\">Se avete un reclamo, vi preghiamo di contattarci all'indirizzo <a href=\"mailto:contact@lumierediamonds.eu\">contact@lumierediamonds.eu<\/a>.<\/p><p class=\"p1\">In conformit\u00e0 con la normativa UE, \u00e8 possibile utilizzare anche il <b>Piattaforma di risoluzione delle controversie online (ODR)<\/b> per risolvere le controversie: <a href=\"https:\/\/ec.europa.eu\/consumers\/odr\" target=\"_blank\" rel=\"noopener\">https:\/\/ec.europa.eu\/consumers\/odr<\/a>.<\/p><p>\u00a0<\/p><p class=\"p1\"><b>Modifiche alle presenti Condizioni<\/b><\/p><p>Ci riserviamo il diritto di aggiornare periodicamente i presenti Termini e condizioni per riflettere eventuali modifiche ai nostri servizi o ai requisiti legali. L'uso continuato del nostro sito web dopo tali modifiche costituir\u00e0 l'accettazione dei Termini e condizioni aggiornati.<\/p><p>\u00a0<\/p><p><b>Contattaci<\/b><\/p><p>Se avete domande o dubbi sui presenti Termini e condizioni o sui nostri servizi, vi preghiamo di <a href=\"\/it\/contattaci\/\">contattaci<\/a> tramite i metodi indicati sul nostro sito web.<\/p>\t\t\t\t\t\t<\/div>\n\t\t\t\t<\/div>\n\t\t\t\t\t<\/div>\n\t\t\t\t<\/div>\n\t\t\t\t<\/div>","protected":false},"excerpt":{"rendered":"<p>Termini e condizioni Introduzione I presenti Termini e condizioni generali costituiscono un accordo tra l'utente (\u201cUtente\u201d) e Lumi\u00e8re (\u201cNoi\u201d). Questo accordo, che include la nostra Informativa sulla privacy, delinea i diritti e gli obblighi dell'utente, illustra le nostre pratiche relative ai dati e descrive i servizi che forniamo. Vi invitiamo a leggere attentamente questi termini per assicurarvi [...]<\/p>","protected":false},"author":1,"featured_media":0,"parent":0,"menu_order":0,"comment_status":"closed","ping_status":"closed","template":"","meta":{"_acf_changed":false,"footnotes":""},"class_list":["post-2703","page","type-page","status-publish","hentry"],"acf":[],"jetpack_sharing_enabled":true,"_links":{"self":[{"href":"https:\/\/lumierediamonds.eu\/it\/wp-json\/wp\/v2\/pages\/2703","targetHints":{"allow":["GET"]}}],"collection":[{"href":"https:\/\/lumierediamonds.eu\/it\/wp-json\/wp\/v2\/pages"}],"about":[{"href":"https:\/\/lumierediamonds.eu\/it\/wp-json\/wp\/v2\/types\/page"}],"author":[{"embeddable":true,"href":"https:\/\/lumierediamonds.eu\/it\/wp-json\/wp\/v2\/users\/1"}],"replies":[{"embeddable":true,"href":"https:\/\/lumierediamonds.eu\/it\/wp-json\/wp\/v2\/comments?post=2703"}],"version-history":[{"count":13,"href":"https:\/\/lumierediamonds.eu\/it\/wp-json\/wp\/v2\/pages\/2703\/revisions"}],"predecessor-version":[{"id":11414,"href":"https:\/\/lumierediamonds.eu\/it\/wp-json\/wp\/v2\/pages\/2703\/revisions\/11414"}],"wp:attachment":[{"href":"https:\/\/lumierediamonds.eu\/it\/wp-json\/wp\/v2\/media?parent=2703"}],"curies":[{"name":"wp","href":"https:\/\/api.w.org\/{rel}","templated":true}]}}