{"id":6768,"date":"2024-12-16T14:35:38","date_gmt":"2024-12-16T13:35:38","guid":{"rendered":"https:\/\/lumierediamonds.eu\/?page_id=6768"},"modified":"2024-12-20T12:32:39","modified_gmt":"2024-12-20T11:32:39","slug":"politica-di-spedizione-e-consegna","status":"publish","type":"page","link":"https:\/\/lumierediamonds.eu\/it\/politica-di-spedizione-e-consegna\/","title":{"rendered":"Politica di spedizione e consegna"},"content":{"rendered":"<div data-elementor-type=\"wp-page\" data-elementor-id=\"6768\" class=\"elementor elementor-6768\" data-elementor-post-type=\"page\">\n\t\t\t\t<div class=\"elementor-element elementor-element-19742b5f e-flex e-con-boxed e-con e-parent\" data-id=\"19742b5f\" data-element_type=\"container\">\n\t\t\t\t\t<div class=\"e-con-inner\">\n\t\t\t\t<div class=\"elementor-element elementor-element-51db09a5 elementor-widget elementor-widget-text-editor\" data-id=\"51db09a5\" data-element_type=\"widget\" data-widget_type=\"text-editor.default\">\n\t\t\t\t<div class=\"elementor-widget-container\">\n\t\t\t\t\t\t\t<h1>Politica di spedizione e consegna<\/h1><p>\u00a0<\/p><p><strong>Introduzione<\/strong><\/p><p class=\"p1\">Noi di Lumi\u00e8re ci impegniamo a garantire che la tua esperienza di acquisto sia piacevole e senza intoppi. La presente Politica di spedizione e consegna illustra tutto ci\u00f2 che devi sapere su come consegniamo i tuoi ordini, compresi i costi, i tempi di consegna e altri dettagli importanti.<\/p><p>\u00a0<\/p><p class=\"p1\"><b>Destinazioni di spedizione<\/b><\/p><p class=\"p1\">Attualmente effettuiamo spedizioni in tutti i paesi all'interno dell' <b>Unione Europea (UE)<\/b>.<\/p><p class=\"p1\">Purtroppo, al momento non siamo in grado di evadere ordini con consegna al di fuori dell'Unione Europea.<\/p><p>\u00a0<\/p><p>\u00a0<\/p><p class=\"p1\"><b>Spese di spedizione<\/b><\/p><p class=\"p1\">Offriamo <b>spedizione gratuita<\/b> su tutti gli ordini verso i paesi dell'Unione Europea, senza alcun importo minimo richiesto.<\/p><p class=\"p1\">Non sono previsti costi aggiuntivi per la spedizione standard, indipendentemente dalle dimensioni dell'ordine o dalla destinazione all'interno dell'UE.<\/p><p>\u00a0<\/p><p class=\"p1\"><b>Tempi di consegna<\/b><\/p><p class=\"p1\">Ci impegniamo a garantire che il tuo ordine ti venga consegnato il pi\u00f9 rapidamente possibile. Di seguito sono riportati i tempi di consegna stimati:<\/p><p class=\"p1\"><strong>Unione Europea:<\/strong> 3-7 giorni lavorativi<\/p><p class=\"p1\"><b>Tempi di elaborazione<\/b><\/p><p class=\"p2\">\u2022 Gli ordini vengono elaborati entro <b>1-2 giorni lavorativi<\/b> dopo la conferma del pagamento.<\/p><p class=\"p2\">\u2022 Gli ordini effettuati nei fine settimana o nei giorni festivi saranno elaborati il giorno lavorativo successivo.<\/p><p class=\"p4\">Nota bene: i tempi di consegna sono indicativi e possono variare a causa di fattori che esulano dal nostro controllo, quali ritardi doganali o interruzioni del servizio di corriere.<\/p><p>\u00a0<\/p><p class=\"p1\"><b>Tracciamento dell'ordine<\/b><\/p><p class=\"p1\">Una volta che il tuo ordine \u00e8 stato spedito, riceverai un <b>email di conferma della spedizione<\/b> con un numero di tracciamento. \u00c8 possibile utilizzare questo numero di tracciamento per monitorare lo stato della spedizione tramite il sito web del corriere.<\/p><p class=\"p1\">In caso di problemi con il tracciamento, contattaci all'indirizzo <a href=\"mailto:contact@lumierediamonds.eu\">contact@lumierediamonds.eu<\/a>, e saremo lieti di aiutarti.<\/p><p>\u00a0<\/p><p class=\"p1\"><b>Condizioni di consegna<\/b><\/p><p class=\"p1\"><b>Consegna riuscita<\/b><\/p><p class=\"p2\">\u2022 Le consegne vengono effettuate all'indirizzo fornito durante il checkout.<\/p><p class=\"p2\">\u2022 \u00c8 responsabilit\u00e0 del cliente assicurarsi che l'indirizzo di spedizione sia corretto e accessibile.<\/p><p class=\"p1\"><b>Tentativi di consegna falliti<\/b><\/p><p class=\"p2\">\u2022 Se il corriere non \u00e8 in grado di consegnare l'ordine (ad esempio, a causa di un indirizzo errato o dell'impossibilit\u00e0 di accedere alla propriet\u00e0), potrebbe lasciare un avviso o tentare una nuova consegna.<\/p><p class=\"p1\"><b>Pacchi smarriti o danneggiati<\/b><\/p><p class=\"p2\">\u2022 Se il tuo ordine viene smarrito o danneggiato durante il trasporto, ti preghiamo di comunicarcelo immediatamente all'indirizzo <a href=\"mailto:contact@lumierediamonds.eu\">contact@lumierediamonds.eu<\/a>.<\/p><p class=\"p2\">\u2022 Collaboreremo con il corriere per risolvere il problema e, se necessario, provvederemo alla sostituzione o al rimborso.<\/p><p>\u00a0<\/p><p class=\"p1\"><b>Dazi doganali e imposte<\/b><\/p><p class=\"p1\">Poich\u00e9 tutti gli ordini vengono spediti all'interno dell'UE, non vengono applicati dazi doganali o tasse aggiuntive al tuo acquisto.<\/p><p class=\"p1\">Se risiedi in un paese dell'Unione Europea in cui sono applicati dazi doganali in circostanze particolari (ad esempio, in determinati territori), sei tenuto a coprire tali costi.<\/p><p>\u00a0<\/p><p class=\"p1\"><b>Modifiche alle informazioni di spedizione<\/b><\/p><p class=\"p1\">Se hai bisogno di aggiornare il tuo indirizzo di spedizione o qualsiasi altro dettaglio, ti preghiamo di contattarci immediatamente all'indirizzo <a href=\"mailto:contact@lumierediamonds.eu\">contact@lumierediamonds.eu<\/a>.<\/p><p class=\"p1\">Le modifiche possono essere apportate solo prima della spedizione dell'ordine. Una volta che l'ordine \u00e8 stato spedito, non \u00e8 pi\u00f9 possibile modificare i dettagli di consegna.<\/p><p>\u00a0<\/p><p class=\"p1\">\u00a0<\/p><p class=\"p1\"><b>Ritardi nella consegna<\/b><\/p><p class=\"p1\">Sebbene il nostro obiettivo sia quello di consegnare il tuo ordine entro i tempi previsti, occasionalmente possono verificarsi ritardi dovuti a fattori al di fuori del nostro controllo, tra cui:<\/p><p class=\"p2\">\u2022 Condizioni meteorologiche avverse.<\/p><p class=\"p2\">\u2022 Problemi relativi allo sdoganamento.<\/p><p class=\"p2\">\u2022 Interruzioni del servizio di corriere.<\/p><p class=\"p1\">Se la consegna subisce un ritardo, faremo del nostro meglio per tenerti informato e aiutarti a tracciare il tuo pacco.<\/p><p>\u00a0<\/p><p class=\"p1\"><b>Pacchi non ritirati<\/b><\/p><p class=\"p1\">Se un pacco ci viene restituito perch\u00e9 non \u00e8 stato ritirato o perch\u00e9 l'indirizzo di consegna era errato, ti contatteremo per organizzare una nuova consegna. Eventuali costi di spedizione aggiuntivi saranno a carico del cliente.<\/p><p>\u00a0<\/p><p class=\"p1\"><b>Annullamento degli ordini<\/b><\/p><p class=\"p1\">Se desideri annullare il tuo ordine, ti preghiamo di contattarci immediatamente all'indirizzo <a href=\"mailto:contact@lumierediamonds.eu\">contact@lumierediamonds.eu<\/a>.<\/p><p class=\"p2\">\u2022 Gli ordini possono essere annullati solo prima della spedizione.<\/p><p class=\"p2\">\u2022 Se l'ordine \u00e8 gi\u00e0 stato spedito, potrebbe essere necessario seguire la nostra procedura. <a href=\"\/it\/returns-refunds-policy\/\">Politica sui resi e sui rimborsi<\/a> restituire il prodotto una volta consegnato.<\/p><p>\u00a0<\/p><p class=\"p1\"><b>Contattaci<\/b><\/p><p class=\"p1\">Se avete domande o dubbi sulla nostra politica di spedizione e consegna, non esitate a contattarci visitando il sito <a href=\"\/it\/contattaci\/\">la nostra pagina dei contatti<\/a>.<\/p>\t\t\t\t\t\t<\/div>\n\t\t\t\t<\/div>\n\t\t\t\t\t<\/div>\n\t\t\t\t<\/div>\n\t\t\t\t<\/div>","protected":false},"excerpt":{"rendered":"<p>Politica di spedizione e consegna Introduzione Noi di Lumi\u00e8re ci impegniamo a garantire che la vostra esperienza d'acquisto sia piacevole e senza interruzioni. Le presenti Norme di spedizione e consegna illustrano tutto ci\u00f2 che \u00e8 necessario sapere sulle modalit\u00e0 di consegna degli ordini, compresi i costi, le tempistiche e altri dettagli importanti.   Destinazioni di spedizione Attualmente spediamo in tutti i paesi [...]<\/p>","protected":false},"author":1,"featured_media":0,"parent":0,"menu_order":0,"comment_status":"closed","ping_status":"closed","template":"","meta":{"_acf_changed":false,"footnotes":""},"class_list":["post-6768","page","type-page","status-publish","hentry"],"acf":[],"jetpack_sharing_enabled":true,"_links":{"self":[{"href":"https:\/\/lumierediamonds.eu\/it\/wp-json\/wp\/v2\/pages\/6768","targetHints":{"allow":["GET"]}}],"collection":[{"href":"https:\/\/lumierediamonds.eu\/it\/wp-json\/wp\/v2\/pages"}],"about":[{"href":"https:\/\/lumierediamonds.eu\/it\/wp-json\/wp\/v2\/types\/page"}],"author":[{"embeddable":true,"href":"https:\/\/lumierediamonds.eu\/it\/wp-json\/wp\/v2\/users\/1"}],"replies":[{"embeddable":true,"href":"https:\/\/lumierediamonds.eu\/it\/wp-json\/wp\/v2\/comments?post=6768"}],"version-history":[{"count":5,"href":"https:\/\/lumierediamonds.eu\/it\/wp-json\/wp\/v2\/pages\/6768\/revisions"}],"predecessor-version":[{"id":7799,"href":"https:\/\/lumierediamonds.eu\/it\/wp-json\/wp\/v2\/pages\/6768\/revisions\/7799"}],"wp:attachment":[{"href":"https:\/\/lumierediamonds.eu\/it\/wp-json\/wp\/v2\/media?parent=6768"}],"curies":[{"name":"wp","href":"https:\/\/api.w.org\/{rel}","templated":true}]}}