{"id":10284,"date":"2025-09-18T17:26:27","date_gmt":"2025-09-18T15:26:27","guid":{"rendered":"https:\/\/lumierediamonds.eu\/?post_type=product&#038;p=10284"},"modified":"2025-11-20T18:38:40","modified_gmt":"2025-11-20T17:38:40","slug":"pendente-con-castone-a-smeraldo-milano","status":"publish","type":"product","link":"https:\/\/lumierediamonds.eu\/it\/product\/pendente-con-castone-a-smeraldo-milano\/","title":{"rendered":"Pendente con castone a smeraldo Milano"},"content":{"rendered":"<p class=\"p1\">Una versione moderna del solitario senza tempo, il pendente Milan Emerald Bezel presenta un diamante sintetico taglio smeraldo incastonato in direzione est-ovest, racchiuso in un'elegante montatura in oro 18 carati. Sospeso a una raffinata catena a maglia cavo, irradia un lusso discreto e un'eleganza naturale. Disponibile in oro giallo o bianco e con una scelta di sette carature totali (da 0,25 a 3 ct.), questo pendente unisce versatilit\u00e0 e fascino distintivo.<\/p>","protected":false},"excerpt":{"rendered":"<p class=\"p1\">Una versione moderna del solitario senza tempo, il pendente Milan Emerald Bezel presenta un diamante sintetico taglio smeraldo incastonato in direzione est-ovest, racchiuso in un'elegante montatura in oro 18 carati. Sospeso a una raffinata catena a maglia cavo e disponibile in una variet\u00e0 di carature, \u00e8 il perfetto equilibrio tra raffinatezza e vestibilit\u00e0.<\/p>","protected":false},"featured_media":10345,"template":"","meta":{"_acf_changed":false},"product_brand":[],"product_cat":[552,53,759],"product_tag":[960,959,958,957,366,386,747,302,961],"class_list":{"0":"post-10284","1":"product","2":"type-product","3":"status-publish","4":"has-post-thumbnail","6":"product_cat-diamond-essentials","7":"product_cat-necklaces-pendants","8":"product_cat-pendants","9":"product_tag-18k-gold-pendant","10":"product_tag-bezel-diamond-necklace","11":"product_tag-east-west-diamond-pendant","12":"product_tag-emerald-cut-pendant","13":"product_tag-everyday-luxury","14":"product_tag-lab-grown-diamond-necklace","15":"product_tag-minimalist-pendant","16":"product_tag-solitaire-pendant","17":"product_tag-timeless-necklace","18":"pa_metal-white-gold","19":"pa_metal-yellow-gold","21":"first","22":"instock","23":"taxable","24":"shipping-taxable","25":"purchasable","26":"product-type-variable"},"acf":[],"jetpack_sharing_enabled":true,"_links":{"self":[{"href":"https:\/\/lumierediamonds.eu\/it\/wp-json\/wp\/v2\/product\/10284","targetHints":{"allow":["GET"]}}],"collection":[{"href":"https:\/\/lumierediamonds.eu\/it\/wp-json\/wp\/v2\/product"}],"about":[{"href":"https:\/\/lumierediamonds.eu\/it\/wp-json\/wp\/v2\/types\/product"}],"version-history":[{"count":3,"href":"https:\/\/lumierediamonds.eu\/it\/wp-json\/wp\/v2\/product\/10284\/revisions"}],"predecessor-version":[{"id":11467,"href":"https:\/\/lumierediamonds.eu\/it\/wp-json\/wp\/v2\/product\/10284\/revisions\/11467"}],"wp:featuredmedia":[{"embeddable":true,"href":"https:\/\/lumierediamonds.eu\/it\/wp-json\/wp\/v2\/media\/10345"}],"wp:attachment":[{"href":"https:\/\/lumierediamonds.eu\/it\/wp-json\/wp\/v2\/media?parent=10284"}],"wp:term":[{"taxonomy":"product_brand","embeddable":true,"href":"https:\/\/lumierediamonds.eu\/it\/wp-json\/wp\/v2\/product_brand?post=10284"},{"taxonomy":"product_cat","embeddable":true,"href":"https:\/\/lumierediamonds.eu\/it\/wp-json\/wp\/v2\/product_cat?post=10284"},{"taxonomy":"product_tag","embeddable":true,"href":"https:\/\/lumierediamonds.eu\/it\/wp-json\/wp\/v2\/product_tag?post=10284"}],"curies":[{"name":"wp","href":"https:\/\/api.w.org\/{rel}","templated":true}]}}