{"id":10652,"date":"2025-09-30T01:07:38","date_gmt":"2025-09-29T23:07:38","guid":{"rendered":"https:\/\/lumierediamonds.eu\/?post_type=product&#038;p=10652"},"modified":"2025-11-23T10:43:39","modified_gmt":"2025-11-23T09:43:39","slug":"fascia-smussata-oro-opaco","status":"publish","type":"product","link":"https:\/\/lumierediamonds.eu\/it\/product\/fascia-smussata-oro-opaco\/","title":{"rendered":"George Bevel Fascia oro opaco"},"content":{"rendered":"<p class=\"p1\">Il minimalismo moderno incontra lo stile intramontabile con la fede Bevel Matte Gold Band. Caratterizzata da una finitura opaca spazzolata con bordi smussati lucidati a specchio, questa fede da 6 mm \u00e8 realizzata per garantire comfort e stile duraturi. Il suo profilo elegante e i dettagli raffinati la rendono il gioiello perfetto per le coppie moderne che amano la sobriet\u00e0. Disponibile in oro giallo o bianco 18 carati e realizzata con metalli preziosi certificati LBMA, promette qualit\u00e0 duratura ed elegante semplicit\u00e0 per tutta la vita.<\/p>","protected":false},"excerpt":{"rendered":"<p class=\"p1\">Il minimalismo moderno incontra uno stile senza tempo con la fascia Bevel Matte Gold. Caratterizzata da una finitura opaca spazzolata con bordi smussati lucidati, questa fede da 6 mm \u00e8 realizzata per garantire comfort e stile duraturi. Disponibile a scelta in oro giallo o bianco 18 carati, \u00e8 un'opzione sofisticata per chi cerca una fede raffinata ma contemporanea.<\/p>","protected":false},"featured_media":11076,"template":"","meta":{"_acf_changed":false},"product_brand":[],"product_cat":[752,553,525,52,57],"product_tag":[1038,1040,638,542,1037,815,431,1041,1039,819],"class_list":{"0":"post-10652","1":"product","2":"type-product","3":"status-publish","4":"has-post-thumbnail","6":"product_cat-gold-essentials","7":"product_cat-mens-jewelry","8":"product_cat-mens-wedding-bands","9":"product_cat-rings","10":"product_cat-wedding-bands","11":"product_tag-6mm-wedding-band","12":"product_tag-beveled-edge-band","13":"product_tag-fine-jewelry","14":"product_tag-matte-finish-ring","15":"product_tag-mens-gold-wedding-band","16":"product_tag-minimalist-ring","17":"product_tag-modern-wedding-ring","18":"product_tag-unisex-gold-band","19":"product_tag-white-gold-ring","20":"product_tag-yellow-gold-ring","21":"pa_metal-white-gold","22":"pa_metal-yellow-gold","24":"first","25":"instock","26":"taxable","27":"shipping-taxable","28":"purchasable","29":"product-type-variable"},"acf":[],"jetpack_sharing_enabled":true,"_links":{"self":[{"href":"https:\/\/lumierediamonds.eu\/it\/wp-json\/wp\/v2\/product\/10652","targetHints":{"allow":["GET"]}}],"collection":[{"href":"https:\/\/lumierediamonds.eu\/it\/wp-json\/wp\/v2\/product"}],"about":[{"href":"https:\/\/lumierediamonds.eu\/it\/wp-json\/wp\/v2\/types\/product"}],"version-history":[{"count":4,"href":"https:\/\/lumierediamonds.eu\/it\/wp-json\/wp\/v2\/product\/10652\/revisions"}],"predecessor-version":[{"id":13434,"href":"https:\/\/lumierediamonds.eu\/it\/wp-json\/wp\/v2\/product\/10652\/revisions\/13434"}],"wp:featuredmedia":[{"embeddable":true,"href":"https:\/\/lumierediamonds.eu\/it\/wp-json\/wp\/v2\/media\/11076"}],"wp:attachment":[{"href":"https:\/\/lumierediamonds.eu\/it\/wp-json\/wp\/v2\/media?parent=10652"}],"wp:term":[{"taxonomy":"product_brand","embeddable":true,"href":"https:\/\/lumierediamonds.eu\/it\/wp-json\/wp\/v2\/product_brand?post=10652"},{"taxonomy":"product_cat","embeddable":true,"href":"https:\/\/lumierediamonds.eu\/it\/wp-json\/wp\/v2\/product_cat?post=10652"},{"taxonomy":"product_tag","embeddable":true,"href":"https:\/\/lumierediamonds.eu\/it\/wp-json\/wp\/v2\/product_tag?post=10652"}],"curies":[{"name":"wp","href":"https:\/\/api.w.org\/{rel}","templated":true}]}}