{"id":14881,"date":"2026-03-15T13:27:16","date_gmt":"2026-03-15T12:27:16","guid":{"rendered":"https:\/\/lumierediamonds.eu\/?post_type=product&#038;p=14881"},"modified":"2026-04-21T21:35:04","modified_gmt":"2026-04-21T19:35:04","slug":"collana-nala-diamond-butterfly","status":"publish","type":"product","link":"https:\/\/lumierediamonds.eu\/it\/product\/collana-nala-diamond-butterfly\/","title":{"rendered":"Collana Nala Diamond Butterfly"},"content":{"rendered":"<p>Giocosa e femminile, la collana Nala Diamond Butterfly d\u00e0 un tocco di allegria al vostro look quotidiano. Realizzato in oro giallo o bianco 18 carati, il pendente ha la forma di una graziosa farfalla ed \u00e8 impreziosito da 0,15 carati di diamanti coltivati in laboratorio che catturano la luce a ogni movimento. Dolce simbolo di trasformazione e libert\u00e0, \u00e8 un regalo significativo per ogni et\u00e0, che aggiunge un delicato scintillio e uno spirito edificante a qualsiasi collezione di gioielli.<\/p>","protected":false},"excerpt":{"rendered":"<p>Giocosa e femminile, la collana Nala Diamond Butterfly dona un tocco di allegria al tuo look quotidiano.<\/p>","protected":false},"featured_media":14910,"template":"","meta":{"_acf_changed":false},"product_brand":[],"product_cat":[53,759],"product_tag":[1425,297,386,294,1427,613],"class_list":{"0":"post-14881","1":"product","2":"type-product","3":"status-publish","4":"has-post-thumbnail","6":"product_cat-necklaces-pendants","7":"product_cat-pendants","8":"product_tag-butterfly-necklace","9":"product_tag-diamond-necklace","10":"product_tag-lab-grown-diamond-necklace","11":"product_tag-necklace","12":"product_tag-prong-setting","13":"product_tag-round-diamond","14":"pa_metal-white-gold","15":"pa_metal-yellow-gold","17":"first","18":"instock","19":"taxable","20":"shipping-taxable","21":"purchasable","22":"product-type-variable","23":"has-default-attributes"},"acf":[],"jetpack_sharing_enabled":true,"_links":{"self":[{"href":"https:\/\/lumierediamonds.eu\/it\/wp-json\/wp\/v2\/product\/14881","targetHints":{"allow":["GET"]}}],"collection":[{"href":"https:\/\/lumierediamonds.eu\/it\/wp-json\/wp\/v2\/product"}],"about":[{"href":"https:\/\/lumierediamonds.eu\/it\/wp-json\/wp\/v2\/types\/product"}],"version-history":[{"count":5,"href":"https:\/\/lumierediamonds.eu\/it\/wp-json\/wp\/v2\/product\/14881\/revisions"}],"predecessor-version":[{"id":27308,"href":"https:\/\/lumierediamonds.eu\/it\/wp-json\/wp\/v2\/product\/14881\/revisions\/27308"}],"wp:featuredmedia":[{"embeddable":true,"href":"https:\/\/lumierediamonds.eu\/it\/wp-json\/wp\/v2\/media\/14910"}],"wp:attachment":[{"href":"https:\/\/lumierediamonds.eu\/it\/wp-json\/wp\/v2\/media?parent=14881"}],"wp:term":[{"taxonomy":"product_brand","embeddable":true,"href":"https:\/\/lumierediamonds.eu\/it\/wp-json\/wp\/v2\/product_brand?post=14881"},{"taxonomy":"product_cat","embeddable":true,"href":"https:\/\/lumierediamonds.eu\/it\/wp-json\/wp\/v2\/product_cat?post=14881"},{"taxonomy":"product_tag","embeddable":true,"href":"https:\/\/lumierediamonds.eu\/it\/wp-json\/wp\/v2\/product_tag?post=14881"}],"curies":[{"name":"wp","href":"https:\/\/api.w.org\/{rel}","templated":true}]}}