{"id":16235,"date":"2026-03-31T19:34:49","date_gmt":"2026-03-31T17:34:49","guid":{"rendered":"https:\/\/lumierediamonds.eu\/?post_type=product&#038;p=16235"},"modified":"2026-04-21T21:31:59","modified_gmt":"2026-04-21T19:31:59","slug":"ciondolo-con-barra-di-diamanti-cannes","status":"publish","type":"product","link":"https:\/\/lumierediamonds.eu\/it\/product\/ciondolo-con-barra-di-diamanti-cannes\/","title":{"rendered":"Ciondolo con barra di diamanti Cannes"},"content":{"rendered":"<p>Una linea di luce.<br \/>\nIl ciondolo Cannes Diamond Bar presenta una fila verticale di diamanti di laboratorio incastonati a pav\u00e9, per un totale di 0,06 carati, incastonati in un lingotto d'oro lucido 18 carati. Sospeso da una sottile catena e disponibile in oro giallo, bianco o rosa, la sua silhouette pulita conferisce una struttura sottile al d\u00e9collet\u00e9. Ispirato all'eleganza della Costa Azzurra, si abbina naturalmente agli orecchini Cannes Pav\u00e9 Drop Earrings per una parure luminosa che passa con disinvoltura dal giorno alla sera.<\/p>","protected":false},"excerpt":{"rendered":"<p>Una linea di luce. Il ciondolo Cannes Diamond Bar presenta una fila verticale di diamanti di laboratorio incastonati a pav\u00e9, per un totale di 0,06 carati, incastonati in un lingotto d'oro lucido 18 carati. Sospeso da una sottile catena, \u00e8 disponibile in oro giallo, bianco o rosa 18 carati.<\/p>","protected":false},"featured_media":17577,"template":"","meta":{"_acf_changed":false},"product_brand":[],"product_cat":[53,759],"product_tag":[1418,297,1097,294,188,1415,1417],"class_list":{"0":"post-16235","1":"product","2":"type-product","3":"status-publish","4":"has-post-thumbnail","6":"product_cat-necklaces-pendants","7":"product_cat-pendants","8":"product_tag-bar-necklace","9":"product_tag-diamond-necklace","10":"product_tag-lab-grown-diamond-2","11":"product_tag-necklace","12":"product_tag-pave-setting","13":"product_tag-pendant-necklace","14":"product_tag-round-diamonds","15":"pa_metal-rose-gold","16":"pa_metal-white-gold","17":"pa_metal-yellow-gold","19":"first","20":"instock","21":"taxable","22":"shipping-taxable","23":"purchasable","24":"product-type-variable","25":"has-default-attributes"},"acf":[],"jetpack_sharing_enabled":true,"_links":{"self":[{"href":"https:\/\/lumierediamonds.eu\/it\/wp-json\/wp\/v2\/product\/16235","targetHints":{"allow":["GET"]}}],"collection":[{"href":"https:\/\/lumierediamonds.eu\/it\/wp-json\/wp\/v2\/product"}],"about":[{"href":"https:\/\/lumierediamonds.eu\/it\/wp-json\/wp\/v2\/types\/product"}],"version-history":[{"count":2,"href":"https:\/\/lumierediamonds.eu\/it\/wp-json\/wp\/v2\/product\/16235\/revisions"}],"predecessor-version":[{"id":27273,"href":"https:\/\/lumierediamonds.eu\/it\/wp-json\/wp\/v2\/product\/16235\/revisions\/27273"}],"wp:featuredmedia":[{"embeddable":true,"href":"https:\/\/lumierediamonds.eu\/it\/wp-json\/wp\/v2\/media\/17577"}],"wp:attachment":[{"href":"https:\/\/lumierediamonds.eu\/it\/wp-json\/wp\/v2\/media?parent=16235"}],"wp:term":[{"taxonomy":"product_brand","embeddable":true,"href":"https:\/\/lumierediamonds.eu\/it\/wp-json\/wp\/v2\/product_brand?post=16235"},{"taxonomy":"product_cat","embeddable":true,"href":"https:\/\/lumierediamonds.eu\/it\/wp-json\/wp\/v2\/product_cat?post=16235"},{"taxonomy":"product_tag","embeddable":true,"href":"https:\/\/lumierediamonds.eu\/it\/wp-json\/wp\/v2\/product_tag?post=16235"}],"curies":[{"name":"wp","href":"https:\/\/api.w.org\/{rel}","templated":true}]}}