{"id":6621,"date":"2024-12-03T18:49:53","date_gmt":"2024-12-03T17:49:53","guid":{"rendered":"https:\/\/lumierediamonds.eu\/?post_type=product&#038;p=6621"},"modified":"2025-12-10T14:07:48","modified_gmt":"2025-12-10T13:07:48","slug":"bracciale-tennis-celestia-in-oro-con-diamanti","status":"publish","type":"product","link":"https:\/\/lumierediamonds.eu\/it\/product\/bracciale-tennis-celestia-in-oro-con-diamanti\/","title":{"rendered":"Bracciale tennis Celestia in oro e diamanti"},"content":{"rendered":"<p class=\"p1\">Una brillantezza indimenticabile, racchiusa in una forma classica.<b><\/b><\/p>\n<p class=\"p3\">Il<strong> Bracciale tennis con diamanti Celestia<\/strong> splende con 10 carati di diamanti sintetici incastonati a mano, selezionati uno ad uno per garantire la massima brillantezza e simmetria. Incastonate in luminoso oro bianco 18 carati, le pietre formano una fila continua di fuoco e luce che si incurva elegantemente attorno al polso.<\/p>\n<p class=\"p3\">Rifinito con una chiusura a scatola sicura per garantire praticit\u00e0 e comfort, Celestia \u00e8 pensato per brillare nei momenti pi\u00f9 memorabili della vita, dalle serate speciali all'eleganza quotidiana. Intramontabile, radioso e realizzato con cura artigianale, questo bracciale \u00e8 il vero lusso moderno.<\/p>","protected":false},"excerpt":{"rendered":"<p class=\"p1\">Una brillantezza indimenticabile, racchiusa in una forma classica.<b><\/b><\/p>\n<p class=\"p3\">Il<strong> Bracciale tennis con diamanti Celestia<\/strong> splende con 10 carati di diamanti sintetici incastonati a mano, selezionati uno ad uno per garantire la massima brillantezza e simmetria. Incastonate in luminoso oro bianco 18 carati, le pietre formano una fila continua di fuoco e luce che si incurva elegantemente attorno al polso.<\/p>\n<p class=\"p3\">Rifinito con una chiusura a scatola sicura per garantire praticit\u00e0 e comfort, Celestia \u00e8 pensato per brillare nei momenti pi\u00f9 memorabili della vita, dalle serate speciali all'eleganza quotidiana. Intramontabile, radioso e realizzato con cura artigianale, questo bracciale \u00e8 il vero lusso moderno.<\/p>","protected":false},"featured_media":6622,"template":"","meta":{"_acf_changed":false},"product_brand":[],"product_cat":[55,1336],"product_tag":[231,237,245,242,244,243],"class_list":{"0":"post-6621","1":"product","2":"type-product","3":"status-publish","4":"has-post-thumbnail","6":"product_cat-bracelets","7":"product_cat-tennis-bracelets","8":"product_tag-bracelet","9":"product_tag-diamond-bracelet","10":"product_tag-diamond-tennis-bracelet","11":"product_tag-gold-diamond-bracelet","12":"product_tag-gold-tennis-bracelet","13":"product_tag-tennis-bracelet","14":"pa_metal-white-gold","16":"first","17":"instock","18":"taxable","19":"shipping-taxable","20":"purchasable","21":"product-type-simple"},"acf":[],"jetpack_sharing_enabled":true,"_links":{"self":[{"href":"https:\/\/lumierediamonds.eu\/it\/wp-json\/wp\/v2\/product\/6621","targetHints":{"allow":["GET"]}}],"collection":[{"href":"https:\/\/lumierediamonds.eu\/it\/wp-json\/wp\/v2\/product"}],"about":[{"href":"https:\/\/lumierediamonds.eu\/it\/wp-json\/wp\/v2\/types\/product"}],"version-history":[{"count":3,"href":"https:\/\/lumierediamonds.eu\/it\/wp-json\/wp\/v2\/product\/6621\/revisions"}],"predecessor-version":[{"id":10137,"href":"https:\/\/lumierediamonds.eu\/it\/wp-json\/wp\/v2\/product\/6621\/revisions\/10137"}],"wp:featuredmedia":[{"embeddable":true,"href":"https:\/\/lumierediamonds.eu\/it\/wp-json\/wp\/v2\/media\/6622"}],"wp:attachment":[{"href":"https:\/\/lumierediamonds.eu\/it\/wp-json\/wp\/v2\/media?parent=6621"}],"wp:term":[{"taxonomy":"product_brand","embeddable":true,"href":"https:\/\/lumierediamonds.eu\/it\/wp-json\/wp\/v2\/product_brand?post=6621"},{"taxonomy":"product_cat","embeddable":true,"href":"https:\/\/lumierediamonds.eu\/it\/wp-json\/wp\/v2\/product_cat?post=6621"},{"taxonomy":"product_tag","embeddable":true,"href":"https:\/\/lumierediamonds.eu\/it\/wp-json\/wp\/v2\/product_tag?post=6621"}],"curies":[{"name":"wp","href":"https:\/\/api.w.org\/{rel}","templated":true}]}}