{"id":7473,"date":"2025-01-02T22:17:07","date_gmt":"2025-01-02T21:17:07","guid":{"rendered":"https:\/\/lumierediamonds.eu\/?post_type=product&#038;p=7473"},"modified":"2025-12-12T17:37:43","modified_gmt":"2025-12-12T16:37:43","slug":"anello-eternity-radiance","status":"publish","type":"product","link":"https:\/\/lumierediamonds.eu\/it\/product\/anello-eternity-radiance\/","title":{"rendered":"Anello Radiance Eternity"},"content":{"rendered":"<p class=\"p1\">Senza tempo e luminoso, il <span class=\"s1\"><b>Anello Radiance Eternity<\/b><\/span> incarna l'eleganza senza fine. Un cerchio completo di diamanti sintetici \u00e8 incastonato in una raffinata montatura a cupola bassa, creando un bagliore perfetto da ogni angolazione.<\/p>\n<p class=\"p1\">Disponibile in oro giallo, bianco o rosa 18 carati e personalizzabile nelle versioni da 2, 3, 4 o 5 carati, ogni anello \u00e8 meticolosamente realizzato per garantire una brillantezza duratura. Progettato come simbolo di eternit\u00e0, \u00e8 un radioso anello nuziale, un regalo di anniversario o una significativa dichiarazione di amore eterno.<\/p>","protected":false},"excerpt":{"rendered":"<p class=\"p1\">Senza tempo e luminoso, il <span class=\"s1\"><b>Anello Radiance Eternity<\/b><\/span> incarna l'eleganza senza fine. Un cerchio completo di diamanti sintetici \u00e8 incastonato in una raffinata montatura a cupola bassa, creando un bagliore perfetto da ogni angolazione.<\/p>\n<p class=\"p1\">Disponibile in oro giallo, bianco o rosa 18 carati e personalizzabile nelle versioni da 2, 3, 4 o 5 carati, ogni anello \u00e8 meticolosamente realizzato per garantire una brillantezza duratura. Progettato come simbolo di eternit\u00e0, \u00e8 un radioso anello nuziale, un regalo di anniversario o una significativa dichiarazione di amore eterno.<\/p>","protected":false},"featured_media":7480,"template":"","meta":{"_acf_changed":false},"product_brand":[],"product_cat":[251,52,57],"product_tag":[292,293,291,252,289,290,288,275],"class_list":{"0":"post-7473","1":"product","2":"type-product","3":"status-publish","4":"has-post-thumbnail","6":"product_cat-eternity-bands","7":"product_cat-rings","8":"product_cat-wedding-bands","9":"product_tag-diamond-wedding-band","10":"product_tag-diamond-wedding-ring","11":"product_tag-eternity-band","12":"product_tag-eternity-ring","13":"product_tag-full-diamond-eternity-band","14":"product_tag-full-diamond-eternity-ring","15":"product_tag-full-diamond-wedding-band","16":"product_tag-wedding-band","17":"pa_metal-rose-gold","18":"pa_metal-white-gold","19":"pa_metal-yellow-gold","21":"first","22":"instock","23":"taxable","24":"shipping-taxable","25":"purchasable","26":"product-type-variable"},"acf":[],"jetpack_sharing_enabled":true,"_links":{"self":[{"href":"https:\/\/lumierediamonds.eu\/it\/wp-json\/wp\/v2\/product\/7473","targetHints":{"allow":["GET"]}}],"collection":[{"href":"https:\/\/lumierediamonds.eu\/it\/wp-json\/wp\/v2\/product"}],"about":[{"href":"https:\/\/lumierediamonds.eu\/it\/wp-json\/wp\/v2\/types\/product"}],"version-history":[{"count":4,"href":"https:\/\/lumierediamonds.eu\/it\/wp-json\/wp\/v2\/product\/7473\/revisions"}],"predecessor-version":[{"id":14381,"href":"https:\/\/lumierediamonds.eu\/it\/wp-json\/wp\/v2\/product\/7473\/revisions\/14381"}],"wp:featuredmedia":[{"embeddable":true,"href":"https:\/\/lumierediamonds.eu\/it\/wp-json\/wp\/v2\/media\/7480"}],"wp:attachment":[{"href":"https:\/\/lumierediamonds.eu\/it\/wp-json\/wp\/v2\/media?parent=7473"}],"wp:term":[{"taxonomy":"product_brand","embeddable":true,"href":"https:\/\/lumierediamonds.eu\/it\/wp-json\/wp\/v2\/product_brand?post=7473"},{"taxonomy":"product_cat","embeddable":true,"href":"https:\/\/lumierediamonds.eu\/it\/wp-json\/wp\/v2\/product_cat?post=7473"},{"taxonomy":"product_tag","embeddable":true,"href":"https:\/\/lumierediamonds.eu\/it\/wp-json\/wp\/v2\/product_tag?post=7473"}],"curies":[{"name":"wp","href":"https:\/\/api.w.org\/{rel}","templated":true}]}}