{"id":8154,"date":"2025-01-09T12:10:57","date_gmt":"2025-01-09T11:10:57","guid":{"rendered":"https:\/\/lumierediamonds.eu\/?post_type=product&#038;p=8154"},"modified":"2025-08-18T16:27:58","modified_gmt":"2025-08-18T14:27:58","slug":"bordo","status":"publish","type":"product","link":"https:\/\/lumierediamonds.eu\/it\/product\/bordo\/","title":{"rendered":"Bordo"},"content":{"rendered":"<p class=\"p1\">Accattivante e moderno, il <strong>Bordo<\/strong> \u00e8 caratterizzato dal suo audace motivo piramidale, che conferisce texture e dimensione a una silhouette senza tempo. Con il suo design elegante e scultoreo, questo anello cattura magnificamente la luce, offrendo un tocco contemporaneo pur mantenendo una raffinatezza naturale.<\/p>\n<p class=\"p1\">Realizzato in oro giallo, bianco o rosa 18 carati, nonch\u00e9 in platino, l'anello Edge Band \u00e8 cos\u00ec versatile da poter essere indossato da solo come gioiello di tendenza o abbinato ai tuoi anelli preferiti per un look distintivo a strati. Minimalista ma audace, \u00e8 pensato per chi ama lo stile moderno e apprezza i dettagli.<\/p>","protected":false},"excerpt":{"rendered":"<p class=\"p1\">Accattivante e moderno, il <strong>Bordo<\/strong> \u00e8 caratterizzato dal suo audace motivo piramidale, che conferisce texture e dimensione a una silhouette senza tempo. Con il suo design elegante e scultoreo, questo anello cattura magnificamente la luce, offrendo un tocco contemporaneo pur mantenendo una raffinatezza naturale.<\/p>\n<p class=\"p1\">Realizzato in oro giallo, bianco o rosa 18 carati, nonch\u00e9 in platino, l'anello Edge Band \u00e8 cos\u00ec versatile da poter essere indossato da solo come gioiello di tendenza o abbinato ai tuoi anelli preferiti per un look distintivo a strati. Minimalista ma audace, \u00e8 pensato per chi ama lo stile moderno e apprezza i dettagli.<\/p>","protected":false},"featured_media":8162,"template":"","meta":{"_acf_changed":false},"product_brand":[],"product_cat":[23,52,57],"product_tag":[502,495,519,520,501,497,505,503,518,522,521,523,462],"class_list":{"0":"post-8154","1":"product","2":"type-product","3":"status-publish","4":"has-post-thumbnail","6":"product_cat-love-engagement","7":"product_cat-rings","8":"product_cat-wedding-bands","9":"product_tag-18k-gold-band","10":"product_tag-18k-white-gold-band","11":"product_tag-geometric-ring","12":"product_tag-geometric-wedding-band","13":"product_tag-minimalist-wedding-ring","14":"product_tag-modern-wedding-band","15":"product_tag-platinum-wedding-band","16":"product_tag-platinum-wedding-ring","17":"product_tag-pyramid-ring","18":"product_tag-satin-gold-wedding-band","19":"product_tag-satin-wedding-band","20":"product_tag-satin-wedding-ring","21":"product_tag-timeless-wedding-band","22":"pa_metal-rose-gold","23":"pa_metal-white-gold","24":"pa_metal-yellow-gold","25":"pa_metal-platinum","27":"first","28":"instock","29":"taxable","30":"shipping-taxable","31":"purchasable","32":"product-type-variable"},"acf":[],"jetpack_sharing_enabled":true,"_links":{"self":[{"href":"https:\/\/lumierediamonds.eu\/it\/wp-json\/wp\/v2\/product\/8154","targetHints":{"allow":["GET"]}}],"collection":[{"href":"https:\/\/lumierediamonds.eu\/it\/wp-json\/wp\/v2\/product"}],"about":[{"href":"https:\/\/lumierediamonds.eu\/it\/wp-json\/wp\/v2\/types\/product"}],"version-history":[{"count":3,"href":"https:\/\/lumierediamonds.eu\/it\/wp-json\/wp\/v2\/product\/8154\/revisions"}],"predecessor-version":[{"id":10241,"href":"https:\/\/lumierediamonds.eu\/it\/wp-json\/wp\/v2\/product\/8154\/revisions\/10241"}],"wp:featuredmedia":[{"embeddable":true,"href":"https:\/\/lumierediamonds.eu\/it\/wp-json\/wp\/v2\/media\/8162"}],"wp:attachment":[{"href":"https:\/\/lumierediamonds.eu\/it\/wp-json\/wp\/v2\/media?parent=8154"}],"wp:term":[{"taxonomy":"product_brand","embeddable":true,"href":"https:\/\/lumierediamonds.eu\/it\/wp-json\/wp\/v2\/product_brand?post=8154"},{"taxonomy":"product_cat","embeddable":true,"href":"https:\/\/lumierediamonds.eu\/it\/wp-json\/wp\/v2\/product_cat?post=8154"},{"taxonomy":"product_tag","embeddable":true,"href":"https:\/\/lumierediamonds.eu\/it\/wp-json\/wp\/v2\/product_tag?post=8154"}],"curies":[{"name":"wp","href":"https:\/\/api.w.org\/{rel}","templated":true}]}}