{"id":16235,"date":"2026-03-31T19:34:49","date_gmt":"2026-03-31T17:34:49","guid":{"rendered":"https:\/\/lumierediamonds.eu\/?post_type=product&#038;p=16235"},"modified":"2026-04-21T21:31:59","modified_gmt":"2026-04-21T19:31:59","slug":"cannes-diamanten-staaf-hanger","status":"publish","type":"product","link":"https:\/\/lumierediamonds.eu\/nl\/product\/cannes-diamanten-staaf-hanger\/","title":{"rendered":"Cannes diamanten staaf hanger"},"content":{"rendered":"<p>Een lijn van licht.<br \/>\nDe Cannes Diamond Bar Pendant heeft een verticale rij labgegroeide pav\u00e9gezette diamanten van in totaal 0,06 karaat, gezet in een gepolijste 18k gouden staaf. Hangend aan een fijne ketting en verkrijgbaar in geel-, wit- of ros\u00e9goud, brengt het strakke silhouet subtiele structuur aan het decollet\u00e9. Ge\u00efnspireerd door de elegantie van de Franse Rivi\u00e8ra, vormt het een natuurlijke combinatie met de Cannes Pav\u00e9 Drop Earrings voor een stralende set die moeiteloos overgaat van dag naar avond.<\/p>","protected":false},"excerpt":{"rendered":"<p>Een lijn van licht. De Cannes Diamond Bar Pendant heeft een verticale rij labgegroeide pav\u00e9gezette diamanten van in totaal 0,06 karaat, gezet in een gepolijste 18k gouden staaf. Hij hangt aan een fijne ketting en is verkrijgbaar in 18K geel-, wit- of ros\u00e9goud.<\/p>","protected":false},"featured_media":17577,"template":"","meta":{"_acf_changed":false},"product_brand":[],"product_cat":[53,759],"product_tag":[1418,297,1097,294,188,1415,1417],"class_list":{"0":"post-16235","1":"product","2":"type-product","3":"status-publish","4":"has-post-thumbnail","6":"product_cat-necklaces-pendants","7":"product_cat-pendants","8":"product_tag-bar-necklace","9":"product_tag-diamond-necklace","10":"product_tag-lab-grown-diamond-2","11":"product_tag-necklace","12":"product_tag-pave-setting","13":"product_tag-pendant-necklace","14":"product_tag-round-diamonds","15":"pa_metal-rose-gold","16":"pa_metal-white-gold","17":"pa_metal-yellow-gold","19":"first","20":"instock","21":"taxable","22":"shipping-taxable","23":"purchasable","24":"product-type-variable","25":"has-default-attributes"},"acf":[],"jetpack_sharing_enabled":true,"_links":{"self":[{"href":"https:\/\/lumierediamonds.eu\/nl\/wp-json\/wp\/v2\/product\/16235","targetHints":{"allow":["GET"]}}],"collection":[{"href":"https:\/\/lumierediamonds.eu\/nl\/wp-json\/wp\/v2\/product"}],"about":[{"href":"https:\/\/lumierediamonds.eu\/nl\/wp-json\/wp\/v2\/types\/product"}],"version-history":[{"count":2,"href":"https:\/\/lumierediamonds.eu\/nl\/wp-json\/wp\/v2\/product\/16235\/revisions"}],"predecessor-version":[{"id":27273,"href":"https:\/\/lumierediamonds.eu\/nl\/wp-json\/wp\/v2\/product\/16235\/revisions\/27273"}],"wp:featuredmedia":[{"embeddable":true,"href":"https:\/\/lumierediamonds.eu\/nl\/wp-json\/wp\/v2\/media\/17577"}],"wp:attachment":[{"href":"https:\/\/lumierediamonds.eu\/nl\/wp-json\/wp\/v2\/media?parent=16235"}],"wp:term":[{"taxonomy":"product_brand","embeddable":true,"href":"https:\/\/lumierediamonds.eu\/nl\/wp-json\/wp\/v2\/product_brand?post=16235"},{"taxonomy":"product_cat","embeddable":true,"href":"https:\/\/lumierediamonds.eu\/nl\/wp-json\/wp\/v2\/product_cat?post=16235"},{"taxonomy":"product_tag","embeddable":true,"href":"https:\/\/lumierediamonds.eu\/nl\/wp-json\/wp\/v2\/product_tag?post=16235"}],"curies":[{"name":"wp","href":"https:\/\/api.w.org\/{rel}","templated":true}]}}