{"id":8950,"date":"2025-06-17T00:28:39","date_gmt":"2025-06-16T22:28:39","guid":{"rendered":"https:\/\/lumierediamonds.eu\/product\/the-gala-diamond-crossover-ring\/"},"modified":"2025-12-12T17:40:07","modified_gmt":"2025-12-12T16:40:07","slug":"gala-diamanten-kruisring","status":"publish","type":"product","link":"https:\/\/lumierediamonds.eu\/nl\/product\/gala-diamanten-kruisring\/","title":{"rendered":"Gala diamanten crossover ring"},"content":{"rendered":"<p class=\"p1\"><span class=\"s1\">De<b> Gala diamanten crossover ring<\/b><\/span> heeft twee in elkaar verstrengelde banden van pav\u00e9 gezette labgekweekte diamanten - \u00e9\u00e9n met een enkele rij, de andere met een dubbele - voor een gelaagde look die het licht van elke hoek vangt. Gemaakt van gepolijst 18k goud, voegt het gekruiste silhouet diepte en beweging toe, waardoor moderne flair in balans is met tijdloze elegantie.<\/p>\n<p class=\"p1\">Of je Gala nu draagt om je alledaagse look te benadrukken of als opvallend statement, ze brengt gedurfde schittering en sierlijke charme naar je juwelengarderobe.<\/p>","protected":false},"excerpt":{"rendered":"<p class=\"p1\"><span class=\"s1\">De<b> Gala diamanten crossover ring<\/b><\/span> heeft twee in elkaar verstrengelde banden van pav\u00e9 gezette labgekweekte diamanten - \u00e9\u00e9n met een enkele rij, de andere met een dubbele - voor een gelaagde look die het licht van elke hoek vangt. Gemaakt van gepolijst 18k goud, voegt het gekruiste silhouet diepte en beweging toe, waardoor moderne flair in balans is met tijdloze elegantie.<\/p>\n<p class=\"p1\">Of je Gala nu draagt om je alledaagse look te benadrukken of als opvallend statement, ze brengt gedurfde schittering en sierlijke charme naar je juwelengarderobe.<\/p>","protected":false},"featured_media":8965,"template":"","meta":{"_acf_changed":false},"product_brand":[],"product_cat":[58,52],"product_tag":[680,678,682,638,679,535,683,681],"class_list":{"0":"post-8950","1":"product","2":"type-product","3":"status-publish","4":"has-post-thumbnail","6":"product_cat-casual-rings","7":"product_cat-rings","8":"product_tag-18k-gold-ring","9":"product_tag-diamond-crossover-ring","10":"product_tag-elegant-ring-for-women","11":"product_tag-fine-jewelry","12":"product_tag-lab-grown-diamond-ring-2","13":"product_tag-modern-diamond-ring","14":"product_tag-stackable-rings","15":"product_tag-twisted-diamond-band","16":"pa_metal-white-gold","17":"pa_metal-yellow-gold","19":"first","20":"instock","21":"taxable","22":"shipping-taxable","23":"purchasable","24":"product-type-variable"},"acf":[],"jetpack_sharing_enabled":true,"_links":{"self":[{"href":"https:\/\/lumierediamonds.eu\/nl\/wp-json\/wp\/v2\/product\/8950","targetHints":{"allow":["GET"]}}],"collection":[{"href":"https:\/\/lumierediamonds.eu\/nl\/wp-json\/wp\/v2\/product"}],"about":[{"href":"https:\/\/lumierediamonds.eu\/nl\/wp-json\/wp\/v2\/types\/product"}],"version-history":[{"count":6,"href":"https:\/\/lumierediamonds.eu\/nl\/wp-json\/wp\/v2\/product\/8950\/revisions"}],"predecessor-version":[{"id":14382,"href":"https:\/\/lumierediamonds.eu\/nl\/wp-json\/wp\/v2\/product\/8950\/revisions\/14382"}],"wp:featuredmedia":[{"embeddable":true,"href":"https:\/\/lumierediamonds.eu\/nl\/wp-json\/wp\/v2\/media\/8965"}],"wp:attachment":[{"href":"https:\/\/lumierediamonds.eu\/nl\/wp-json\/wp\/v2\/media?parent=8950"}],"wp:term":[{"taxonomy":"product_brand","embeddable":true,"href":"https:\/\/lumierediamonds.eu\/nl\/wp-json\/wp\/v2\/product_brand?post=8950"},{"taxonomy":"product_cat","embeddable":true,"href":"https:\/\/lumierediamonds.eu\/nl\/wp-json\/wp\/v2\/product_cat?post=8950"},{"taxonomy":"product_tag","embeddable":true,"href":"https:\/\/lumierediamonds.eu\/nl\/wp-json\/wp\/v2\/product_tag?post=8950"}],"curies":[{"name":"wp","href":"https:\/\/api.w.org\/{rel}","templated":true}]}}