{"id":9807,"date":"2025-07-20T23:26:01","date_gmt":"2025-07-20T21:26:01","guid":{"rendered":"https:\/\/lumierediamonds.eu\/product\/cleo-interlinked-diamond-earrings\/"},"modified":"2025-11-17T13:53:02","modified_gmt":"2025-11-17T12:53:02","slug":"cleo-onderling-verbonden-diamanten-oorbellen","status":"publish","type":"product","link":"https:\/\/lumierediamonds.eu\/nl\/product\/cleo-onderling-verbonden-diamanten-oorbellen\/","title":{"rendered":"Cleo Interlinked diamanten oorbellen"},"content":{"rendered":"<p data-start=\"234\" data-end=\"572\">Chique en minimalistisch, de<strong data-start=\"234\" data-end=\"324\"> Cleo Oorbellen <\/strong>bieden een subtiele uitspraak waar je elke dag naar terug zult grijpen.<br data-start=\"324\" data-end=\"327\" \/>Elke oorbel is vervaardigd uit 18 karaats geelgoud en bestaat uit twee in elkaar grijpende cirkels: \u00e9\u00e9n gepolijst en \u00e9\u00e9n bezet met in het laboratorium gekweekte diamanten voor precies de juiste hoeveelheid schittering. Ze zijn licht van gewicht en gemakkelijk te dragen en sluiten veilig met klassieke push-back sluitingen.<\/p>\n<p data-start=\"574\" data-end=\"640\">Een tijdloos symbool van verbondenheid, ontworpen voor moeiteloze elegantie.<\/p>","protected":false},"excerpt":{"rendered":"<p data-start=\"234\" data-end=\"572\">Chique en minimalistisch, de<strong data-start=\"234\" data-end=\"324\"> Cleo Oorbellen <\/strong>bieden een subtiele uitspraak waar je elke dag naar terug zult grijpen.<br data-start=\"324\" data-end=\"327\" \/>Elke oorbel is vervaardigd uit 18 karaats geelgoud en bestaat uit twee in elkaar grijpende cirkels: \u00e9\u00e9n gepolijst en \u00e9\u00e9n bezet met in het laboratorium gekweekte diamanten voor precies de juiste hoeveelheid schittering. Ze zijn licht van gewicht en gemakkelijk te dragen en sluiten veilig met klassieke push-back sluitingen.<\/p>\n<p data-start=\"574\" data-end=\"640\">Een tijdloos symbool van verbondenheid, ontworpen voor moeiteloze elegantie.<\/p>","protected":false},"featured_media":9526,"template":"","meta":{"_acf_changed":false},"product_brand":[],"product_cat":[552,54,760],"product_tag":[356,802,806,803,804,801,498,805,770,394],"class_list":{"0":"post-9807","1":"product","2":"type-product","3":"status-publish","4":"has-post-thumbnail","6":"product_cat-diamond-essentials","7":"product_cat-earrings","8":"product_cat-stud-earrings","9":"product_tag-18k-yellow-gold","10":"product_tag-circle-motif-earrings","11":"product_tag-cleo-collection","12":"product_tag-dainty-gold-earrings","13":"product_tag-everyday-sparkle","14":"product_tag-interlinked-diamond-earrings","15":"product_tag-lab-grown-diamond-jewelry","16":"product_tag-luxury-gold-hoops","17":"product_tag-minimalist-earrings","18":"product_tag-pave-diamond-earrings","19":"pa_metal-yellow-gold","21":"first","22":"instock","23":"taxable","24":"shipping-taxable","25":"purchasable","26":"product-type-simple"},"acf":[],"jetpack_sharing_enabled":true,"_links":{"self":[{"href":"https:\/\/lumierediamonds.eu\/nl\/wp-json\/wp\/v2\/product\/9807","targetHints":{"allow":["GET"]}}],"collection":[{"href":"https:\/\/lumierediamonds.eu\/nl\/wp-json\/wp\/v2\/product"}],"about":[{"href":"https:\/\/lumierediamonds.eu\/nl\/wp-json\/wp\/v2\/types\/product"}],"version-history":[{"count":3,"href":"https:\/\/lumierediamonds.eu\/nl\/wp-json\/wp\/v2\/product\/9807\/revisions"}],"predecessor-version":[{"id":9963,"href":"https:\/\/lumierediamonds.eu\/nl\/wp-json\/wp\/v2\/product\/9807\/revisions\/9963"}],"wp:featuredmedia":[{"embeddable":true,"href":"https:\/\/lumierediamonds.eu\/nl\/wp-json\/wp\/v2\/media\/9526"}],"wp:attachment":[{"href":"https:\/\/lumierediamonds.eu\/nl\/wp-json\/wp\/v2\/media?parent=9807"}],"wp:term":[{"taxonomy":"product_brand","embeddable":true,"href":"https:\/\/lumierediamonds.eu\/nl\/wp-json\/wp\/v2\/product_brand?post=9807"},{"taxonomy":"product_cat","embeddable":true,"href":"https:\/\/lumierediamonds.eu\/nl\/wp-json\/wp\/v2\/product_cat?post=9807"},{"taxonomy":"product_tag","embeddable":true,"href":"https:\/\/lumierediamonds.eu\/nl\/wp-json\/wp\/v2\/product_tag?post=9807"}],"curies":[{"name":"wp","href":"https:\/\/api.w.org\/{rel}","templated":true}]}}