{"id":9928,"date":"2025-07-21T16:24:40","date_gmt":"2025-07-21T14:24:40","guid":{"rendered":"https:\/\/lumierediamonds.eu\/?post_type=product&#038;p=9928"},"modified":"2025-08-06T10:53:34","modified_gmt":"2025-08-06T08:53:34","slug":"esme-marquise-geslepen-halve-eternity-diamanten-ring","status":"publish","type":"product","link":"https:\/\/lumierediamonds.eu\/nl\/product\/esme-marquise-geslepen-halve-eternity-diamanten-ring\/","title":{"rendered":"Esm\u00e9 Marquise-geslepen halve eternity diamanten ring"},"content":{"rendered":"<p>Vrouwelijk en stralend, de <strong>Esm\u00e9 Marquise-geslepen halve eternity diamanten ring<\/strong> geeft elke stapel een zachte, sierlijke schittering. Een delicate rij marquise- en ronde lab-grown diamanten (0,33 ct. tw.) loopt over de band in een verfijnde, half-eternity stijl en voegt precies de juiste hoeveelheid schittering toe.<\/p>\n<p>Esm\u00e9 is vervaardigd in 18 karaats geel-, wit- of ros\u00e9goud naar keuze en combineert vintage-ge\u00efnspireerde details met een moderne uitstraling. Draag het als een romantisch statement, een unieke trouwring of een betekenisvolle aanvulling op uw dagelijkse outfits.<\/p>","protected":false},"excerpt":{"rendered":"<p>Vrouwelijk en stralend, de <strong>Esm\u00e9 Marquise-geslepen halve eternity diamanten ring<\/strong> geeft elke stapel een zachte, sierlijke schittering. Een delicate rij marquise- en ronde lab-grown diamanten (0,33 ct. tw.) loopt over de band in een verfijnde, half-eternity stijl en voegt precies de juiste hoeveelheid schittering toe.<\/p>\n<p>Esm\u00e9 is vervaardigd in 18 karaats geel-, wit- of ros\u00e9goud naar keuze en combineert vintage-ge\u00efnspireerde details met een moderne uitstraling. Draag het als een romantisch statement, een unieke trouwring of een betekenisvolle aanvulling op uw dagelijkse outfits.<\/p>","protected":false},"featured_media":9897,"template":"","meta":{"_acf_changed":false},"product_brand":[],"product_cat":[58,552,251,52,763],"product_tag":[680,892,896,897,638,679,893,894,895],"class_list":{"0":"post-9928","1":"product","2":"type-product","3":"status-publish","4":"has-post-thumbnail","6":"product_cat-casual-rings","7":"product_cat-diamond-essentials","8":"product_cat-eternity-bands","9":"product_cat-rings","10":"product_cat-stackable-rings","11":"product_tag-18k-gold-ring","12":"product_tag-cluster-diamond-ring","13":"product_tag-elegant-gold-ring","14":"product_tag-esme-collection","15":"product_tag-fine-jewelry","16":"product_tag-lab-grown-diamond-ring-2","17":"product_tag-marquise-and-round-diamond-ring","18":"product_tag-stackable-ring","19":"product_tag-vintage-inspired-ring","20":"pa_metal-rose-gold","21":"pa_metal-white-gold","22":"pa_metal-yellow-gold","24":"first","25":"instock","26":"taxable","27":"shipping-taxable","28":"purchasable","29":"product-type-variable"},"acf":[],"jetpack_sharing_enabled":true,"_links":{"self":[{"href":"https:\/\/lumierediamonds.eu\/nl\/wp-json\/wp\/v2\/product\/9928","targetHints":{"allow":["GET"]}}],"collection":[{"href":"https:\/\/lumierediamonds.eu\/nl\/wp-json\/wp\/v2\/product"}],"about":[{"href":"https:\/\/lumierediamonds.eu\/nl\/wp-json\/wp\/v2\/types\/product"}],"version-history":[{"count":6,"href":"https:\/\/lumierediamonds.eu\/nl\/wp-json\/wp\/v2\/product\/9928\/revisions"}],"predecessor-version":[{"id":10212,"href":"https:\/\/lumierediamonds.eu\/nl\/wp-json\/wp\/v2\/product\/9928\/revisions\/10212"}],"wp:featuredmedia":[{"embeddable":true,"href":"https:\/\/lumierediamonds.eu\/nl\/wp-json\/wp\/v2\/media\/9897"}],"wp:attachment":[{"href":"https:\/\/lumierediamonds.eu\/nl\/wp-json\/wp\/v2\/media?parent=9928"}],"wp:term":[{"taxonomy":"product_brand","embeddable":true,"href":"https:\/\/lumierediamonds.eu\/nl\/wp-json\/wp\/v2\/product_brand?post=9928"},{"taxonomy":"product_cat","embeddable":true,"href":"https:\/\/lumierediamonds.eu\/nl\/wp-json\/wp\/v2\/product_cat?post=9928"},{"taxonomy":"product_tag","embeddable":true,"href":"https:\/\/lumierediamonds.eu\/nl\/wp-json\/wp\/v2\/product_tag?post=9928"}],"curies":[{"name":"wp","href":"https:\/\/api.w.org\/{rel}","templated":true}]}}