{"id":9940,"date":"2025-07-21T16:24:43","date_gmt":"2025-07-21T14:24:43","guid":{"rendered":"https:\/\/lumierediamonds.eu\/product\/astra-pave-diamond-crossover-ring\/"},"modified":"2025-12-16T20:44:12","modified_gmt":"2025-12-16T19:44:12","slug":"astra-pave-diamanten-kruisring","status":"publish","type":"product","link":"https:\/\/lumierediamonds.eu\/nl\/product\/astra-pave-diamanten-kruisring\/","title":{"rendered":"Astra Pav\u00e9 diamanten crossover ring"},"content":{"rendered":"<p class=\"p1\">De Astra Pav\u00e9 Diamond Crossover Ring is delicaat en stralend en cre\u00ebert de illusie van twee banden die elegant in \u00e9\u00e9n ontwerp zijn gewikkeld. Deze 10,2 mm brede ring is gemaakt van gepolijst 18k witgoud en versierd met 25 ronde briljante lab-gekweekte diamanten. Het is een statement van sierlijke glamour en verfijnde schittering. De Astra ring is gemaakt van LBMA-gecertificeerd 18k goud en is een opvallend stuk dat perfect is voor speciale gelegenheden of om alledaagse looks te accentueren.<\/p>","protected":false},"excerpt":{"rendered":"<p class=\"p1\">De Astra Pav\u00e9 Diamond Crossover Ring is delicaat en stralend en cre\u00ebert de illusie van twee banden die elegant in \u00e9\u00e9n ontwerp zijn gewikkeld. Deze 10,2 mm brede ring is gemaakt van gepolijst 18k witgoud en versierd met 25 ronde briljante labgekweekte diamanten. Het is een statement van sierlijke glamour en verfijnde schittering.<\/p>","protected":false},"featured_media":9872,"template":"","meta":{"_acf_changed":false},"product_brand":[],"product_cat":[552,52,898],"product_tag":[406,678,908,746,364,909,429,906,907],"class_list":{"0":"post-9940","1":"product","2":"type-product","3":"status-publish","4":"has-post-thumbnail","6":"product_cat-diamond-essentials","7":"product_cat-rings","8":"product_cat-statement-rings","9":"product_tag-18k-white-gold-ring","10":"product_tag-diamond-crossover-ring","11":"product_tag-elegant-ring-design","12":"product_tag-fine-diamond-jewelry","13":"product_tag-lab-grown-diamonds","14":"product_tag-luxury-fashion-ring","15":"product_tag-pave-diamond-ring","16":"product_tag-statement-diamond-band","17":"product_tag-twin-band-ring","18":"pa_metal-white-gold","20":"first","21":"instock","22":"taxable","23":"shipping-taxable","24":"purchasable","25":"product-type-simple"},"acf":[],"jetpack_sharing_enabled":true,"_links":{"self":[{"href":"https:\/\/lumierediamonds.eu\/nl\/wp-json\/wp\/v2\/product\/9940","targetHints":{"allow":["GET"]}}],"collection":[{"href":"https:\/\/lumierediamonds.eu\/nl\/wp-json\/wp\/v2\/product"}],"about":[{"href":"https:\/\/lumierediamonds.eu\/nl\/wp-json\/wp\/v2\/types\/product"}],"version-history":[{"count":2,"href":"https:\/\/lumierediamonds.eu\/nl\/wp-json\/wp\/v2\/product\/9940\/revisions"}],"predecessor-version":[{"id":14414,"href":"https:\/\/lumierediamonds.eu\/nl\/wp-json\/wp\/v2\/product\/9940\/revisions\/14414"}],"wp:featuredmedia":[{"embeddable":true,"href":"https:\/\/lumierediamonds.eu\/nl\/wp-json\/wp\/v2\/media\/9872"}],"wp:attachment":[{"href":"https:\/\/lumierediamonds.eu\/nl\/wp-json\/wp\/v2\/media?parent=9940"}],"wp:term":[{"taxonomy":"product_brand","embeddable":true,"href":"https:\/\/lumierediamonds.eu\/nl\/wp-json\/wp\/v2\/product_brand?post=9940"},{"taxonomy":"product_cat","embeddable":true,"href":"https:\/\/lumierediamonds.eu\/nl\/wp-json\/wp\/v2\/product_cat?post=9940"},{"taxonomy":"product_tag","embeddable":true,"href":"https:\/\/lumierediamonds.eu\/nl\/wp-json\/wp\/v2\/product_tag?post=9940"}],"curies":[{"name":"wp","href":"https:\/\/api.w.org\/{rel}","templated":true}]}}