{"id":10002,"date":"2025-07-26T14:24:02","date_gmt":"2025-07-26T12:24:02","guid":{"rendered":"https:\/\/lumierediamonds.eu\/?page_id=10002"},"modified":"2025-12-09T12:53:23","modified_gmt":"2025-12-09T11:53:23","slug":"blog","status":"publish","type":"page","link":"https:\/\/lumierediamonds.eu\/pl\/blog\/","title":{"rendered":"Blog"},"content":{"rendered":"<div data-elementor-type=\"wp-page\" data-elementor-id=\"10002\" class=\"elementor elementor-10002\" data-elementor-post-type=\"page\">\n\t\t\t\t<div class=\"elementor-element elementor-element-66a89ab e-flex e-con-boxed e-con e-parent\" data-id=\"66a89ab\" data-element_type=\"container\" data-settings=\"{&quot;background_background&quot;:&quot;classic&quot;}\">\n\t\t\t\t\t<div class=\"e-con-inner\">\n\t\t\t\t<div class=\"elementor-element elementor-element-0db6a45 elementor-widget elementor-widget-heading\" data-id=\"0db6a45\" data-element_type=\"widget\" data-widget_type=\"heading.default\">\n\t\t\t\t<div class=\"elementor-widget-container\">\n\t\t\t<h1 class=\"elementor-heading-title elementor-size-default\">Czasopismo<\/h1>\t\t<\/div>\n\t\t\t\t<\/div>\n\t\t\t\t<div class=\"elementor-element elementor-element-c6b1879 elementor-widget__width-initial elementor-widget elementor-widget-text-editor\" data-id=\"c6b1879\" data-element_type=\"widget\" data-widget_type=\"text-editor.default\">\n\t\t\t\t<div class=\"elementor-widget-container\">\n\t\t\t\t\t\t\t<blockquote><p>Zapoznaj si\u0119 z naszym wyselekcjonowanym dziennikiem inspiracji, spostrze\u017ce\u0144 i innowacji.<b>.<\/b><\/p><\/blockquote><blockquote><p>Od fachowych porad dotycz\u0105cych diament\u00f3w po ponadczasowe pomys\u0142y na o\u015bwiadczyny \u2014 odkryj, jak Lumi\u00e8re celebruje blask w ka\u017cdym aspekcie.<\/p><\/blockquote>\t\t\t\t\t\t<\/div>\n\t\t\t\t<\/div>\n\t\t\t\t\t<\/div>\n\t\t\t\t<\/div>\n\t\t<div class=\"elementor-element elementor-element-2427bb2 e-flex e-con-boxed e-con e-parent\" data-id=\"2427bb2\" data-element_type=\"container\">\n\t\t\t\t\t<div class=\"e-con-inner\">\n\t\t\t\t<div class=\"elementor-element elementor-element-8976f60 elementor-grid-3 elementor-grid-tablet-2 elementor-grid-mobile-1 elementor-posts--thumbnail-top elementor-widget elementor-widget-posts\" data-id=\"8976f60\" data-element_type=\"widget\" data-settings=\"{&quot;classic_columns&quot;:&quot;3&quot;,&quot;classic_columns_tablet&quot;:&quot;2&quot;,&quot;classic_columns_mobile&quot;:&quot;1&quot;,&quot;classic_row_gap&quot;:{&quot;unit&quot;:&quot;px&quot;,&quot;size&quot;:35,&quot;sizes&quot;:[]},&quot;classic_row_gap_tablet&quot;:{&quot;unit&quot;:&quot;px&quot;,&quot;size&quot;:&quot;&quot;,&quot;sizes&quot;:[]},&quot;classic_row_gap_mobile&quot;:{&quot;unit&quot;:&quot;px&quot;,&quot;size&quot;:&quot;&quot;,&quot;sizes&quot;:[]}}\" data-widget_type=\"posts.classic\">\n\t\t\t\t<div class=\"elementor-widget-container\">\n\t\t\t\t\t<div class=\"elementor-posts-container elementor-posts elementor-posts--skin-classic elementor-grid\">\n\t\t\t\t<article class=\"elementor-post elementor-grid-item post-10069 post type-post status-publish format-standard has-post-thumbnail hentry category-innovation-sustainability tag-conscious-consumerism tag-eco-friendly-engagement-rings tag-ethical-diamond-alternatives tag-ethical-fine-jewelry tag-lab-diamond-innovation tag-lab-grown-diamonds tag-lumiere-diamonds tag-modern-luxury-jewelry tag-sustainable-jewelry-brands tag-sustainable-luxury-jewelry\">\n\t\t\t\t<a class=\"elementor-post__thumbnail__link\" href=\"https:\/\/lumierediamonds.eu\/pl\/blog\/zrownowazony-luksus-jak-diamenty-hodowane-w-laboratorium-zmieniaja-branze-jubilerska\/\" tabindex=\"-1\" >\n\t\t\t<div class=\"elementor-post__thumbnail\"><img fetchpriority=\"high\" decoding=\"async\" width=\"800\" height=\"800\" src=\"https:\/\/lumierediamonds.eu\/wp-content\/uploads\/2025\/07\/Lumiere-Daisy-Eternity-Hoop-Earrings_0300CT_Y_1_1600X1600-1024x1024.jpg\" class=\"attachment-large size-large wp-image-9590\" alt=\"\" srcset=\"https:\/\/lumierediamonds.eu\/wp-content\/uploads\/2025\/07\/Lumiere-Daisy-Eternity-Hoop-Earrings_0300CT_Y_1_1600X1600-1024x1024.jpg 1024w, https:\/\/lumierediamonds.eu\/wp-content\/uploads\/2025\/07\/Lumiere-Daisy-Eternity-Hoop-Earrings_0300CT_Y_1_1600X1600-300x300.jpg 300w, https:\/\/lumierediamonds.eu\/wp-content\/uploads\/2025\/07\/Lumiere-Daisy-Eternity-Hoop-Earrings_0300CT_Y_1_1600X1600-150x150.jpg 150w, https:\/\/lumierediamonds.eu\/wp-content\/uploads\/2025\/07\/Lumiere-Daisy-Eternity-Hoop-Earrings_0300CT_Y_1_1600X1600-768x768.jpg 768w, https:\/\/lumierediamonds.eu\/wp-content\/uploads\/2025\/07\/Lumiere-Daisy-Eternity-Hoop-Earrings_0300CT_Y_1_1600X1600-1536x1536.jpg 1536w, https:\/\/lumierediamonds.eu\/wp-content\/uploads\/2025\/07\/Lumiere-Daisy-Eternity-Hoop-Earrings_0300CT_Y_1_1600X1600-600x600.jpg 600w, https:\/\/lumierediamonds.eu\/wp-content\/uploads\/2025\/07\/Lumiere-Daisy-Eternity-Hoop-Earrings_0300CT_Y_1_1600X1600-100x100.jpg 100w, https:\/\/lumierediamonds.eu\/wp-content\/uploads\/2025\/07\/Lumiere-Daisy-Eternity-Hoop-Earrings_0300CT_Y_1_1600X1600.jpg 1600w\" sizes=\"(max-width: 800px) 100vw, 800px\" \/><\/div>\n\t\t<\/a>\n\t\t\t\t<div class=\"elementor-post__text\">\n\t\t\t\t<h3 class=\"elementor-post__title\">\n\t\t\t<a href=\"https:\/\/lumierediamonds.eu\/pl\/blog\/zrownowazony-luksus-jak-diamenty-hodowane-w-laboratorium-zmieniaja-branze-jubilerska\/\" >\n\t\t\t\tZr\u00f3wnowa\u017cony luksus: jak diamenty hodowane w laboratorium zmieniaj\u0105 bran\u017c\u0119 jubilersk\u0105\t\t\t<\/a>\n\t\t<\/h3>\n\t\t\t\t<div class=\"elementor-post__excerpt\">\n\t\t\t<p>Dowiedz si\u0119, jak diamenty hodowane w laboratorium na nowo definiuj\u0105 luksus poprzez etyk\u0119, innowacyjno\u015b\u0107 i zr\u00f3wnowa\u017cony rozw\u00f3j. Odkryj, dlaczego wsp\u00f3\u0142czesna bi\u017cuteria wysokiej jako\u015bci stawia na czystsz\u0105 przysz\u0142o\u015b\u0107.<\/p>\n\t\t<\/div>\n\t\t\t\t<\/div>\n\t\t\t\t<\/article>\n\t\t\t\t<article class=\"elementor-post elementor-grid-item post-10052 post type-post status-publish format-standard has-post-thumbnail hentry category-education-guides tag-certified-diamonds tag-diamond-certification-guide tag-diamond-grading tag-diamond-quality-assurance tag-ethical-jewelry tag-gia-lab-grown-diamonds tag-gia-vs-igi tag-lab-diamond-report tag-lab-grown-diamond-certificate tag-lumiere-diamonds\">\n\t\t\t\t<a class=\"elementor-post__thumbnail__link\" href=\"https:\/\/lumierediamonds.eu\/pl\/blog\/dlaczego-certyfikowane-przez-gia-diamenty-wyhodowane-w-laboratorium-maja-znaczenie\/\" tabindex=\"-1\" >\n\t\t\t<div class=\"elementor-post__thumbnail\"><img decoding=\"async\" width=\"800\" height=\"800\" src=\"https:\/\/lumierediamonds.eu\/wp-content\/uploads\/2025\/07\/Lumiere-Milan-Emerald-Bezel-Pendant_0050CT_Y_1_1600X1600-1024x1024.jpg\" class=\"attachment-large size-large wp-image-9470\" alt=\"\" srcset=\"https:\/\/lumierediamonds.eu\/wp-content\/uploads\/2025\/07\/Lumiere-Milan-Emerald-Bezel-Pendant_0050CT_Y_1_1600X1600-1024x1024.jpg 1024w, https:\/\/lumierediamonds.eu\/wp-content\/uploads\/2025\/07\/Lumiere-Milan-Emerald-Bezel-Pendant_0050CT_Y_1_1600X1600-300x300.jpg 300w, https:\/\/lumierediamonds.eu\/wp-content\/uploads\/2025\/07\/Lumiere-Milan-Emerald-Bezel-Pendant_0050CT_Y_1_1600X1600-150x150.jpg 150w, https:\/\/lumierediamonds.eu\/wp-content\/uploads\/2025\/07\/Lumiere-Milan-Emerald-Bezel-Pendant_0050CT_Y_1_1600X1600-768x768.jpg 768w, https:\/\/lumierediamonds.eu\/wp-content\/uploads\/2025\/07\/Lumiere-Milan-Emerald-Bezel-Pendant_0050CT_Y_1_1600X1600-1536x1536.jpg 1536w, https:\/\/lumierediamonds.eu\/wp-content\/uploads\/2025\/07\/Lumiere-Milan-Emerald-Bezel-Pendant_0050CT_Y_1_1600X1600-600x600.jpg 600w, https:\/\/lumierediamonds.eu\/wp-content\/uploads\/2025\/07\/Lumiere-Milan-Emerald-Bezel-Pendant_0050CT_Y_1_1600X1600-100x100.jpg 100w, https:\/\/lumierediamonds.eu\/wp-content\/uploads\/2025\/07\/Lumiere-Milan-Emerald-Bezel-Pendant_0050CT_Y_1_1600X1600.jpg 1600w\" sizes=\"(max-width: 800px) 100vw, 800px\" \/><\/div>\n\t\t<\/a>\n\t\t\t\t<div class=\"elementor-post__text\">\n\t\t\t\t<h3 class=\"elementor-post__title\">\n\t\t\t<a href=\"https:\/\/lumierediamonds.eu\/pl\/blog\/dlaczego-certyfikowane-przez-gia-diamenty-wyhodowane-w-laboratorium-maja-znaczenie\/\" >\n\t\t\t\tDlaczego certyfikowane przez GIA diamenty wyhodowane w laboratorium maj\u0105 znaczenie\t\t\t<\/a>\n\t\t<\/h3>\n\t\t\t\t<div class=\"elementor-post__excerpt\">\n\t\t\t<p>Dowiedz si\u0119, dlaczego diamenty hodowane w laboratorium i certyfikowane przez GIA zapewniaj\u0105 niezr\u00f3wnan\u0105 wiarygodno\u015b\u0107, jako\u015b\u0107 i przejrzysto\u015b\u0107. Odkryj, w jaki spos\u00f3b firma Lumi\u00e8re gwarantuje, \u017ce ka\u017cdy diament spe\u0142nia najwy\u017csze \u015bwiatowe standardy.<\/p>\n\t\t<\/div>\n\t\t\t\t<\/div>\n\t\t\t\t<\/article>\n\t\t\t\t<article class=\"elementor-post elementor-grid-item post-10047 post type-post status-publish format-standard has-post-thumbnail hentry category-style-trends tag-east-west-settings tag-engagement-ring-trends-2025 tag-lumiere-diamonds tag-minimalist-engagement-rings tag-modern-ring-styles tag-oval-engagement-rings tag-popular-lab-grown-rings tag-sustainable-engagement-rings tag-toi-et-moi-rings tag-yellow-gold-rings\">\n\t\t\t\t<a class=\"elementor-post__thumbnail__link\" href=\"https:\/\/lumierediamonds.eu\/pl\/blog\/najpopularniejsze-trendy-w-pierscionkach-zareczynowych-w-2025-roku\/\" tabindex=\"-1\" >\n\t\t\t<div class=\"elementor-post__thumbnail\"><img decoding=\"async\" width=\"800\" height=\"800\" src=\"https:\/\/lumierediamonds.eu\/wp-content\/uploads\/2024\/11\/Lumiere-The-Celeste-Emerald-Diamond-Engagement-Ring-in-18kt-White-Gold-1-1024x1024.jpg\" class=\"attachment-large size-large wp-image-5701\" alt=\"\" srcset=\"https:\/\/lumierediamonds.eu\/wp-content\/uploads\/2024\/11\/Lumiere-The-Celeste-Emerald-Diamond-Engagement-Ring-in-18kt-White-Gold-1-1024x1024.jpg 1024w, https:\/\/lumierediamonds.eu\/wp-content\/uploads\/2024\/11\/Lumiere-The-Celeste-Emerald-Diamond-Engagement-Ring-in-18kt-White-Gold-1-300x300.jpg 300w, https:\/\/lumierediamonds.eu\/wp-content\/uploads\/2024\/11\/Lumiere-The-Celeste-Emerald-Diamond-Engagement-Ring-in-18kt-White-Gold-1-150x150.jpg 150w, https:\/\/lumierediamonds.eu\/wp-content\/uploads\/2024\/11\/Lumiere-The-Celeste-Emerald-Diamond-Engagement-Ring-in-18kt-White-Gold-1-768x768.jpg 768w, https:\/\/lumierediamonds.eu\/wp-content\/uploads\/2024\/11\/Lumiere-The-Celeste-Emerald-Diamond-Engagement-Ring-in-18kt-White-Gold-1-1536x1536.jpg 1536w, https:\/\/lumierediamonds.eu\/wp-content\/uploads\/2024\/11\/Lumiere-The-Celeste-Emerald-Diamond-Engagement-Ring-in-18kt-White-Gold-1-600x600.jpg 600w, https:\/\/lumierediamonds.eu\/wp-content\/uploads\/2024\/11\/Lumiere-The-Celeste-Emerald-Diamond-Engagement-Ring-in-18kt-White-Gold-1-100x100.jpg 100w, https:\/\/lumierediamonds.eu\/wp-content\/uploads\/2024\/11\/Lumiere-The-Celeste-Emerald-Diamond-Engagement-Ring-in-18kt-White-Gold-1.jpg 1600w\" sizes=\"(max-width: 800px) 100vw, 800px\" \/><\/div>\n\t\t<\/a>\n\t\t\t\t<div class=\"elementor-post__text\">\n\t\t\t\t<h3 class=\"elementor-post__title\">\n\t\t\t<a href=\"https:\/\/lumierediamonds.eu\/pl\/blog\/najpopularniejsze-trendy-w-pierscionkach-zareczynowych-w-2025-roku\/\" >\n\t\t\t\tNajpopularniejsze trendy w zakresie pier\u015bcionk\u00f3w zar\u0119czynowych w 2025 roku\t\t\t<\/a>\n\t\t<\/h3>\n\t\t\t\t<div class=\"elementor-post__excerpt\">\n\t\t\t<p>Odkryj najbardziej fascynuj\u0105ce trendy w zakresie pier\u015bcionk\u00f3w zar\u0119czynowych w 2025 roku. Poznaj nowoczesne style, zr\u00f3wnowa\u017cony blask i najbardziej poszukiwane wzory diament\u00f3w wyhodowanych w laboratorium w tym roku.<\/p>\n\t\t<\/div>\n\t\t\t\t<\/div>\n\t\t\t\t<\/article>\n\t\t\t\t<article class=\"elementor-post elementor-grid-item post-10004 post type-post status-publish format-standard has-post-thumbnail hentry category-education-guides tag-conflict-free-diamonds tag-diamond-buying-guide tag-diamond-comparison tag-eco-friendly-jewelry tag-ethical-engagement-rings tag-gia-certified-diamonds tag-lab-grown-diamonds tag-lumiere-diamonds tag-natural-diamonds tag-sustainable-diamonds\">\n\t\t\t\t<a class=\"elementor-post__thumbnail__link\" href=\"https:\/\/lumierediamonds.eu\/pl\/blog\/diamenty-hodowane-w-laboratorium-a-diamenty-naturalne-jaka-jest-rzeczywista-roznica\/\" tabindex=\"-1\" >\n\t\t\t<div class=\"elementor-post__thumbnail\"><img loading=\"lazy\" decoding=\"async\" width=\"800\" height=\"800\" src=\"https:\/\/lumierediamonds.eu\/wp-content\/uploads\/2025\/07\/Lumiere-Milan-Emerald-Diamond-Earrings_0200CT_W_1_1600X1600-1024x1024.jpg\" class=\"attachment-large size-large wp-image-9637\" alt=\"\" srcset=\"https:\/\/lumierediamonds.eu\/wp-content\/uploads\/2025\/07\/Lumiere-Milan-Emerald-Diamond-Earrings_0200CT_W_1_1600X1600-1024x1024.jpg 1024w, https:\/\/lumierediamonds.eu\/wp-content\/uploads\/2025\/07\/Lumiere-Milan-Emerald-Diamond-Earrings_0200CT_W_1_1600X1600-300x300.jpg 300w, https:\/\/lumierediamonds.eu\/wp-content\/uploads\/2025\/07\/Lumiere-Milan-Emerald-Diamond-Earrings_0200CT_W_1_1600X1600-150x150.jpg 150w, https:\/\/lumierediamonds.eu\/wp-content\/uploads\/2025\/07\/Lumiere-Milan-Emerald-Diamond-Earrings_0200CT_W_1_1600X1600-768x768.jpg 768w, https:\/\/lumierediamonds.eu\/wp-content\/uploads\/2025\/07\/Lumiere-Milan-Emerald-Diamond-Earrings_0200CT_W_1_1600X1600-1536x1536.jpg 1536w, https:\/\/lumierediamonds.eu\/wp-content\/uploads\/2025\/07\/Lumiere-Milan-Emerald-Diamond-Earrings_0200CT_W_1_1600X1600-600x600.jpg 600w, https:\/\/lumierediamonds.eu\/wp-content\/uploads\/2025\/07\/Lumiere-Milan-Emerald-Diamond-Earrings_0200CT_W_1_1600X1600-100x100.jpg 100w, https:\/\/lumierediamonds.eu\/wp-content\/uploads\/2025\/07\/Lumiere-Milan-Emerald-Diamond-Earrings_0200CT_W_1_1600X1600.jpg 1600w\" sizes=\"(max-width: 800px) 100vw, 800px\" \/><\/div>\n\t\t<\/a>\n\t\t\t\t<div class=\"elementor-post__text\">\n\t\t\t\t<h3 class=\"elementor-post__title\">\n\t\t\t<a href=\"https:\/\/lumierediamonds.eu\/pl\/blog\/diamenty-hodowane-w-laboratorium-a-diamenty-naturalne-jaka-jest-rzeczywista-roznica\/\" >\n\t\t\t\tDiamenty wyhodowane w laboratorium a diamenty naturalne: jaka jest rzeczywista r\u00f3\u017cnica?\t\t\t<\/a>\n\t\t<\/h3>\n\t\t\t\t<div class=\"elementor-post__excerpt\">\n\t\t\t<p>Odkryj kluczowe r\u00f3\u017cnice mi\u0119dzy diamentami wyhodowanymi w laboratorium a diamentami naturalnymi. Dowiedz si\u0119, kt\u00f3re z nich s\u0105 dla Ciebie lepsze \u2014 pod wzgl\u0119dem etycznym, finansowym i naukowym. Tw\u00f3j przewodnik po zr\u00f3wnowa\u017conych, b\u0142yskotliwych wyborach.<\/p>\n\t\t<\/div>\n\t\t\t\t<\/div>\n\t\t\t\t<\/article>\n\t\t\t\t<\/div>\n\t\t\n\t\t\t\t<\/div>\n\t\t\t\t<\/div>\n\t\t\t\t\t<\/div>\n\t\t\t\t<\/div>\n\t\t\t\t<\/div>","protected":false},"excerpt":{"rendered":"<p>Zapraszamy do zapoznania si\u0119 z blogiem Lumi\u00e8re \u2013 zaufanym \u017ar\u00f3d\u0142em inspiracji dotycz\u0105cych bi\u017cuterii z brylantami, porad ekspert\u00f3w oraz najnowszych informacji na temat zr\u00f3wnowa\u017conego luksusu. Od pomys\u0142\u00f3w na o\u015bwiadczyny po porady dotycz\u0105ce stylu i zakulisowe informacje na temat rzemios\u0142a \u2013 odkryj, jak blask jest zawsze wynikiem przemy\u015blanej konstrukcji.<\/p>","protected":false},"author":1,"featured_media":9883,"parent":0,"menu_order":0,"comment_status":"closed","ping_status":"closed","template":"","meta":{"_acf_changed":false,"footnotes":""},"class_list":["post-10002","page","type-page","status-publish","has-post-thumbnail","hentry"],"acf":[],"jetpack_sharing_enabled":true,"_links":{"self":[{"href":"https:\/\/lumierediamonds.eu\/pl\/wp-json\/wp\/v2\/pages\/10002","targetHints":{"allow":["GET"]}}],"collection":[{"href":"https:\/\/lumierediamonds.eu\/pl\/wp-json\/wp\/v2\/pages"}],"about":[{"href":"https:\/\/lumierediamonds.eu\/pl\/wp-json\/wp\/v2\/types\/page"}],"author":[{"embeddable":true,"href":"https:\/\/lumierediamonds.eu\/pl\/wp-json\/wp\/v2\/users\/1"}],"replies":[{"embeddable":true,"href":"https:\/\/lumierediamonds.eu\/pl\/wp-json\/wp\/v2\/comments?post=10002"}],"version-history":[{"count":16,"href":"https:\/\/lumierediamonds.eu\/pl\/wp-json\/wp\/v2\/pages\/10002\/revisions"}],"predecessor-version":[{"id":14293,"href":"https:\/\/lumierediamonds.eu\/pl\/wp-json\/wp\/v2\/pages\/10002\/revisions\/14293"}],"wp:featuredmedia":[{"embeddable":true,"href":"https:\/\/lumierediamonds.eu\/pl\/wp-json\/wp\/v2\/media\/9883"}],"wp:attachment":[{"href":"https:\/\/lumierediamonds.eu\/pl\/wp-json\/wp\/v2\/media?parent=10002"}],"curies":[{"name":"wp","href":"https:\/\/api.w.org\/{rel}","templated":true}]}}