{"id":22,"date":"2024-12-20T12:53:39","date_gmt":"2024-12-20T11:53:39","guid":{"rendered":"http:\/\/lumierediamonds.eu\/?page_id=22"},"modified":"2025-10-13T17:26:07","modified_gmt":"2025-10-13T15:26:07","slug":"polityka-zwrotow","status":"publish","type":"page","link":"https:\/\/lumierediamonds.eu\/pl\/polityka-zwrotow\/","title":{"rendered":"Polityka zwrot\u00f3w"},"content":{"rendered":"<div data-elementor-type=\"wp-page\" data-elementor-id=\"22\" class=\"elementor elementor-22\" data-elementor-post-type=\"page\">\n\t\t\t\t<div class=\"elementor-element elementor-element-35af5fe4 e-flex e-con-boxed e-con e-parent\" data-id=\"35af5fe4\" data-element_type=\"container\">\n\t\t\t\t\t<div class=\"e-con-inner\">\n\t\t\t\t<div class=\"elementor-element elementor-element-32107d45 elementor-widget elementor-widget-text-editor\" data-id=\"32107d45\" data-element_type=\"widget\" data-widget_type=\"text-editor.default\">\n\t\t\t\t<div class=\"elementor-widget-container\">\n\t\t\t\t\t\t\t<h1>Polityka zwrot\u00f3w<\/h1><p>\u00a0<\/p><p><strong>Wprowadzenie<\/strong><\/p><p class=\"p1\">W Lumi\u00e8re chcemy, aby\u015b pokocha\u0142 ka\u017cdy produkt, kt\u00f3ry u nas kupisz. Je\u015bli co\u015b nie jest w porz\u0105dku, nie martw si\u0119 \u2014 jeste\u015bmy tu, aby Ci pom\u00f3c! Niniejsza polityka zawiera wszystkie informacje, kt\u00f3re musisz wiedzie\u0107 o zwrotach, refundacjach lub anulowaniu zam\u00f3wienia. Dok\u0142adamy wszelkich stara\u0144, aby Twoje zakupy przebiega\u0142y jak najsprawniej, przy pe\u0142nym poszanowaniu przepis\u00f3w <b>Dyrektywa UE w sprawie praw konsument\u00f3w<\/b> aby zapewni\u0107 ochron\u0119 Twoich praw.<\/p><p class=\"p1\">\u00a0<\/p><p class=\"p1\"><b>Kwalifikowalno\u015b\u0107 do zwrot\u00f3w<\/b><\/p><p class=\"p1\">\u2022 Produkty musz\u0105 by\u0107 nieu\u017cywane, niezu\u017cyte i zwr\u00f3cone w oryginalnym opakowaniu wraz z ca\u0142\u0105 dokumentacj\u0105 towarzysz\u0105c\u0105 (np. certyfikatami).<\/p><p class=\"p1\">\u2022 <b>etykieta bezpiecze\u0144stwa<\/b> do\u0142\u0105czone do produktu musz\u0105 pozosta\u0107 nienaruszone.<\/p><p class=\"p1\">\u2022 Nale\u017cy nas powiadomi\u0107 w ci\u0105gu <b>14 dni<\/b> otrzymania zam\u00f3wienia w celu zainicjowania zwrotu.<\/p><p>\u00a0<\/p><p class=\"p1\"><b>Wy\u0142\u0105czenia<\/b><\/p><p class=\"p4\">Nast\u0119puj\u0105ce produkty nie podlegaj\u0105 zwrotowi, chyba \u017ce s\u0105 wadliwe:<\/p><p class=\"p2\">\u2022 Produkty wykonane na zam\u00f3wienie, takie jak produkty z grawerunkiem lub wykonane wed\u0142ug indywidualnego projektu.<\/p><p>\u00a0<\/p><p class=\"p1\"><b>Jak zwr\u00f3ci\u0107 produkt<\/b><\/p><p class=\"p1\">Je\u015bli chcesz zwr\u00f3ci\u0107 kwalifikuj\u0105cy si\u0119 produkt, wykonaj nast\u0119puj\u0105ce czynno\u015bci:<\/p><p>\u00a0<\/p><p><b>1. Powiadom nas<\/b>:<\/p><p class=\"p1\">Skontaktuj si\u0119 z nami pod adresem <a href=\"mailto:returns@lumierediamonds.eu\">returns@lumierediamonds.eu<\/a> w ci\u0105gu 14 dni od otrzymania zam\u00f3wienia. Prosimy o do\u0142\u0105czenie:<\/p><p class=\"p3\">\u2022 Numer zam\u00f3wienia.<\/p><p class=\"p3\">\u2022 Produkty, kt\u00f3re chcesz zwr\u00f3ci\u0107.<\/p><p class=\"p3\">\u2022 Pow\u00f3d zwrotu.<\/p><p>\u00a0<\/p><p class=\"p2\"><strong>2.<\/strong> <b>Odes\u0142a\u0107 produkt<\/b>:<\/p><p>Po zatwierdzeniu zwrotu:<\/p><p class=\"p3\">\u2022 Upewnij si\u0119, \u017ce produkt jest dobrze zapakowany, \u017ceby nie uszkodzi\u0142 si\u0119 podczas transportu.<\/p><p class=\"p3\">\u2022 Do\u0142\u0105cz oryginalny paragon lub dow\u00f3d zakupu.<\/p><p class=\"p3\">\u2022 Prosimy o przes\u0142anie produktu na poni\u017cszy adres w ci\u0105gu <b>14 dni<\/b> o powiadomieniu nas o zwrocie.<\/p><p>\u00a0<\/p><p class=\"p1\"><b>Adres zwrotny:<\/b><b><\/b><\/p><p class=\"p2\">Prosimy o skorzystanie z dostarczonej przedp\u0142aconej etykiety zwrotnej, aby odes\u0142a\u0107 zam\u00f3wienie na poni\u017cszy adres:<\/p><p class=\"p1\">Nova Group Sp. z o.o.<b><\/b><\/p><p class=\"p2\">\u017burawia 6\/12 lok. 745<\/p><p class=\"p2\">00-503 Warszawa, Polska<\/p><p class=\"p2\"><em>Uwaga: Jest to nasz oficjalny adres zwrotny dla wszystkich zwrot\u00f3w produkt\u00f3w. Nie przyjmujemy produkt\u00f3w dostarczanych osobi\u015bcie.<\/em><\/p><p>\u00a0<\/p><p class=\"p5\"><b>Koszty wysy\u0142ki zwrotnej<\/b><\/p><p class=\"p1\">Klient ponosi koszty wysy\u0142ki zwrotnej, z wyj\u0105tkiem przypadk\u00f3w, gdy produkt jest wadliwy lub nieprawid\u0142owy.<\/p><p>\u00a0<\/p><p class=\"p5\"><b>Stan zwracanych produkt\u00f3w<\/b><\/p><p class=\"p1\">Zwracane produkty musz\u0105 by\u0107:<\/p><p class=\"p6\">\u2022 Nieu\u017cywane, niezu\u017cyte i wolne od uszkodze\u0144.<\/p><p class=\"p6\">\u2022 Zwr\u00f3cone z oryginalnymi metkami, opakowaniem i wszelkimi towarzysz\u0105cymi certyfikatami lub dokumentacj\u0105.<\/p><p class=\"p1\">Zastrzegamy sobie prawo do odmowy zwrotu koszt\u00f3w, je\u015bli zwracany produkt nie spe\u0142nia tych warunk\u00f3w.<\/p><p>\u00a0<\/p><p class=\"p1\"><b>Polityka zwrot\u00f3w<\/b><\/p><p class=\"p1\">Po otrzymaniu zwracanego produktu zostanie on sprawdzony pod k\u0105tem zgodno\u015bci z naszymi kryteriami zwrotu.<\/p><p>\u00a0<\/p><p class=\"p3\"><b>Przetwarzanie zwrot\u00f3w koszt\u00f3w<\/b><\/p><p class=\"p4\">\u2022 Zwroty koszt\u00f3w zostan\u0105 dokonane w ci\u0105gu <b>14 dni<\/b> od momentu otrzymania zwracanego produktu.<\/p><p class=\"p4\">\u2022 Zwroty koszt\u00f3w b\u0119d\u0105 realizowane przy u\u017cyciu tej samej metody p\u0142atno\u015bci, kt\u00f3ra zosta\u0142a u\u017cyta podczas zakupu.<\/p><p class=\"p4\">\u2022 Koszty wysy\u0142ki (je\u015bli wyst\u0119puj\u0105) nie podlegaj\u0105 zwrotowi, chyba \u017ce zwrot wynika z wadliwo\u015bci produktu.<\/p><p>\u00a0<\/p><p class=\"p3\"><b>Produkty wadliwe lub nieprawid\u0142owe<\/b><\/p><p class=\"p1\">Je\u015bli produkt jest wadliwy lub nieprawid\u0142owy, prosimy o niezw\u0142oczne poinformowanie nas o tym pod adresem <a href=\"mailto:returns@lumierediamonds.eu\">returns@lumierediamonds.eu<\/a>. B\u0119dziesz uprawniony do:<\/p><p class=\"p4\">\u2022 Produkt zast\u0119pczy (w zale\u017cno\u015bci od dost\u0119pno\u015bci) lub<\/p><p class=\"p4\">\u2022 Pe\u0142ny zwrot koszt\u00f3w, w tym koszty wysy\u0142ki zwrotnej.<\/p><p>\u00a0<\/p><p class=\"p1\"><b>Zasady anulowania rezerwacji<\/b><\/p><p class=\"p1\">Masz prawo anulowa\u0107 swoje zam\u00f3wienie zgodnie z <b>Dyrektywa UE w sprawie praw konsument\u00f3w<\/b>.<\/p><p>\u00a0<\/p><p class=\"p3\"><b>Warunki anulowania rezerwacji<\/b><\/p><p class=\"p4\">\u2022 Zam\u00f3wienia mo\u017cna anulowa\u0107 w dowolnym momencie. <b>przed wysy\u0142k\u0105<\/b>.<\/p><p class=\"p4\">\u2022 Je\u015bli zam\u00f3wienie zosta\u0142o ju\u017c wys\u0142ane, nale\u017cy post\u0119powa\u0107 zgodnie z instrukcjami. <b>Polityka zwrot\u00f3w<\/b> zwr\u00f3ci\u0107 produkt.<\/p><p class=\"p1\">Aby anulowa\u0107 zam\u00f3wienie, skontaktuj si\u0119 z nami jak najszybciej pod adresem <a href=\"mailto:contact@lumierediamonds.eu\">contact@lumierediamonds.eu<\/a>, podaj\u0105c numer zam\u00f3wienia i pro\u015bb\u0119 o anulowanie.<\/p><p>\u00a0<\/p><p class=\"p3\"><b>Produkty na zam\u00f3wienie<\/b><\/p><p class=\"p1\">Zam\u00f3wienia na produkty wykonane na zam\u00f3wienie nie mog\u0105 by\u0107 anulowane po rozpocz\u0119ciu produkcji, z wyj\u0105tkiem przypadk\u00f3w wad lub b\u0142\u0119d\u00f3w z naszej strony.<\/p><p>\u00a0<\/p><p class=\"p1\"><b>Produkty bez mo\u017cliwo\u015bci zwrotu<\/b><\/p><p class=\"p1\">Niekt\u00f3re produkty s\u0105 wy\u0142\u0105czone z prawa do zwrotu, w tym:<\/p><p class=\"p2\">\u2022 Produkty z indywidualnymi grawerami.<\/p><p class=\"p2\">\u2022 Projekty wykonywane na zam\u00f3wienie, dostosowane do specyfikacji klienta.<\/p><p class=\"p2\">\u2022 Produkty nieoznakowane jako <b>\u201cWysy\u0142ka w ci\u0105gu 24 godzin\u201d<\/b> na stronie produktu.<\/p><p class=\"p1\">Wy\u0142\u0105czenia te nie maj\u0105 wp\u0142ywu na prawa u\u017cytkownika, je\u015bli produkt jest wadliwy lub nie odpowiada opisowi.<\/p><p>\u00a0<\/p><p class=\"p1\"><b>Zwroty zagubionych lub uszkodzonych produkt\u00f3w<\/b><\/p><p class=\"p1\">Lumi\u00e8re nie ponosi odpowiedzialno\u015bci za przedmioty zagubione lub uszkodzone podczas transportu zwrotnego. Zalecamy skorzystanie z us\u0142ugi wysy\u0142ki z mo\u017cliwo\u015bci\u0105 \u015bledzenia przesy\u0142ki oraz wykupienie ubezpieczenia przesy\u0142ki.<\/p><p>\u00a0<\/p><p class=\"p1\"><b>Gwarancja i r\u0119kojmia<\/b><\/p><p class=\"p1\">Opr\u00f3cz praw wynikaj\u0105cych z niniejszej polityki, wszystkie produkty Lumi\u00e8re s\u0105 obj\u0119te nasz\u0105 <b>2 lata gwarancji<\/b>, kt\u00f3ra chroni Ci\u0119 przed wadami produkcyjnymi. Wi\u0119cej szczeg\u00f3\u0142\u00f3w znajdziesz w naszej <a href=\"\/pl\/warranty-policy\/\">Polityka gwarancyjna<\/a>.<\/p><p>\u00a0<\/p><p class=\"p1\"><b>Dane kontaktowe<\/b><\/p><p class=\"p1\">Je\u015bli masz jakie\u015b pytania lub potrzebujesz pomocy w sprawie zwrot\u00f3w, refundacji lub anulowania zam\u00f3wie\u0144, skontaktuj si\u0119 z nami:<\/p><p class=\"p2\">\u2022 <b>E-mail<\/b>: <a href=\"mailto:contact@lumierediamonds.eu\">contact@lumierediamonds.eu<\/a><\/p><p class=\"p2\">\u2022 <b>Poczta<\/b>: Nova Group Sp. z o.o., \u017burawia 6\/12 lok. 745, 00-503 Warszawa, Polska<\/p>\t\t\t\t\t\t<\/div>\n\t\t\t\t<\/div>\n\t\t\t\t\t<\/div>\n\t\t\t\t<\/div>\n\t\t\t\t<\/div>","protected":false},"excerpt":{"rendered":"<p>Polityka zwrot\u00f3w Wprowadzenie W Lumi\u00e8re chcemy, aby\u015b pokocha\u0142 ka\u017cdy zakupiony u nas produkt. Je\u015bli co\u015b nie jest w porz\u0105dku, nie martw si\u0119 - jeste\u015bmy tutaj, aby pom\u00f3c! Niniejsze zasady okre\u015blaj\u0105 wszystko, co musisz wiedzie\u0107 o zwrocie, refundacji lub anulowaniu zam\u00f3wienia. Dok\u0142adamy wszelkich stara\u0144, aby zakupy by\u0142y jak najbardziej p\u0142ynne, a jednocze\u015bnie w pe\u0142ni [...]<\/p>","protected":false},"author":1,"featured_media":0,"parent":0,"menu_order":0,"comment_status":"closed","ping_status":"closed","template":"","meta":{"_acf_changed":false,"footnotes":""},"class_list":["post-22","page","type-page","status-publish","hentry"],"acf":[],"jetpack_sharing_enabled":true,"_links":{"self":[{"href":"https:\/\/lumierediamonds.eu\/pl\/wp-json\/wp\/v2\/pages\/22","targetHints":{"allow":["GET"]}}],"collection":[{"href":"https:\/\/lumierediamonds.eu\/pl\/wp-json\/wp\/v2\/pages"}],"about":[{"href":"https:\/\/lumierediamonds.eu\/pl\/wp-json\/wp\/v2\/types\/page"}],"author":[{"embeddable":true,"href":"https:\/\/lumierediamonds.eu\/pl\/wp-json\/wp\/v2\/users\/1"}],"replies":[{"embeddable":true,"href":"https:\/\/lumierediamonds.eu\/pl\/wp-json\/wp\/v2\/comments?post=22"}],"version-history":[{"count":10,"href":"https:\/\/lumierediamonds.eu\/pl\/wp-json\/wp\/v2\/pages\/22\/revisions"}],"predecessor-version":[{"id":11421,"href":"https:\/\/lumierediamonds.eu\/pl\/wp-json\/wp\/v2\/pages\/22\/revisions\/11421"}],"wp:attachment":[{"href":"https:\/\/lumierediamonds.eu\/pl\/wp-json\/wp\/v2\/media?parent=22"}],"curies":[{"name":"wp","href":"https:\/\/api.w.org\/{rel}","templated":true}]}}