{"id":2608,"date":"2024-07-18T17:36:29","date_gmt":"2024-07-18T15:36:29","guid":{"rendered":"http:\/\/lumierediamonds.eu\/?page_id=2608"},"modified":"2025-12-11T11:40:18","modified_gmt":"2025-12-11T10:40:18","slug":"o-nas","status":"publish","type":"page","link":"https:\/\/lumierediamonds.eu\/pl\/o-nas\/","title":{"rendered":"O nas"},"content":{"rendered":"<div data-elementor-type=\"wp-page\" data-elementor-id=\"2608\" class=\"elementor elementor-2608\" data-elementor-post-type=\"page\">\n\t\t\t\t<div class=\"elementor-element elementor-element-85409e9 e-flex e-con-boxed e-con e-parent\" data-id=\"85409e9\" data-element_type=\"container\">\n\t\t\t\t\t<div class=\"e-con-inner\">\n\t\t\t\t<div class=\"elementor-element elementor-element-79452f0 elementor-widget elementor-widget-spacer\" data-id=\"79452f0\" data-element_type=\"widget\" data-widget_type=\"spacer.default\">\n\t\t\t\t<div class=\"elementor-widget-container\">\n\t\t\t\t\t<div class=\"elementor-spacer\">\n\t\t\t<div class=\"elementor-spacer-inner\"><\/div>\n\t\t<\/div>\n\t\t\t\t<\/div>\n\t\t\t\t<\/div>\n\t\t\t\t<div class=\"elementor-element elementor-element-d74b8d2 elementor-widget elementor-widget-heading\" data-id=\"d74b8d2\" data-element_type=\"widget\" data-widget_type=\"heading.default\">\n\t\t\t\t<div class=\"elementor-widget-container\">\n\t\t\t<h3 class=\"elementor-heading-title elementor-size-default\">O NAS<\/h3>\t\t<\/div>\n\t\t\t\t<\/div>\n\t\t\t\t<div class=\"elementor-element elementor-element-d35053b elementor-widget elementor-widget-spacer\" data-id=\"d35053b\" data-element_type=\"widget\" data-widget_type=\"spacer.default\">\n\t\t\t\t<div class=\"elementor-widget-container\">\n\t\t\t\t\t<div class=\"elementor-spacer\">\n\t\t\t<div class=\"elementor-spacer-inner\"><\/div>\n\t\t<\/div>\n\t\t\t\t<\/div>\n\t\t\t\t<\/div>\n\t\t\t\t<div class=\"elementor-element elementor-element-4156016 elementor-widget elementor-widget-text-editor\" data-id=\"4156016\" data-element_type=\"widget\" data-widget_type=\"text-editor.default\">\n\t\t\t\t<div class=\"elementor-widget-container\">\n\t\t\t\t\t\t\t<p class=\"p1\"><b>Lumi\u00e8re narodzi\u0142o si\u0119 z pasji do celebrowania \u017cycia we wszystkich jego formach.<\/b><\/p><p class=\"p1\">Niezale\u017cnie od tego, czy jest to kamie\u0144 milowy, o kt\u00f3rym marzy\u0142e\u015b, cicha chwila mi\u0142o\u015bci do siebie, czy po prostu dzie\u0144, w kt\u00f3rym chcesz poczu\u0107 si\u0119 wyj\u0105tkowo, wierzymy, \u017ce bi\u017cuteria mo\u017ce by\u0107 czym\u015b wi\u0119cej ni\u017c tylko czym\u015b, co nosisz. Mo\u017ce by\u0107 kawa\u0142kiem twojej historii, namacalnym przypomnieniem ludzi, miejsc i uczu\u0107, kt\u00f3re chcesz nosi\u0107 ze sob\u0105 na zawsze.<\/p><p class=\"p1\">W \u015bwiecie, kt\u00f3ry porusza si\u0119 szybko, tworzymy bi\u017cuteri\u0119, kt\u00f3ra zach\u0119ca do zwolnienia tempa. Aby zaznaczy\u0107 chwil\u0119. Aby celebrowa\u0107 siebie lub kogo\u015b, kogo kochasz, nie tylko przy specjalnych okazjach, ale tak\u017ce w pi\u0119knie dnia codziennego.<\/p>\t\t\t\t\t\t<\/div>\n\t\t\t\t<\/div>\n\t\t\t\t<div class=\"elementor-element elementor-element-1156173 elementor-widget elementor-widget-text-editor\" data-id=\"1156173\" data-element_type=\"widget\" data-widget_type=\"text-editor.default\">\n\t\t\t\t<div class=\"elementor-widget-container\">\n\t\t\t\t\t\t\t<p class=\"p1\"><em>Paul i Michelle, za\u0142o\u017cyciele Lumi\u00e8re<\/em><\/p>\t\t\t\t\t\t<\/div>\n\t\t\t\t<\/div>\n\t\t\t\t<div class=\"elementor-element elementor-element-e6f073a elementor-widget elementor-widget-spacer\" data-id=\"e6f073a\" data-element_type=\"widget\" data-widget_type=\"spacer.default\">\n\t\t\t\t<div class=\"elementor-widget-container\">\n\t\t\t\t\t<div class=\"elementor-spacer\">\n\t\t\t<div class=\"elementor-spacer-inner\"><\/div>\n\t\t<\/div>\n\t\t\t\t<\/div>\n\t\t\t\t<\/div>\n\t\t\t\t<div class=\"elementor-element elementor-element-0cb63ed elementor-widget elementor-widget-spacer\" data-id=\"0cb63ed\" data-element_type=\"widget\" data-widget_type=\"spacer.default\">\n\t\t\t\t<div class=\"elementor-widget-container\">\n\t\t\t\t\t<div class=\"elementor-spacer\">\n\t\t\t<div class=\"elementor-spacer-inner\"><\/div>\n\t\t<\/div>\n\t\t\t\t<\/div>\n\t\t\t\t<\/div>\n\t\t\t\t\t<\/div>\n\t\t\t\t<\/div>\n\t\t<div class=\"elementor-element elementor-element-668d1f6 e-flex e-con-boxed e-con e-parent\" data-id=\"668d1f6\" data-element_type=\"container\">\n\t\t\t\t\t<div class=\"e-con-inner\">\n\t\t<div class=\"elementor-element elementor-element-bf8dfe9 e-con-full e-flex e-con e-child\" data-id=\"bf8dfe9\" data-element_type=\"container\">\n\t\t\t\t<div class=\"elementor-element elementor-element-0277304 elementor-widget elementor-widget-spacer\" data-id=\"0277304\" data-element_type=\"widget\" data-widget_type=\"spacer.default\">\n\t\t\t\t<div class=\"elementor-widget-container\">\n\t\t\t\t\t<div class=\"elementor-spacer\">\n\t\t\t<div class=\"elementor-spacer-inner\"><\/div>\n\t\t<\/div>\n\t\t\t\t<\/div>\n\t\t\t\t<\/div>\n\t\t\t\t<div class=\"elementor-element elementor-element-c8e66f0 elementor-widget elementor-widget-text-editor\" data-id=\"c8e66f0\" data-element_type=\"widget\" data-widget_type=\"text-editor.default\">\n\t\t\t\t<div class=\"elementor-widget-container\">\n\t\t\t\t\t\t\t<p class=\"p1\"><b>Zrodzony z poszukiwania czego\u015b lepszego.<\/b><\/p><p class=\"p1\">Za\u0142o\u017cy\u0142em Lumi\u00e8re, poniewa\u017c nie mog\u0142em znale\u017a\u0107 tego, czego szuka\u0142em: ponadczasowej, pi\u0119knie zaprojektowanej bi\u017cuterii wykonanej z uczciwo\u015bci\u0105, bez zawy\u017conej ceny tradycyjnych luksusowych marek.<\/p><p class=\"p1\">Chcia\u0142em bogactwa <span class=\"s1\"><b>lite 18-karatowe z\u0142oto<\/b><\/span>, ale nie 14k, co wydawa\u0142o si\u0119 kompromisem. Chcia\u0142em blasku diament\u00f3w, ale w spos\u00f3b, kt\u00f3ry minimalizowa\u0142by negatywny wp\u0142yw na \u015brodowiskoct. I chocia\u017c niekt\u00f3rzy sprzedawcy internetowi oferowali jedno i drugie, przewija\u0142em nieko\u0144cz\u0105ce si\u0119 listy kamieni, co by\u0142o przyt\u0142aczaj\u0105cym do\u015bwiadczeniem bez prawdziwych wskaz\u00f3wek.<\/p><p class=\"p1\">Wi\u0119c zmienili\u015bmy proces.<\/p><p class=\"p1\">W Lumi\u00e8re, nasz <span class=\"s1\"><b>Gemmolodzy r\u0119cznie wybieraj\u0105 diamenty z najlepszych 1% kamieni wyhodowanych w laboratoriach.<\/b><\/span>, starannie \u0142\u0105cz\u0105c ka\u017cdy z nich z wybranym wzorem, aby uzyska\u0107 wyj\u0105tkowy blask, klarowno\u015b\u0107 i ogie\u0144. <span class=\"s1\"><b>B\u0142yszcz\u0105cy, gwarantowany.<\/b><b><\/b><\/span><\/p>\t\t\t\t\t\t<\/div>\n\t\t\t\t<\/div>\n\t\t\t\t<\/div>\n\t\t<div class=\"elementor-element elementor-element-94c3f09 e-con-full e-flex e-con e-child\" data-id=\"94c3f09\" data-element_type=\"container\">\n\t\t\t\t<div class=\"elementor-element elementor-element-0f15419 elementor-widget elementor-widget-image\" data-id=\"0f15419\" data-element_type=\"widget\" data-widget_type=\"image.default\">\n\t\t\t\t<div class=\"elementor-widget-container\">\n\t\t\t\t\t\t\t\t\t\t\t\t\t<img fetchpriority=\"high\" decoding=\"async\" width=\"768\" height=\"1000\" src=\"https:\/\/lumierediamonds.eu\/wp-content\/uploads\/2025\/12\/choosing-the-best-lab-grown-diamond-for-a-ring-2-768x1000.png\" class=\"attachment-medium_large size-medium_large wp-image-14101\" alt=\"\" srcset=\"https:\/\/lumierediamonds.eu\/wp-content\/uploads\/2025\/12\/choosing-the-best-lab-grown-diamond-for-a-ring-2-768x1000.png 768w, https:\/\/lumierediamonds.eu\/wp-content\/uploads\/2025\/12\/choosing-the-best-lab-grown-diamond-for-a-ring-2-230x300.png 230w, https:\/\/lumierediamonds.eu\/wp-content\/uploads\/2025\/12\/choosing-the-best-lab-grown-diamond-for-a-ring-2-786x1024.png 786w, https:\/\/lumierediamonds.eu\/wp-content\/uploads\/2025\/12\/choosing-the-best-lab-grown-diamond-for-a-ring-2-9x12.png 9w, https:\/\/lumierediamonds.eu\/wp-content\/uploads\/2025\/12\/choosing-the-best-lab-grown-diamond-for-a-ring-2-600x781.png 600w, https:\/\/lumierediamonds.eu\/wp-content\/uploads\/2025\/12\/choosing-the-best-lab-grown-diamond-for-a-ring-2.png 887w\" sizes=\"(max-width: 768px) 100vw, 768px\" \/>\t\t\t\t\t\t\t\t\t\t\t\t\t<\/div>\n\t\t\t\t<\/div>\n\t\t\t\t<\/div>\n\t\t\t\t\t<\/div>\n\t\t\t\t<\/div>\n\t\t<div class=\"elementor-element elementor-element-cbd0726 e-flex e-con-boxed e-con e-parent\" data-id=\"cbd0726\" data-element_type=\"container\">\n\t\t\t\t\t<div class=\"e-con-inner\">\n\t\t\t\t<div class=\"elementor-element elementor-element-37570cd elementor-widget elementor-widget-spacer\" data-id=\"37570cd\" data-element_type=\"widget\" data-widget_type=\"spacer.default\">\n\t\t\t\t<div class=\"elementor-widget-container\">\n\t\t\t\t\t<div class=\"elementor-spacer\">\n\t\t\t<div class=\"elementor-spacer-inner\"><\/div>\n\t\t<\/div>\n\t\t\t\t<\/div>\n\t\t\t\t<\/div>\n\t\t\t\t\t<\/div>\n\t\t\t\t<\/div>\n\t\t<div class=\"elementor-element elementor-element-cb260a1 e-flex e-con-boxed e-con e-parent\" data-id=\"cb260a1\" data-element_type=\"container\" data-settings=\"{&quot;background_background&quot;:&quot;classic&quot;}\">\n\t\t\t\t\t<div class=\"e-con-inner\">\n\t\t\t\t<div class=\"elementor-element elementor-element-7465afd elementor-widget elementor-widget-spacer\" data-id=\"7465afd\" data-element_type=\"widget\" data-widget_type=\"spacer.default\">\n\t\t\t\t<div class=\"elementor-widget-container\">\n\t\t\t\t\t<div class=\"elementor-spacer\">\n\t\t\t<div class=\"elementor-spacer-inner\"><\/div>\n\t\t<\/div>\n\t\t\t\t<\/div>\n\t\t\t\t<\/div>\n\t\t\t\t<div class=\"elementor-element elementor-element-ee43045 elementor-widget elementor-widget-heading\" data-id=\"ee43045\" data-element_type=\"widget\" data-widget_type=\"heading.default\">\n\t\t\t\t<div class=\"elementor-widget-container\">\n\t\t\t<h3 class=\"elementor-heading-title elementor-size-default\">Nasza filozofia<\/h3>\t\t<\/div>\n\t\t\t\t<\/div>\n\t\t\t\t<div class=\"elementor-element elementor-element-780a1fe elementor-widget elementor-widget-heading\" data-id=\"780a1fe\" data-element_type=\"widget\" data-widget_type=\"heading.default\">\n\t\t\t\t<div class=\"elementor-widget-container\">\n\t\t\t<h2 class=\"elementor-heading-title elementor-size-default\">Luksus bez kompromis\u00f3w<\/h2>\t\t<\/div>\n\t\t\t\t<\/div>\n\t\t\t\t<div class=\"elementor-element elementor-element-ae673d4 elementor-widget elementor-widget-text-editor\" data-id=\"ae673d4\" data-element_type=\"widget\" data-widget_type=\"text-editor.default\">\n\t\t\t\t<div class=\"elementor-widget-container\">\n\t\t\t\t\t\t\t<p class=\"p1\">Wyznaczamy nowy standard dla szlachetnej bi\u017cuterii - taki, kt\u00f3ry nie wymusza wyboru mi\u0119dzy jako\u015bci\u0105, zr\u00f3wnowa\u017conym rozwojem i cen\u0105. W Lumi\u00e8re wierzymy, \u017ce mo\u017cna mie\u0107 wszystko:<\/p><ul><li><p class=\"p1\"><span class=\"s1\"><b>Wyj\u0105tkowa jako\u015b\u0107<\/b><\/span>: Wykonane przy u\u017cyciu najwy\u017cszej jako\u015bci <span class=\"s1\"><b>diamenty wyhodowane w laboratorium<\/b><\/span> i <span class=\"s1\"><b>lite 18-karatowe z\u0142oto<\/b><\/span>, Nasze produkty s\u0105 przeznaczone do codziennego noszenia i przetrwaj\u0105 ca\u0142e \u017cycie.<\/p><\/li><li><p class=\"p1\"><span class=\"s1\"><b>Zr\u00f3wnowa\u017cona elegancja<\/b><\/span>: Wybieraj\u0105c diamenty hodowane w laboratorium, zmniejszamy wp\u0142yw na \u015brodowisko, zachowuj\u0105c jednocze\u015bnie blask i pi\u0119kno tradycyjnych kamieni.<\/p><\/li><li><p class=\"p1\"><span class=\"s1\"><b>Przemy\u015blane ceny<\/b><\/span>: \u017badnych skandalicznych mar\u017c. \u017badnych kompromis\u00f3w. Tylko uczciwa, luksusowa bi\u017cuteria, z kt\u00f3r\u0105 mo\u017cesz czu\u0107 si\u0119 dobrze - wewn\u0105trz i na zewn\u0105trz.<\/p><\/li><\/ul>\t\t\t\t\t\t<\/div>\n\t\t\t\t<\/div>\n\t\t\t\t<div class=\"elementor-element elementor-element-d801257 elementor-widget elementor-widget-spacer\" data-id=\"d801257\" data-element_type=\"widget\" data-widget_type=\"spacer.default\">\n\t\t\t\t<div class=\"elementor-widget-container\">\n\t\t\t\t\t<div class=\"elementor-spacer\">\n\t\t\t<div class=\"elementor-spacer-inner\"><\/div>\n\t\t<\/div>\n\t\t\t\t<\/div>\n\t\t\t\t<\/div>\n\t\t\t\t\t<\/div>\n\t\t\t\t<\/div>\n\t\t<div class=\"elementor-element elementor-element-c6eaa19 e-flex e-con-boxed e-con e-parent\" data-id=\"c6eaa19\" data-element_type=\"container\">\n\t\t\t\t\t<div class=\"e-con-inner\">\n\t\t\t\t<div class=\"elementor-element elementor-element-200aacf elementor-widget elementor-widget-spacer\" data-id=\"200aacf\" data-element_type=\"widget\" data-widget_type=\"spacer.default\">\n\t\t\t\t<div class=\"elementor-widget-container\">\n\t\t\t\t\t<div class=\"elementor-spacer\">\n\t\t\t<div class=\"elementor-spacer-inner\"><\/div>\n\t\t<\/div>\n\t\t\t\t<\/div>\n\t\t\t\t<\/div>\n\t\t\t\t<div class=\"elementor-element elementor-element-39ef797 elementor-widget elementor-widget-text-editor\" data-id=\"39ef797\" data-element_type=\"widget\" data-widget_type=\"text-editor.default\">\n\t\t\t\t<div class=\"elementor-widget-container\">\n\t\t\t\t\t\t\t<p class=\"p1\"><b>Zaprojektowany z my\u015bl\u0105 o znaczeniu. Made to Last.<\/b><\/p><p class=\"p1\">Ka\u017cdy element Lumi\u00e8re jest starannie zaprojektowany, aby uhonorowa\u0107 Twoj\u0105 histori\u0119 - stworzony, aby zaznaczy\u0107 chwile rado\u015bci, wzrostu, mi\u0142o\u015bci lub cichej autorefleksji. Niezale\u017cnie od tego, czy jest to prezent dla siebie, czy dla kogo\u015b, kogo kochasz, nasza bi\u017cuteria jest stworzona do \u017cycia, piel\u0119gnowania i przekazywania.<\/p><p class=\"p1\">\u00a0<\/p>\t\t\t\t\t\t<\/div>\n\t\t\t\t<\/div>\n\t\t\t\t<div class=\"elementor-element elementor-element-7e9878f elementor-widget elementor-widget-image\" data-id=\"7e9878f\" data-element_type=\"widget\" data-widget_type=\"image.default\">\n\t\t\t\t<div class=\"elementor-widget-container\">\n\t\t\t\t\t\t\t\t\t\t\t\t\t<img decoding=\"async\" src=\"https:\/\/lumierediamonds.eu\/wp-content\/uploads\/elementor\/thumbs\/made-to-order-lab-grown-diamond-engagement-ring-rfpwtmmmgr171wwmzwllhnjdedpchc7lkr9htu3mok.png\" title=\"wykonany na zam\u00f3wienie pier\u015bcionek zar\u0119czynowy z diamentem hodowanym w laboratorium\" alt=\"wykonany na zam\u00f3wienie pier\u015bcionek zar\u0119czynowy z diamentem hodowanym w laboratorium\" loading=\"lazy\" \/>\t\t\t\t\t\t\t\t\t\t\t\t\t<\/div>\n\t\t\t\t<\/div>\n\t\t\t\t<div class=\"elementor-element elementor-element-0a377e6 elementor-widget elementor-widget-text-editor\" data-id=\"0a377e6\" data-element_type=\"widget\" data-widget_type=\"text-editor.default\">\n\t\t\t\t<div class=\"elementor-widget-container\">\n\t\t\t\t\t\t\t<p class=\"p1\">Nasze kreacje to:<\/p><ul><li><p class=\"p1\"><span class=\"s1\"><b>R\u0119cznie robione na zam\u00f3wienie<\/b><\/span> przez wykwalifikowanych rzemie\u015blnik\u00f3w<\/p><\/li><li><p class=\"p1\"><span class=\"s1\"><b>Mo\u017cliwo\u015b\u0107 dostosowania<\/b><\/span> dla tych, kt\u00f3rzy szukaj\u0105 czego\u015b jedynego w swoim rodzaju<\/p><\/li><li><p class=\"p1\"><span class=\"s1\"><b>Trwa\u0142y i gotowy do codziennego u\u017cytku<\/b><\/span>, nawet w najbardziej pracowite dni \u017cycia<\/p><\/li><\/ul><p class=\"p1\">Od blasku naszych diament\u00f3w hodowanych w laboratorium po polerowanie ka\u017cdego wyko\u0144czenia, zapewniamy wszystko, co najlepsze.<\/p>\t\t\t\t\t\t<\/div>\n\t\t\t\t<\/div>\n\t\t\t\t<div class=\"elementor-element elementor-element-a4ac27f elementor-widget elementor-widget-spacer\" data-id=\"a4ac27f\" data-element_type=\"widget\" data-widget_type=\"spacer.default\">\n\t\t\t\t<div class=\"elementor-widget-container\">\n\t\t\t\t\t<div class=\"elementor-spacer\">\n\t\t\t<div class=\"elementor-spacer-inner\"><\/div>\n\t\t<\/div>\n\t\t\t\t<\/div>\n\t\t\t\t<\/div>\n\t\t\t\t<div class=\"elementor-element elementor-element-d202e8d elementor-widget elementor-widget-text-editor\" data-id=\"d202e8d\" data-element_type=\"widget\" data-widget_type=\"text-editor.default\">\n\t\t\t\t<div class=\"elementor-widget-container\">\n\t\t\t\t\t\t\t<p class=\"p1\">Poniewa\u017c w Lumi\u00e8re nie tylko tworzymy bi\u017cuteri\u0119. Tworzymy znacz\u0105ce elementy, kt\u00f3re honoruj\u0105 Twoj\u0105 histori\u0119 z elegancj\u0105, uczciwo\u015bci\u0105 i trosk\u0105.<\/p>\t\t\t\t\t\t<\/div>\n\t\t\t\t<\/div>\n\t\t\t\t\t<\/div>\n\t\t\t\t<\/div>\n\t\t<div class=\"elementor-element elementor-element-1bd2667 e-flex e-con-boxed e-con e-parent\" data-id=\"1bd2667\" data-element_type=\"container\">\n\t\t\t\t\t<div class=\"e-con-inner\">\n\t\t\t\t<div class=\"elementor-element elementor-element-c63b328 elementor-align-center elementor-widget elementor-widget-button\" data-id=\"c63b328\" data-element_type=\"widget\" data-widget_type=\"button.default\">\n\t\t\t\t<div class=\"elementor-widget-container\">\n\t\t\t\t\t\t\t<div class=\"elementor-button-wrapper\">\n\t\t\t\t\t<a class=\"elementor-button elementor-button-link elementor-size-sm\" href=\"#\">\n\t\t\t\t\t\t<span class=\"elementor-button-content-wrapper\">\n\t\t\t\t\t\t\t\t\t<span class=\"elementor-button-text\">Poznaj nasz\u0105 kolekcj\u0119<\/span>\n\t\t\t\t\t<\/span>\n\t\t\t\t\t<\/a>\n\t\t\t\t<\/div>\n\t\t\t\t\t\t<\/div>\n\t\t\t\t<\/div>\n\t\t\t\t\t<\/div>\n\t\t\t\t<\/div>\n\t\t\t\t<\/div>","protected":false},"excerpt":{"rendered":"<p>O NAS Lumi\u00e8re narodzi\u0142o si\u0119 z pasji do celebrowania \u017cycia we wszystkich jego formach. Niezale\u017cnie od tego, czy jest to kamie\u0144 milowy, o kt\u00f3rym marzy\u0142e\u015b, cicha chwila mi\u0142o\u015bci do siebie, czy po prostu dzie\u0144, w kt\u00f3rym chcesz poczu\u0107 si\u0119 wyj\u0105tkowo, wierzymy, \u017ce bi\u017cuteria mo\u017ce by\u0107 czym\u015b wi\u0119cej ni\u017c tylko czym\u015b, co nosisz. Mo\u017ce by\u0107 cz\u0119\u015bci\u0105 [...]<\/p>","protected":false},"author":1,"featured_media":0,"parent":0,"menu_order":0,"comment_status":"closed","ping_status":"closed","template":"","meta":{"_acf_changed":false,"footnotes":""},"class_list":["post-2608","page","type-page","status-publish","hentry"],"acf":[],"jetpack_sharing_enabled":true,"_links":{"self":[{"href":"https:\/\/lumierediamonds.eu\/pl\/wp-json\/wp\/v2\/pages\/2608","targetHints":{"allow":["GET"]}}],"collection":[{"href":"https:\/\/lumierediamonds.eu\/pl\/wp-json\/wp\/v2\/pages"}],"about":[{"href":"https:\/\/lumierediamonds.eu\/pl\/wp-json\/wp\/v2\/types\/page"}],"author":[{"embeddable":true,"href":"https:\/\/lumierediamonds.eu\/pl\/wp-json\/wp\/v2\/users\/1"}],"replies":[{"embeddable":true,"href":"https:\/\/lumierediamonds.eu\/pl\/wp-json\/wp\/v2\/comments?post=2608"}],"version-history":[{"count":25,"href":"https:\/\/lumierediamonds.eu\/pl\/wp-json\/wp\/v2\/pages\/2608\/revisions"}],"predecessor-version":[{"id":14359,"href":"https:\/\/lumierediamonds.eu\/pl\/wp-json\/wp\/v2\/pages\/2608\/revisions\/14359"}],"wp:attachment":[{"href":"https:\/\/lumierediamonds.eu\/pl\/wp-json\/wp\/v2\/media?parent=2608"}],"curies":[{"name":"wp","href":"https:\/\/api.w.org\/{rel}","templated":true}]}}