{"id":2720,"date":"2024-08-06T16:43:42","date_gmt":"2024-08-06T14:43:42","guid":{"rendered":"https:\/\/lumierediamonds.eu\/?page_id=2720"},"modified":"2024-12-16T13:42:16","modified_gmt":"2024-12-16T12:42:16","slug":"polityka-dotyczaca-plikow-cookie","status":"publish","type":"page","link":"https:\/\/lumierediamonds.eu\/pl\/polityka-dotyczaca-plikow-cookie\/","title":{"rendered":"Polityka plik\u00f3w cookie"},"content":{"rendered":"<div data-elementor-type=\"wp-page\" data-elementor-id=\"2720\" class=\"elementor elementor-2720\" data-elementor-post-type=\"page\">\n\t\t\t\t<div class=\"elementor-element elementor-element-784c4ded e-flex e-con-boxed e-con e-parent\" data-id=\"784c4ded\" data-element_type=\"container\">\n\t\t\t\t\t<div class=\"e-con-inner\">\n\t\t\t\t<div class=\"elementor-element elementor-element-7d98f43 elementor-widget elementor-widget-text-editor\" data-id=\"7d98f43\" data-element_type=\"widget\" data-widget_type=\"text-editor.default\">\n\t\t\t\t<div class=\"elementor-widget-container\">\n\t\t\t\t\t\t\t<h1>Polityka dotycz\u0105ca plik\u00f3w cookie<\/h1><p>\u00a0<\/p><p><strong>Wprowadzenie<\/strong><\/p><p class=\"p1\">W serwisie Lumi\u00e8re, obs\u0142ugiwanym przez Nova Group Sp. z o.o., u\u017cywamy plik\u00f3w cookie i podobnych technologii, aby poprawi\u0107 komfort korzystania z naszej strony internetowej. Niniejsza Polityka plik\u00f3w cookie wyja\u015bnia, czym s\u0105 pliki cookie, w jaki spos\u00f3b je wykorzystujemy oraz jakie prawa przys\u0142uguj\u0105 u\u017cytkownikom w zwi\u0105zku z ich stosowaniem. Kontynuuj\u0105c przegl\u0105danie naszej strony internetowej, u\u017cytkownik wyra\u017ca zgod\u0119 na stosowanie plik\u00f3w cookie zgodnie z niniejsz\u0105 polityk\u0105, chyba \u017ce wy\u0142\u0105czy je w ustawieniach przegl\u0105darki lub za pomoc\u0105 naszego narz\u0119dzia do zarz\u0105dzania plikami cookie.<\/p><p>\u00a0<\/p><p><strong>Czym s\u0105 pliki cookie?<\/strong><\/p><p class=\"p1\">Pliki cookie to ma\u0142e pliki tekstowe przechowywane na urz\u0105dzeniu u\u017cytkownika (komputerze, tablecie lub telefonie kom\u00f3rkowym) podczas odwiedzania strony internetowej. Pomagaj\u0105 one stronom internetowym rozpozna\u0107 urz\u0105dzenie u\u017cytkownika i zapami\u0119ta\u0107 pewne informacje, takie jak preferencje lub poprzednie dzia\u0142ania. Pliki cookie mo\u017cna klasyfikowa\u0107 na podstawie ich pochodzenia, czasu trwania i funkcji:<\/p><p class=\"p2\">1. <b>Pliki cookie pierwszej kategorii<\/b>: Ustawiane przez odwiedzan\u0105 stron\u0119 internetow\u0105.<\/p><p class=\"p2\">2. <b>Pliki cookie stron trzecich<\/b>: Ustawiane przez zewn\u0119trzne us\u0142ugi lub strony internetowe.<\/p><p class=\"p2\">3. <b>Pliki cookie sesji<\/b>: Tymczasowe pliki cookie, kt\u00f3re wygasaj\u0105 po zamkni\u0119ciu przegl\u0105darki.<\/p><p class=\"p2\">4. <b>Trwa\u0142e pliki cookie<\/b>: Pozostaj\u0105 na urz\u0105dzeniu przez okre\u015blony czas lub do momentu usuni\u0119cia.<\/p><p class=\"p2\">5. <b>Niezb\u0119dne pliki cookie<\/b>: Niezb\u0119dne do prawid\u0142owego funkcjonowania strony internetowej.<\/p><p class=\"p2\">6. <b>Nieistotne pliki cookie<\/b>: Wykorzystywane do cel\u00f3w analitycznych, reklamowych i personalizacji.<\/p><p>\u00a0<\/p><p><strong>Rodzaje plik\u00f3w cookie, kt\u00f3rych u\u017cywamy<\/strong><\/p><p>Korzystamy z nast\u0119puj\u0105cych rodzaj\u00f3w plik\u00f3w cookie:<\/p><ul><li><p><strong>Niezb\u0119dne pliki cookie<\/strong>: Te pliki cookie s\u0105 niezb\u0119dne do prawid\u0142owego funkcjonowania strony internetowej. Umo\u017cliwiaj\u0105 one korzystanie z podstawowych funkcji, takich jak nawigacja po stronie i dost\u0119p do bezpiecznych obszar\u00f3w strony internetowej. Bez tych plik\u00f3w cookie strona internetowa nie mo\u017ce prawid\u0142owo funkcjonowa\u0107.<\/p><\/li><li><p><strong>Pliki cookie zwi\u0105zane z wydajno\u015bci\u0105<\/strong>: Te pliki cookie gromadz\u0105 informacje o tym, w jaki spos\u00f3b korzystasz z naszej strony internetowej, np. kt\u00f3re strony odwiedzasz najcz\u0119\u015bciej i czy otrzymujesz komunikaty o b\u0142\u0119dach ze stron internetowych. Pliki te nie gromadz\u0105 informacji umo\u017cliwiaj\u0105cych identyfikacj\u0119 u\u017cytkownika. Wszystkie informacje gromadzone przez te pliki cookie s\u0105 agregowane, a zatem anonimowe. S\u0105 one wykorzystywane wy\u0142\u0105cznie w celu poprawy funkcjonowania naszej strony internetowej.<\/p><\/li><li><p><strong>Funkcjonalne pliki cookie<\/strong>Te pliki cookie pozwalaj\u0105 naszej stronie zapami\u0119ta\u0107 wybory, kt\u00f3rych dokonujesz (takie jak nazwa u\u017cytkownika, j\u0119zyk lub region, w kt\u00f3rym si\u0119 znajdujesz) i zapewniaj\u0105 ulepszone, bardziej spersonalizowane funkcje. Pliki te mog\u0105 by\u0107 r\u00f3wnie\u017c wykorzystywane do zapami\u0119tywania zmian, kt\u00f3re wprowadzi\u0142e\u015b w rozmiarze tekstu, czcionkach i innych elementach stron internetowych, kt\u00f3re mo\u017cna dostosowa\u0107. Mog\u0105 by\u0107 r\u00f3wnie\u017c wykorzystywane do \u015bwiadczenia us\u0142ug, o kt\u00f3re prosi\u0142e\u015b, takich jak ogl\u0105danie film\u00f3w lub komentowanie na blogu. Informacje gromadzone przez te pliki cookie mog\u0105 by\u0107 anonimowe i nie pozwalaj\u0105 na \u015bledzenie aktywno\u015bci u\u017cytkownika na innych stronach internetowych.<\/p><\/li><li><strong>Pliki cookie zwi\u0105zane z targetowaniem\/reklamami:<\/strong> Te pliki cookie \u015bledz\u0105 Twoj\u0105 aktywno\u015b\u0107 w r\u00f3\u017cnych witrynach internetowych w celu stworzenia profilu Twoich zainteresowa\u0144. Informacje te s\u0105 wykorzystywane do wy\u015bwietlania spersonalizowanych reklam, kt\u00f3re s\u0105 bardziej dopasowane do Twoich potrzeb. Pomagaj\u0105 one r\u00f3wnie\u017c nam i naszym partnerom reklamowym mierzy\u0107 skuteczno\u015b\u0107 naszych kampanii reklamowych. Mo\u017cesz zarz\u0105dza\u0107 tymi plikami cookie lub zrezygnowa\u0107 z ich u\u017cywania poprzez ustawienia przegl\u0105darki lub nasze narz\u0119dzie do wyra\u017cania zgody na pliki cookie.<\/li><\/ul><p>\u00a0<\/p><p class=\"p1\"><b>Pliki cookie stron trzecich<\/b><\/p><p class=\"p1\">Korzystamy z us\u0142ug zaufanych podmiot\u00f3w zewn\u0119trznych, kt\u00f3re mog\u0105 umieszcza\u0107 pliki cookie na Twoim urz\u0105dzeniu podczas interakcji z nasz\u0105 stron\u0105 internetow\u0105. Nale\u017c\u0105 do nich:<\/p><p class=\"p2\">\u2022 <b>Google Analytics<\/b>: \u015aledzi wykorzystanie strony internetowej i generuje raporty.<\/p><p class=\"p2\">\u2022 <b>Piksel Facebooka<\/b>: Pomaga w tworzeniu reklam ukierunkowanych.<\/p><p class=\"p2\">\u2022 <b>Dostawcy us\u0142ug p\u0142atniczych<\/b>: Zapewnia bezpiecze\u0144stwo transakcji podczas realizacji p\u0142atno\u015bci.<\/p><p class=\"p1\">Aby uzyska\u0107 informacje na temat sposobu wykorzystywania danych przez te strony trzecie, nale\u017cy zapozna\u0107 si\u0119 z ich polityk\u0105 prywatno\u015bci.<\/p><p>\u00a0<\/p><p class=\"p1\"><b>Zarz\u0105dzanie preferencjami dotycz\u0105cymi plik\u00f3w cookie<\/b><\/p><p class=\"p1\">Masz prawo kontrolowa\u0107 i zarz\u0105dza\u0107 wykorzystaniem plik\u00f3w cookie na naszej stronie internetowej. Oto jak to zrobi\u0107:<\/p><p class=\"p3\"><b>1. Baner zgody na pliki cookie<\/b><\/p><p class=\"p1\">Podczas pierwszej wizyty na naszej stronie internetowej wy\u015bwietli si\u0119 baner zgody na pliki cookie, kt\u00f3ry umo\u017cliwia:<\/p><p class=\"p4\">\u2022 Akceptuj wszystkie pliki cookie.<\/p><p class=\"p4\">\u2022 Odrzu\u0107 nieistotne pliki cookie.<\/p><p class=\"p4\">\u2022 Dostosuj preferencje dotycz\u0105ce plik\u00f3w cookie wed\u0142ug kategorii.<\/p><p class=\"p1\">W ka\u017cdej chwili mo\u017cesz zmieni\u0107 swoje preferencje, przechodz\u0105c do <b>Ustawienia plik\u00f3w cookie<\/b> link w stopce naszej strony internetowej.<\/p><p class=\"p3\"><b>2. Ustawienia przegl\u0105darki<\/b><\/p><p class=\"p1\">Mo\u017cesz wy\u0142\u0105czy\u0107 lub usun\u0105\u0107 pliki cookie w ustawieniach przegl\u0105darki. Poni\u017cej znajduj\u0105 si\u0119 linki do instrukcji dla popularnych przegl\u0105darek:<\/p><p class=\"p4\">\u2022 <a href=\"https:\/\/support.google.com\/chrome\/answer\/95647\" target=\"_blank\" rel=\"noopener\">Google Chrome<\/a><\/p><p class=\"p4\">\u2022 <a href=\"https:\/\/support.mozilla.org\/en-US\/kb\/clear-cookies-and-site-data-firefox\" target=\"_blank\" rel=\"noopener\">Mozilla Firefox<\/a><\/p><p class=\"p4\">\u2022 <a href=\"https:\/\/support.apple.com\/en-us\/guide\/safari\/sfri11471\/mac\" target=\"_blank\" rel=\"noopener\">Safari<\/a><\/p><p class=\"p4\">\u2022 <a href=\"https:\/\/support.microsoft.com\/en-us\/microsoft-edge\/delete-cookies-in-microsoft-edge-63947406-40ac-c3b8-57b9-2a946a29ae09\" target=\"_blank\" rel=\"noopener\">Microsoft Edge<\/a><\/p><p class=\"p3\"><b>3. Narz\u0119dzia rezygnacji<\/b><\/p><p class=\"p1\">Niekt\u00f3re us\u0142ugi stron trzecich oferuj\u0105 narz\u0119dzia rezygnacji, kt\u00f3re zapobiegaj\u0105 gromadzeniu danych za pomoc\u0105 plik\u00f3w cookie:<\/p><p class=\"p4\">\u2022 <a href=\"https:\/\/tools.google.com\/dlpage\/gaoptout\" target=\"_blank\" rel=\"noopener\">Rezygnacja z Google Analytics<\/a><\/p><p class=\"p4\">\u2022 <a href=\"https:\/\/www.facebook.com\/ads\/preferences\" target=\"_blank\" rel=\"noopener\">Preferencje reklamowe na Facebooku<\/a><\/p><p>\u00a0<\/p><p class=\"p1\"><b>Twoje prawa<\/b><\/p><p class=\"p1\">Zgodnie z RODO masz prawo do:<\/p><p class=\"p2\">\u2022 <b>B\u0105d\u017a na bie\u017c\u0105co<\/b> o plikach cookie, kt\u00f3rych u\u017cywamy.<\/p><p class=\"p2\">\u2022 <b>Wycofa\u0107 zgod\u0119<\/b> do nieistotnych plik\u00f3w cookie w dowolnym momencie.<\/p><p class=\"p2\">\u2022 <b>Uzyskaj dost\u0119p do swoich danych<\/b> gromadzone za pomoc\u0105 plik\u00f3w cookie i za\u017c\u0105da\u0107 ich usuni\u0119cia lub przeniesienia.<\/p><p class=\"p1\">Aby skorzysta\u0107 z tych praw, prosimy o kontakt pod adresem <a href=\"mailto:contact@lumierediamonds.eu\">contact@lumierediamonds.eu<\/a>.<\/p><p>\u00a0<\/p><p class=\"p1\"><b>Dane gromadzone za pomoc\u0105 plik\u00f3w cookie<\/b><\/p><p class=\"p1\">Dane gromadzone za pomoc\u0105 plik\u00f3w cookie mog\u0105 obejmowa\u0107:<\/p><p class=\"p2\">\u2022 Tw\u00f3j adres IP.<\/p><p class=\"p2\">\u2022 Typ i wersja przegl\u0105darki.<\/p><p class=\"p2\">\u2022 Typ urz\u0105dzenia (np. urz\u0105dzenie mobilne lub stacjonarne).<\/p><p class=\"p2\">\u2022 Odwiedzone strony i czas sp\u0119dzony na stronie.<\/p><p class=\"p2\">\u2022 \u0179r\u00f3d\u0142a polece\u0144 (np. kt\u00f3ra strona doprowadzi\u0142a Ci\u0119 do naszej).<\/p><p class=\"p1\">Dane te s\u0105 wykorzystywane do cel\u00f3w analitycznych, poprawy komfortu u\u017cytkowania oraz marketingowych.<\/p><p>\u00a0<\/p><p class=\"p1\"><b>Przechowywanie plik\u00f3w cookie<\/b><\/p><p class=\"p1\">Czas przechowywania plik\u00f3w cookie na Twoim urz\u0105dzeniu zale\u017cy od ich rodzaju:<\/p><p class=\"p2\">\u2022 <b>Pliki cookie sesji<\/b>: Wygasaj\u0105 po zamkni\u0119ciu przegl\u0105darki.<\/p><p class=\"p2\">\u2022 <b>Trwa\u0142e pliki cookie<\/b>: Pozostaj\u0105 na urz\u0105dzeniu przez maksymalnie 12 miesi\u0119cy, chyba \u017ce zostan\u0105 r\u0119cznie usuni\u0119te.<\/p><p class=\"p1\">Szczeg\u00f3\u0142owe okresy przechowywania plik\u00f3w cookie s\u0105 okre\u015blone w naszej <b>Ustawienia plik\u00f3w cookie<\/b> sekcja.<\/p><p>\u00a0<\/p><p class=\"p1\"><b>Aktualizacje niniejszej polityki<\/b><\/p><p class=\"p1\">Mo\u017cemy okresowo aktualizowa\u0107 niniejsz\u0105 Polityk\u0119 plik\u00f3w cookie, aby odzwierciedli\u0107 zmiany w wymogach prawnych lub naszych praktykach dotycz\u0105cych plik\u00f3w cookie. Wszelkie istotne aktualizacje b\u0119d\u0105 og\u0142aszane na naszej stronie internetowej.<\/p><p>\u00a0<\/p><p class=\"p1\"><b>Skontaktuj si\u0119 z nami<\/b><\/p><p class=\"p1\">Je\u015bli masz pytania dotycz\u0105ce niniejszej Polityki plik\u00f3w cookie lub chcesz zarz\u0105dza\u0107 swoimi danymi, skontaktuj si\u0119 z nami pod adresem:<\/p><p class=\"p1\">E-mail: <a href=\"mailto:contact@lumierediamonds.eu\">contact@lumierediamonds.eu<\/a><\/p><p class=\"p1\">Adres pocztowy: Nova Group Sp. z o.o., \u017burawia 6\/12 lok. 745, 00-503 Warszawa, Polska<\/p>\t\t\t\t\t\t<\/div>\n\t\t\t\t<\/div>\n\t\t\t\t\t<\/div>\n\t\t\t\t<\/div>\n\t\t\t\t<\/div>","protected":false},"excerpt":{"rendered":"<p>Polityka dotycz\u0105ca plik\u00f3w cookie Wprowadzenie W witrynie Lumi\u00e8re, obs\u0142ugiwanej przez Nova Group Sp. z o.o., u\u017cywamy plik\u00f3w cookie i podobnych technologii, aby poprawi\u0107 komfort korzystania z naszej witryny. Niniejsza Polityka dotycz\u0105ca plik\u00f3w cookie wyja\u015bnia, czym s\u0105 pliki cookie, w jaki spos\u00f3b z nich korzystamy oraz jakie prawa przys\u0142uguj\u0105 u\u017cytkownikowi w zwi\u0105zku z ich u\u017cywaniem. Kontynuuj\u0105c przegl\u0105danie naszej strony internetowej, wyra\u017casz zgod\u0119 na u\u017cywanie [...]<\/p>","protected":false},"author":1,"featured_media":0,"parent":0,"menu_order":0,"comment_status":"closed","ping_status":"closed","template":"","meta":{"_acf_changed":false,"footnotes":""},"class_list":["post-2720","page","type-page","status-publish","hentry"],"acf":[],"jetpack_sharing_enabled":true,"_links":{"self":[{"href":"https:\/\/lumierediamonds.eu\/pl\/wp-json\/wp\/v2\/pages\/2720","targetHints":{"allow":["GET"]}}],"collection":[{"href":"https:\/\/lumierediamonds.eu\/pl\/wp-json\/wp\/v2\/pages"}],"about":[{"href":"https:\/\/lumierediamonds.eu\/pl\/wp-json\/wp\/v2\/types\/page"}],"author":[{"embeddable":true,"href":"https:\/\/lumierediamonds.eu\/pl\/wp-json\/wp\/v2\/users\/1"}],"replies":[{"embeddable":true,"href":"https:\/\/lumierediamonds.eu\/pl\/wp-json\/wp\/v2\/comments?post=2720"}],"version-history":[{"count":7,"href":"https:\/\/lumierediamonds.eu\/pl\/wp-json\/wp\/v2\/pages\/2720\/revisions"}],"predecessor-version":[{"id":6763,"href":"https:\/\/lumierediamonds.eu\/pl\/wp-json\/wp\/v2\/pages\/2720\/revisions\/6763"}],"wp:attachment":[{"href":"https:\/\/lumierediamonds.eu\/pl\/wp-json\/wp\/v2\/media?parent=2720"}],"curies":[{"name":"wp","href":"https:\/\/api.w.org\/{rel}","templated":true}]}}