{"id":2728,"date":"2024-08-06T16:46:56","date_gmt":"2024-08-06T14:46:56","guid":{"rendered":"https:\/\/lumierediamonds.eu\/?page_id=2728"},"modified":"2024-08-06T16:54:30","modified_gmt":"2024-08-06T14:54:30","slug":"ogolne-rozporzadzenie-o-ochronie-danych","status":"publish","type":"page","link":"https:\/\/lumierediamonds.eu\/pl\/ogolne-rozporzadzenie-o-ochronie-danych\/","title":{"rendered":"Og\u00f3lne rozporz\u0105dzenie o ochronie danych"},"content":{"rendered":"<div data-elementor-type=\"wp-page\" data-elementor-id=\"2728\" class=\"elementor elementor-2728\" data-elementor-post-type=\"page\">\n\t\t\t\t<div class=\"elementor-element elementor-element-14d2dc79 e-flex e-con-boxed e-con e-parent\" data-id=\"14d2dc79\" data-element_type=\"container\">\n\t\t\t\t\t<div class=\"e-con-inner\">\n\t\t\t\t<div class=\"elementor-element elementor-element-33ced438 elementor-widget elementor-widget-text-editor\" data-id=\"33ced438\" data-element_type=\"widget\" data-widget_type=\"text-editor.default\">\n\t\t\t\t<div class=\"elementor-widget-container\">\n\t\t\t\t\t\t\t<h1>Og\u00f3lne rozporz\u0105dzenie o ochronie danych<\/h1><p>\u00a0<\/p><p><b>1. Wprowadzenie<\/b><\/p><p>Witamy w Lumi\u00e8re. Zobowi\u0105zujemy si\u0119 chroni\u0107 Twoje dane osobowe i szanowa\u0107 Twoj\u0105 prywatno\u015b\u0107. Niniejsza Polityka prywatno\u015bci wyja\u015bnia, w jaki spos\u00f3b gromadzimy, wykorzystujemy i zabezpieczamy Twoje dane podczas odwiedzania naszej strony internetowej i korzystania z naszych us\u0142ug. Korzystaj\u0105c z naszej platformy, wyra\u017casz zgod\u0119 na gromadzenie i wykorzystywanie informacji zgodnie z niniejsz\u0105 polityk\u0105.<\/p><p>\u00a0<\/p><p><b>2. Administrator danych<\/b><\/p><p>Administratorem danych osobowych u\u017cytkownika jest:<\/p><p>Nova Group Sp. z o.o.<\/p><p>\u017burawia 6\/12 lok. 745, 00-503 Warszawa, Polska<\/p><p>Numer identyfikacji podatkowej: PL7011215529<\/p><p>REGON: 529224431<\/p><p>\u00a0<\/p><p><b>3. Informacje, kt\u00f3re gromadzimy<\/b><\/p><p>Mo\u017cemy gromadzi\u0107 i przetwarza\u0107 nast\u0119puj\u0105ce rodzaje danych osobowych:<\/p><p>\u2022 <b>Dane identyfikacyjne<\/b>: Imi\u0119, nazwisko i inne istotne dane identyfikacyjne.<\/p><p>\u2022 <b>Dane kontaktowe<\/b>: Adres e-mail, numer telefonu oraz adresy rozliczeniowe i wysy\u0142kowe.<\/p><p>\u2022 <b>Dane techniczne<\/b>: adres IP, typ i wersja przegl\u0105darki, ustawienia strefy czasowej, typy i wersje wtyczek przegl\u0105darki, system operacyjny i platforma oraz inne technologie stosowane w urz\u0105dzeniach u\u017cywanych do uzyskania dost\u0119pu do tej witryny internetowej.<\/p><p>\u2022 <b>Dane profilowe<\/b>: Dokonane przez Ciebie zakupy lub zam\u00f3wienia, preferencje, opinie i odpowiedzi na ankiety.<\/p><p>\u2022 <b>Dane dotycz\u0105ce u\u017cytkowania<\/b>: Informacje dotycz\u0105ce sposobu korzystania z naszej strony internetowej, produkt\u00f3w i us\u0142ug.<\/p><p>\u2022 <b>Dane dotycz\u0105ce marketingu i komunikacji<\/b>: Twoje preferencje dotycz\u0105ce otrzymywania od nas informacji marketingowych oraz preferencje dotycz\u0105ce komunikacji.<\/p><p>\u00a0<\/p><p><b>4. Jak wykorzystujemy Twoje dane<\/b><\/p><p>Wykorzystujemy Pa\u0144stwa dane osobowe w nast\u0119puj\u0105cych celach:<\/p><p>\u2022<b>Aby \u015bwiadczy\u0107 nasze us\u0142ugi<\/b>: W tym przetwarzanie zam\u00f3wie\u0144, zarz\u0105dzanie kontem i dostarczanie produkt\u00f3w.<\/p><p>\u2022<b>Aby ulepszy\u0107 nasze us\u0142ugi<\/b>: Zrozumienie, w jaki spos\u00f3b korzystaj\u0105 Pa\u0144stwo z naszych us\u0142ug i jak mo\u017cemy je ulepszy\u0107.<\/p><p>\u2022<b>Aby si\u0119 z Tob\u0105 skontaktowa\u0107<\/b>: Wysy\u0142anie aktualizacji, powiadomie\u0144 i informacji dotycz\u0105cych zam\u00f3wie\u0144 i naszych us\u0142ug.<\/p><p>\u2022<b>W celach marketingowych<\/b>: Wysy\u0142anie materia\u0142\u00f3w promocyjnych, ofert i informacji o nowych produktach lub wydarzeniach (za Twoj\u0105 zgod\u0105).<\/p><p>\u2022<b>Aby wype\u0142ni\u0107 obowi\u0105zki prawne<\/b>: Zapewnienie zgodno\u015bci z obowi\u0105zuj\u0105cymi przepisami prawa i regulacjami.<\/p><p>\u00a0<\/p><p><b>5. Podstawa prawna przetwarzania danych<\/b><\/p><p>Przetwarzamy Twoje dane osobowe na podstawie nast\u0119puj\u0105cych podstaw prawnych:<\/p><p>\u2022<b>Konieczno\u015b\u0107 umowna<\/b>: Przetwarzanie danych jest niezb\u0119dne do wykonania umowy zawartej z Pa\u0144stwem lub podj\u0119cia dzia\u0142a\u0144 na Pa\u0144stwa \u017c\u0105danie przed zawarciem umowy.<\/p><p>\u2022<b>Uzasadnione interesy<\/b>: Przetwarzanie danych jest niezb\u0119dne do realizacji naszych uzasadnionych interes\u00f3w, pod warunkiem \u017ce Pa\u0144stwa interesy i prawa podstawowe nie maj\u0105 pierwsze\u0144stwa przed tymi interesami.<\/p><p>\u2022<b>Zgoda<\/b>Wyrazi\u0142e\u015b zgod\u0119 na przetwarzanie swoich danych w okre\u015blonych celach.<\/p><p>\u2022<b>Obowi\u0105zek prawny<\/b>: Przetwarzanie jest niezb\u0119dne do wype\u0142nienia obowi\u0105zku prawnego, kt\u00f3remu podlegamy.<\/p><p>\u00a0<\/p><p><b>6. Udost\u0119pnianie danych<\/b><\/p><p>Mo\u017cemy udost\u0119pnia\u0107 Twoje dane osobowe:<\/p><p>\u2022<b>Dostawcy us\u0142ug<\/b>: Firmy \u015bwiadcz\u0105ce us\u0142ugi w naszym imieniu, takie jak przetwarzanie p\u0142atno\u015bci, analiza danych, dostarczanie wiadomo\u015bci e-mail, us\u0142ugi hostingowe i obs\u0142uga klienta.<\/p><p>\u2022<b>Partnerzy biznesowi<\/b>: Zaufani partnerzy, kt\u00f3rzy wsp\u00f3lnie z nami \u015bwiadcz\u0105 us\u0142ugi lub pomagaj\u0105 nam w dzia\u0142aniach marketingowych.<\/p><p>\u2022<b>Organy prawne<\/b>: Gdy jest to wymagane przez prawo lub konieczne do zachowania zgodno\u015bci z procedur\u0105 prawn\u0105.<\/p><p>\u2022<b>Partnerzy w zakresie transportu i logistyki<\/b>: Aby zapewni\u0107 dostaw\u0119 zakupionych produkt\u00f3w.<\/p><p>\u00a0<\/p><p><b>7. Mi\u0119dzynarodowe transfery danych<\/b><\/p><p>Twoje dane osobowe mog\u0105 by\u0107 przekazywane do kraj\u00f3w spoza Europejskiego Obszaru Gospodarczego (EOG) i tam przetwarzane. Zapewnimy odpowiednie zabezpieczenia w celu ochrony Twoich danych, takie jak stosowanie standardowych klauzul umownych zatwierdzonych przez Komisj\u0119 Europejsk\u0105.<\/p><p>\u00a0<\/p><p><b>8. Bezpiecze\u0144stwo danych<\/b><\/p><p>Wdra\u017camy odpowiednie \u015brodki techniczne i organizacyjne w celu ochrony danych osobowych u\u017cytkownik\u00f3w przed przypadkowym lub niezgodnym z prawem zniszczeniem, utrat\u0105, zmian\u0105, nieuprawnionym ujawnieniem lub dost\u0119pem.<\/p><p>\u00a0<\/p><p><b>9. Przechowywanie danych<\/b><\/p><p>B\u0119dziemy przechowywa\u0107 Twoje dane osobowe tylko tak d\u0142ugo, jak b\u0119dzie to konieczne do realizacji cel\u00f3w, dla kt\u00f3rych je zebrali\u015bmy, w tym do spe\u0142nienia wszelkich wymog\u00f3w prawnych, ksi\u0119gowych lub sprawozdawczych.<\/p><p>\u00a0<\/p><p><b>10. Twoje prawa<\/b><\/p><p>W odniesieniu do swoich danych osobowych przys\u0142uguj\u0105 Ci nast\u0119puj\u0105ce prawa:<\/p><p>\u2022<b>Dost\u0119p<\/b>: Popro\u015b o dost\u0119p do swoich danych osobowych.<\/p><p>\u2022<b>Korekta<\/b>: Popro\u015b o poprawienie swoich danych osobowych, je\u015bli s\u0105 one nieprawid\u0142owe lub niekompletne.<\/p><p>\u2022<b>Wymazanie<\/b>: Popro\u015b o usuni\u0119cie swoich danych osobowych.<\/p><p>\u2022<b>Ograniczenie<\/b>: Wniosek o ograniczenie przetwarzania danych osobowych.<\/p><p>\u2022<b>Przeno\u015bno\u015b\u0107<\/b>: Popro\u015b o przeniesienie swoich danych osobowych do innej strony.<\/p><p>\u2022<b>Sprzeciw<\/b>: Sprzeciwi\u0107 si\u0119 przetwarzaniu swoich danych osobowych, gdy opieramy si\u0119 na prawnie uzasadnionym interesie.<\/p><p>Aby skorzysta\u0107 z kt\u00f3regokolwiek z tych praw, prosimy o kontakt za pomoc\u0105 metod podanych na naszej stronie internetowej.<\/p><p>\u00a0<\/p><p><b>11. Pliki cookie<\/b><\/p><p>U\u017cywamy plik\u00f3w cookie, aby poprawi\u0107 komfort korzystania z naszej strony internetowej. Wi\u0119cej informacji na temat plik\u00f3w cookie, kt\u00f3rych u\u017cywamy, oraz sposob\u00f3w zarz\u0105dzania nimi mo\u017cna znale\u017a\u0107 w naszej Polityce plik\u00f3w cookie.<\/p><p>\u00a0<\/p><p><b>12. Zmiany w niniejszej Polityce prywatno\u015bci<\/b><\/p><p>Od czasu do czasu mo\u017cemy aktualizowa\u0107 nasz\u0105 Polityk\u0119 prywatno\u015bci. O wszelkich zmianach poinformujemy Pa\u0144stwa, publikuj\u0105c now\u0105 Polityk\u0119 prywatno\u015bci na tej stronie. Zalecamy okresowe sprawdzanie niniejszej Polityki prywatno\u015bci pod k\u0105tem ewentualnych zmian.<\/p><p>\u00a0<\/p><p><b>13. Skontaktuj si\u0119 z nami<\/b><\/p><p>Je\u015bli masz jakiekolwiek pytania dotycz\u0105ce niniejszej Polityki prywatno\u015bci, skontaktuj si\u0119 z nami pod adresem:<\/p><p>Nova Group Sp. z o.o.<\/p><p>\u017burawia 6\/12 lok. 745, 00-503 Warszawa, Polska<\/p><p>Numer identyfikacji podatkowej: PL7011215529<\/p><p>REGON: 529224431<\/p><p>contact@lumierediamonds.eu<\/p>\t\t\t\t\t\t<\/div>\n\t\t\t\t<\/div>\n\t\t\t\t\t<\/div>\n\t\t\t\t<\/div>\n\t\t\t\t<\/div>","protected":false},"excerpt":{"rendered":"<p>Og\u00f3lne rozporz\u0105dzenie o ochronie danych 1. Wprowadzenie Witamy na stronie Lumi\u00e8re. Dok\u0142adamy wszelkich stara\u0144, aby chroni\u0107 dane osobowe u\u017cytkownik\u00f3w i szanowa\u0107 ich prywatno\u015b\u0107. Niniejsza Polityka prywatno\u015bci wyja\u015bnia, w jaki spos\u00f3b gromadzimy, wykorzystujemy i chronimy informacje o u\u017cytkownikach odwiedzaj\u0105cych nasz\u0105 witryn\u0119 internetow\u0105 i korzystaj\u0105cych z naszych us\u0142ug. Korzystaj\u0105c z naszej platformy, u\u017cytkownik wyra\u017ca zgod\u0119 na gromadzenie i wykorzystywanie [...]<\/p>","protected":false},"author":1,"featured_media":0,"parent":0,"menu_order":0,"comment_status":"closed","ping_status":"closed","template":"","meta":{"_acf_changed":false,"footnotes":""},"class_list":["post-2728","page","type-page","status-publish","hentry"],"acf":[],"jetpack_sharing_enabled":true,"_links":{"self":[{"href":"https:\/\/lumierediamonds.eu\/pl\/wp-json\/wp\/v2\/pages\/2728","targetHints":{"allow":["GET"]}}],"collection":[{"href":"https:\/\/lumierediamonds.eu\/pl\/wp-json\/wp\/v2\/pages"}],"about":[{"href":"https:\/\/lumierediamonds.eu\/pl\/wp-json\/wp\/v2\/types\/page"}],"author":[{"embeddable":true,"href":"https:\/\/lumierediamonds.eu\/pl\/wp-json\/wp\/v2\/users\/1"}],"replies":[{"embeddable":true,"href":"https:\/\/lumierediamonds.eu\/pl\/wp-json\/wp\/v2\/comments?post=2728"}],"version-history":[{"count":4,"href":"https:\/\/lumierediamonds.eu\/pl\/wp-json\/wp\/v2\/pages\/2728\/revisions"}],"predecessor-version":[{"id":2735,"href":"https:\/\/lumierediamonds.eu\/pl\/wp-json\/wp\/v2\/pages\/2728\/revisions\/2735"}],"wp:attachment":[{"href":"https:\/\/lumierediamonds.eu\/pl\/wp-json\/wp\/v2\/media?parent=2728"}],"curies":[{"name":"wp","href":"https:\/\/api.w.org\/{rel}","templated":true}]}}