{"id":6768,"date":"2024-12-16T14:35:38","date_gmt":"2024-12-16T13:35:38","guid":{"rendered":"https:\/\/lumierediamonds.eu\/?page_id=6768"},"modified":"2024-12-20T12:32:39","modified_gmt":"2024-12-20T11:32:39","slug":"zasady-wysylki-i-dostawy","status":"publish","type":"page","link":"https:\/\/lumierediamonds.eu\/pl\/zasady-wysylki-i-dostawy\/","title":{"rendered":"Polityka wysy\u0142ki i dostawy"},"content":{"rendered":"<div data-elementor-type=\"wp-page\" data-elementor-id=\"6768\" class=\"elementor elementor-6768\" data-elementor-post-type=\"page\">\n\t\t\t\t<div class=\"elementor-element elementor-element-19742b5f e-flex e-con-boxed e-con e-parent\" data-id=\"19742b5f\" data-element_type=\"container\">\n\t\t\t\t\t<div class=\"e-con-inner\">\n\t\t\t\t<div class=\"elementor-element elementor-element-51db09a5 elementor-widget elementor-widget-text-editor\" data-id=\"51db09a5\" data-element_type=\"widget\" data-widget_type=\"text-editor.default\">\n\t\t\t\t<div class=\"elementor-widget-container\">\n\t\t\t\t\t\t\t<h1>Polityka wysy\u0142ki i dostawy<\/h1><p>\u00a0<\/p><p><strong>Wprowadzenie<\/strong><\/p><p class=\"p1\">W Lumi\u00e8re dok\u0142adamy wszelkich stara\u0144, aby zakupy by\u0142y dla Pa\u0144stwa przyjemno\u015bci\u0105 i przebiega\u0142y bez zak\u0142\u00f3ce\u0144. Niniejsza Polityka wysy\u0142ki i dostawy zawiera wszystkie niezb\u0119dne informacje dotycz\u0105ce sposobu dostarczania zam\u00f3wie\u0144, w tym koszty, terminy i inne wa\u017cne szczeg\u00f3\u0142y.<\/p><p>\u00a0<\/p><p class=\"p1\"><b>Miejsca dostawy<\/b><\/p><p class=\"p1\">Obecnie realizujemy wysy\u0142ki do wszystkich kraj\u00f3w w ramach <b>Unia Europejska (UE)<\/b>.<\/p><p class=\"p1\">Niestety, obecnie nie jeste\u015bmy w stanie realizowa\u0107 zam\u00f3wie\u0144 na dostawy poza terytorium UE.<\/p><p>\u00a0<\/p><p>\u00a0<\/p><p class=\"p1\"><b>Koszty wysy\u0142ki<\/b><\/p><p class=\"p1\">Oferujemy <b>bezp\u0142atna wysy\u0142ka<\/b> dla wszystkich zam\u00f3wie\u0144 do kraj\u00f3w UE, bez minimalnej kwoty zam\u00f3wienia.<\/p><p class=\"p1\">Nie ma \u017cadnych dodatkowych op\u0142at za standardow\u0105 wysy\u0142k\u0119, niezale\u017cnie od wielko\u015bci zam\u00f3wienia lub miejsca dostawy na terenie UE.<\/p><p>\u00a0<\/p><p class=\"p1\"><b>Terminy dostaw<\/b><\/p><p class=\"p1\">Dok\u0142adamy wszelkich stara\u0144, aby Twoje zam\u00f3wienie dotar\u0142o do Ciebie jak najszybciej. Poni\u017cej podajemy szacunkowe czasy dostawy:<\/p><p class=\"p1\"><strong>Unia Europejska:<\/strong> 3\u20137 dni roboczych<\/p><p class=\"p1\"><b>Czas przetwarzania<\/b><\/p><p class=\"p2\">\u2022 Zam\u00f3wienia s\u0105 realizowane w ci\u0105gu <b>1\u20132 dni robocze<\/b> po potwierdzeniu p\u0142atno\u015bci.<\/p><p class=\"p2\">\u2022 Zam\u00f3wienia z\u0142o\u017cone w weekendy lub \u015bwi\u0119ta b\u0119d\u0105 realizowane nast\u0119pnego dnia roboczego.<\/p><p class=\"p4\">Uwaga: Czas dostawy jest szacunkowy i mo\u017ce si\u0119 r\u00f3\u017cni\u0107 w zale\u017cno\u015bci od czynnik\u00f3w, na kt\u00f3re nie mamy wp\u0142ywu, takich jak op\u00f3\u017anienia celne lub zak\u0142\u00f3cenia w pracy kurier\u00f3w.<\/p><p>\u00a0<\/p><p class=\"p1\"><b>\u015aledzenie zam\u00f3wienia<\/b><\/p><p class=\"p1\">Po wys\u0142aniu zam\u00f3wienia otrzymasz <b>e-mail z potwierdzeniem wysy\u0142ki<\/b> z numerem przesy\u0142ki. Numer ten mo\u017cna wykorzysta\u0107 do \u015bledzenia przesy\u0142ki na stronie internetowej kuriera.<\/p><p class=\"p1\">Je\u015bli napotkasz jakiekolwiek problemy z \u015bledzeniem przesy\u0142ki, skontaktuj si\u0119 z nami pod adresem <a href=\"mailto:contact@lumierediamonds.eu\">contact@lumierediamonds.eu<\/a>, a my z przyjemno\u015bci\u0105 Ci pomo\u017cemy.<\/p><p>\u00a0<\/p><p class=\"p1\"><b>Warunki dostawy<\/b><\/p><p class=\"p1\"><b>Pomy\u015blna dostawa<\/b><\/p><p class=\"p2\">\u2022 Dostawy s\u0105 realizowane na adres podany podczas finalizacji zam\u00f3wienia.<\/p><p class=\"p2\">\u2022 Obowi\u0105zkiem klienta jest upewnienie si\u0119, \u017ce adres wysy\u0142ki jest prawid\u0142owy i dost\u0119pny.<\/p><p class=\"p1\"><b>Nieudane pr\u00f3by dor\u0119czenia<\/b><\/p><p class=\"p2\">\u2022 Je\u015bli kurier nie b\u0119dzie w stanie dostarczy\u0107 zam\u00f3wienia (np. z powodu nieprawid\u0142owego adresu lub braku dost\u0119pu do nieruchomo\u015bci), mo\u017ce zostawi\u0107 powiadomienie lub podj\u0105\u0107 ponown\u0105 pr\u00f3b\u0119 dostawy.<\/p><p class=\"p1\"><b>Zgubione lub uszkodzone paczki<\/b><\/p><p class=\"p2\">\u2022 Je\u015bli Twoje zam\u00f3wienie zosta\u0142o zgubione lub uszkodzone podczas transportu, prosimy o niezw\u0142oczne poinformowanie nas o tym pod adresem <a href=\"mailto:contact@lumierediamonds.eu\">contact@lumierediamonds.eu<\/a>.<\/p><p class=\"p2\">\u2022 B\u0119dziemy wsp\u00f3\u0142pracowa\u0107 z kurierem w celu rozwi\u0105zania problemu i, je\u015bli to konieczne, zorganizujemy wymian\u0119 lub zwrot koszt\u00f3w.<\/p><p>\u00a0<\/p><p class=\"p1\"><b>C\u0142a i op\u0142aty celne<\/b><\/p><p class=\"p1\">Poniewa\u017c wszystkie zam\u00f3wienia s\u0105 wysy\u0142ane na terenie UE, nie s\u0105 naliczane \u017cadne c\u0142a ani dodatkowe podatki.<\/p><p class=\"p1\">Je\u015bli mieszkasz w kraju UE, w kt\u00f3rym w szczeg\u00f3lnych okoliczno\u015bciach obowi\u0105zuj\u0105 c\u0142a importowe (np. na niekt\u00f3rych terytoriach), jeste\u015b odpowiedzialny za pokrycie tych koszt\u00f3w.<\/p><p>\u00a0<\/p><p class=\"p1\"><b>Zmiany w informacjach dotycz\u0105cych wysy\u0142ki<\/b><\/p><p class=\"p1\">Je\u015bli chcesz zaktualizowa\u0107 adres wysy\u0142ki lub inne dane, skontaktuj si\u0119 z nami jak najszybciej pod adresem <a href=\"mailto:contact@lumierediamonds.eu\">contact@lumierediamonds.eu<\/a>.<\/p><p class=\"p1\">Zmiany mo\u017cna wprowadza\u0107 wy\u0142\u0105cznie przed wys\u0142aniem zam\u00f3wienia. Po wys\u0142aniu zam\u00f3wienia nie mo\u017cemy modyfikowa\u0107 szczeg\u00f3\u0142\u00f3w dostawy.<\/p><p>\u00a0<\/p><p class=\"p1\">\u00a0<\/p><p class=\"p1\"><b>Op\u00f3\u017anienia w dostawach<\/b><\/p><p class=\"p1\">Chocia\u017c staramy si\u0119 dostarczy\u0107 zam\u00f3wienie w przewidywanym terminie, czasami mog\u0105 wyst\u0105pi\u0107 op\u00f3\u017anienia spowodowane czynnikami pozostaj\u0105cymi poza nasz\u0105 kontrol\u0105, takimi jak:<\/p><p class=\"p2\">\u2022 Trudne warunki pogodowe.<\/p><p class=\"p2\">\u2022 Kwestie zwi\u0105zane z odpraw\u0105 celn\u0105.<\/p><p class=\"p2\">\u2022 Zak\u0142\u00f3cenia w dostawach kurierskich.<\/p><p class=\"p1\">Je\u015bli dostawa jest op\u00f3\u017aniona, do\u0142o\u017cymy wszelkich stara\u0144, aby informowa\u0107 Ci\u0119 na bie\u017c\u0105co i pom\u00f3c w \u015bledzeniu przesy\u0142ki.<\/p><p>\u00a0<\/p><p class=\"p1\"><b>Nieodebrane paczki<\/b><\/p><p class=\"p1\">Je\u015bli paczka zostanie nam zwr\u00f3cona, poniewa\u017c nie zosta\u0142a odebrana lub adres dostawy by\u0142 nieprawid\u0142owy, skontaktujemy si\u0119 z Tob\u0105 w celu ustalenia ponownej dostawy. Wszelkie dodatkowe koszty wysy\u0142ki ponosi klient.<\/p><p>\u00a0<\/p><p class=\"p1\"><b>Anulowanie zam\u00f3wie\u0144<\/b><\/p><p class=\"p1\">Je\u015bli chcesz anulowa\u0107 zam\u00f3wienie, skontaktuj si\u0119 z nami niezw\u0142ocznie pod adresem <a href=\"mailto:contact@lumierediamonds.eu\">contact@lumierediamonds.eu<\/a>.<\/p><p class=\"p2\">\u2022 Zam\u00f3wienia mo\u017cna anulowa\u0107 wy\u0142\u0105cznie przed ich wys\u0142aniem.<\/p><p class=\"p2\">\u2022 Je\u015bli zam\u00f3wienie zosta\u0142o ju\u017c wys\u0142ane, mo\u017ce by\u0107 konieczne post\u0119powanie zgodnie z naszymi <a href=\"\/pl\/returns-refunds-policy\/\">Polityka zwrot\u00f3w i refundacji<\/a> zwr\u00f3ci\u0107 produkt po jego dostarczeniu.<\/p><p>\u00a0<\/p><p class=\"p1\"><b>Skontaktuj si\u0119 z nami<\/b><\/p><p class=\"p1\">Je\u015bli masz jakiekolwiek pytania lub w\u0105tpliwo\u015bci dotycz\u0105ce naszej polityki wysy\u0142ki i dostawy, nie wahaj si\u0119 skontaktowa\u0107 z nami, odwiedzaj\u0105c stron\u0119 <a href=\"\/pl\/skontaktuj-sie-z-nami\/\">nasza strona kontaktowa<\/a>.<\/p>\t\t\t\t\t\t<\/div>\n\t\t\t\t<\/div>\n\t\t\t\t\t<\/div>\n\t\t\t\t<\/div>\n\t\t\t\t<\/div>","protected":false},"excerpt":{"rendered":"<p>Zasady wysy\u0142ki i dostawy Wprowadzenie W Lumi\u00e8re dok\u0142adamy wszelkich stara\u0144, aby zakupy by\u0142y bezproblemowe i przyjemne. W niniejszych Zasadach wysy\u0142ki i dostawy opisano wszystko, co musisz wiedzie\u0107 o tym, jak dostarczamy Twoje zam\u00f3wienia, w tym koszty, harmonogramy i inne wa\u017cne szczeg\u00f3\u0142y.   Miejsca wysy\u0142ki Obecnie wysy\u0142amy do wszystkich kraj\u00f3w w [...]<\/p>","protected":false},"author":1,"featured_media":0,"parent":0,"menu_order":0,"comment_status":"closed","ping_status":"closed","template":"","meta":{"_acf_changed":false,"footnotes":""},"class_list":["post-6768","page","type-page","status-publish","hentry"],"acf":[],"jetpack_sharing_enabled":true,"_links":{"self":[{"href":"https:\/\/lumierediamonds.eu\/pl\/wp-json\/wp\/v2\/pages\/6768","targetHints":{"allow":["GET"]}}],"collection":[{"href":"https:\/\/lumierediamonds.eu\/pl\/wp-json\/wp\/v2\/pages"}],"about":[{"href":"https:\/\/lumierediamonds.eu\/pl\/wp-json\/wp\/v2\/types\/page"}],"author":[{"embeddable":true,"href":"https:\/\/lumierediamonds.eu\/pl\/wp-json\/wp\/v2\/users\/1"}],"replies":[{"embeddable":true,"href":"https:\/\/lumierediamonds.eu\/pl\/wp-json\/wp\/v2\/comments?post=6768"}],"version-history":[{"count":5,"href":"https:\/\/lumierediamonds.eu\/pl\/wp-json\/wp\/v2\/pages\/6768\/revisions"}],"predecessor-version":[{"id":7799,"href":"https:\/\/lumierediamonds.eu\/pl\/wp-json\/wp\/v2\/pages\/6768\/revisions\/7799"}],"wp:attachment":[{"href":"https:\/\/lumierediamonds.eu\/pl\/wp-json\/wp\/v2\/media?parent=6768"}],"curies":[{"name":"wp","href":"https:\/\/api.w.org\/{rel}","templated":true}]}}