{"id":10284,"date":"2025-09-18T17:26:27","date_gmt":"2025-09-18T15:26:27","guid":{"rendered":"https:\/\/lumierediamonds.eu\/?post_type=product&#038;p=10284"},"modified":"2025-11-20T18:38:40","modified_gmt":"2025-11-20T17:38:40","slug":"wisiorek-z-szmaragdem-w-oprawie-z-milanu","status":"publish","type":"product","link":"https:\/\/lumierediamonds.eu\/pl\/produkt\/wisiorek-z-szmaragdem-w-oprawie-z-milanu\/","title":{"rendered":"Wisiorek z szmaragdem w oprawie z Mediolanu"},"content":{"rendered":"<p class=\"p1\">Nowoczesna wersja ponadczasowego soliteru, wisiorek Milan Emerald Bezel Pendant, prezentuje diament o szlifie szmaragdowym, wyhodowany w laboratorium, osadzony w eleganckiej oprawie z 18-karatowego z\u0142ota. Zawieszony na wyrafinowanym \u0142a\u0144cuszku typu cable, emanuje dyskretnym luksusem i naturaln\u0105 elegancj\u0105. Dost\u0119pny w wersji z \u017c\u00f3\u0142tego lub bia\u0142ego z\u0142ota, w siedmiu wariantach masy karatowej (od 0,25 do 3 ct.), ten wisior \u0142\u0105czy w sobie wszechstronno\u015b\u0107 i wyrazisty charakter.<\/p>","protected":false},"excerpt":{"rendered":"<p class=\"p1\">Nowoczesna wersja ponadczasowego soliteru, wisiorek Milan Emerald Bezel Pendant, prezentuje diament o szlifie szmaragdowym, osadzony w eleganckiej oprawie z 18-karatowego z\u0142ota. Wisiorek zawieszony jest na wyrafinowanym \u0142a\u0144cuszku typu cable chain i dost\u0119pny w r\u00f3\u017cnych gramaturach, stanowi\u0105c idealn\u0105 r\u00f3wnowag\u0119 mi\u0119dzy wyrafinowaniem a wygod\u0105 noszenia.<\/p>","protected":false},"featured_media":10345,"template":"","meta":{"_acf_changed":false},"product_brand":[],"product_cat":[552,53,759],"product_tag":[960,959,958,957,366,386,747,302,961],"class_list":{"0":"post-10284","1":"product","2":"type-product","3":"status-publish","4":"has-post-thumbnail","6":"product_cat-diamond-essentials","7":"product_cat-necklaces-pendants","8":"product_cat-pendants","9":"product_tag-18k-gold-pendant","10":"product_tag-bezel-diamond-necklace","11":"product_tag-east-west-diamond-pendant","12":"product_tag-emerald-cut-pendant","13":"product_tag-everyday-luxury","14":"product_tag-lab-grown-diamond-necklace","15":"product_tag-minimalist-pendant","16":"product_tag-solitaire-pendant","17":"product_tag-timeless-necklace","18":"pa_metal-white-gold","19":"pa_metal-yellow-gold","21":"first","22":"instock","23":"taxable","24":"shipping-taxable","25":"purchasable","26":"product-type-variable"},"acf":[],"jetpack_sharing_enabled":true,"_links":{"self":[{"href":"https:\/\/lumierediamonds.eu\/pl\/wp-json\/wp\/v2\/product\/10284","targetHints":{"allow":["GET"]}}],"collection":[{"href":"https:\/\/lumierediamonds.eu\/pl\/wp-json\/wp\/v2\/product"}],"about":[{"href":"https:\/\/lumierediamonds.eu\/pl\/wp-json\/wp\/v2\/types\/product"}],"version-history":[{"count":3,"href":"https:\/\/lumierediamonds.eu\/pl\/wp-json\/wp\/v2\/product\/10284\/revisions"}],"predecessor-version":[{"id":11467,"href":"https:\/\/lumierediamonds.eu\/pl\/wp-json\/wp\/v2\/product\/10284\/revisions\/11467"}],"wp:featuredmedia":[{"embeddable":true,"href":"https:\/\/lumierediamonds.eu\/pl\/wp-json\/wp\/v2\/media\/10345"}],"wp:attachment":[{"href":"https:\/\/lumierediamonds.eu\/pl\/wp-json\/wp\/v2\/media?parent=10284"}],"wp:term":[{"taxonomy":"product_brand","embeddable":true,"href":"https:\/\/lumierediamonds.eu\/pl\/wp-json\/wp\/v2\/product_brand?post=10284"},{"taxonomy":"product_cat","embeddable":true,"href":"https:\/\/lumierediamonds.eu\/pl\/wp-json\/wp\/v2\/product_cat?post=10284"},{"taxonomy":"product_tag","embeddable":true,"href":"https:\/\/lumierediamonds.eu\/pl\/wp-json\/wp\/v2\/product_tag?post=10284"}],"curies":[{"name":"wp","href":"https:\/\/api.w.org\/{rel}","templated":true}]}}