{"id":10514,"date":"2025-09-18T18:23:03","date_gmt":"2025-09-18T16:23:03","guid":{"rendered":"https:\/\/lumierediamonds.eu\/?post_type=product&#038;p=10514"},"modified":"2026-03-01T12:25:34","modified_gmt":"2026-03-01T11:25:34","slug":"naszyjnik-z-brylantem-w-oprawie-solo","status":"publish","type":"product","link":"https:\/\/lumierediamonds.eu\/pl\/produkt\/naszyjnik-z-brylantem-w-oprawie-solo\/","title":{"rendered":"Wisiorek z pojedynczym okr\u0105g\u0142ym diamentem"},"content":{"rendered":"<p class=\"p1\">Klasyka w nowej ods\u0142onie.<b><\/b><\/p>\n<p class=\"p2\">The <span class=\"s1\"><b>Wisiorek z pojedynczym okr\u0105g\u0142ym diamentem<\/b><\/span> ozdobiony pojedynczym okr\u0105g\u0142ym diamentem wyhodowanym w laboratorium, oprawionym w g\u0142adk\u0105 ramk\u0119 i zawieszonym na delikatnym \u0142a\u0144cuszku z 18-karatowego \u017c\u00f3\u0142tego lub bia\u0142ego z\u0142ota z bezpiecznym zapi\u0119ciem typu karabi\u0144czyk. Dost\u0119pny w gramaturach od 0,25 do 3 karat\u00f3w.<\/p>\n<p class=\"p2\">Jego czysty, nowoczesny design sprawia, \u017ce mo\u017cna go nosi\u0107 bez wysi\u0142ku \u2013 zar\u00f3wno w zestawieniu z innymi elementami garderoby, jak i samodzielnie.<\/p>","protected":false},"excerpt":{"rendered":"<p class=\"p1\">L\u015bni\u0105cy, niezb\u0119dny element garderoby \u2013 wisiorek Solo Bezel Diamond Pendant zdobi pojedynczy okr\u0105g\u0142y brylant wyhodowany w laboratorium, elegancko zawieszony w smuk\u0142ej oprawie. Dost\u0119pny w wersji z 18-karatowego \u017c\u00f3\u0142tego lub bia\u0142ego z\u0142ota, w siedmiu wersjach o \u0142\u0105cznej masie od 0,25 do 3 karat\u00f3w, jest to ponadczasowy element, kt\u00f3ry dodaje subtelnego blasku ka\u017cdej stylizacji.<\/p>","protected":false},"featured_media":10388,"template":"","meta":{"_acf_changed":false},"product_brand":[],"product_cat":[552,759],"product_tag":[971,969,972,366,638,386,970,749,973,961],"class_list":{"0":"post-10514","1":"product","2":"type-product","3":"status-publish","4":"has-post-thumbnail","6":"product_cat-diamond-essentials","7":"product_cat-pendants","8":"product_tag-18k-gold-chain","9":"product_tag-bezel-diamond-pendant","10":"product_tag-bezel-set-diamond","11":"product_tag-everyday-luxury","12":"product_tag-fine-jewelry","13":"product_tag-lab-grown-diamond-necklace","14":"product_tag-minimalist-gold-pendant","15":"product_tag-round-brilliant-pendant","16":"product_tag-solo-pendant","17":"product_tag-timeless-necklace","18":"pa_metal-white-gold","19":"pa_metal-yellow-gold","21":"first","22":"instock","23":"taxable","24":"shipping-taxable","25":"purchasable","26":"product-type-variable"},"acf":[],"jetpack_sharing_enabled":true,"_links":{"self":[{"href":"https:\/\/lumierediamonds.eu\/pl\/wp-json\/wp\/v2\/product\/10514","targetHints":{"allow":["GET"]}}],"collection":[{"href":"https:\/\/lumierediamonds.eu\/pl\/wp-json\/wp\/v2\/product"}],"about":[{"href":"https:\/\/lumierediamonds.eu\/pl\/wp-json\/wp\/v2\/types\/product"}],"version-history":[{"count":5,"href":"https:\/\/lumierediamonds.eu\/pl\/wp-json\/wp\/v2\/product\/10514\/revisions"}],"predecessor-version":[{"id":14745,"href":"https:\/\/lumierediamonds.eu\/pl\/wp-json\/wp\/v2\/product\/10514\/revisions\/14745"}],"wp:featuredmedia":[{"embeddable":true,"href":"https:\/\/lumierediamonds.eu\/pl\/wp-json\/wp\/v2\/media\/10388"}],"wp:attachment":[{"href":"https:\/\/lumierediamonds.eu\/pl\/wp-json\/wp\/v2\/media?parent=10514"}],"wp:term":[{"taxonomy":"product_brand","embeddable":true,"href":"https:\/\/lumierediamonds.eu\/pl\/wp-json\/wp\/v2\/product_brand?post=10514"},{"taxonomy":"product_cat","embeddable":true,"href":"https:\/\/lumierediamonds.eu\/pl\/wp-json\/wp\/v2\/product_cat?post=10514"},{"taxonomy":"product_tag","embeddable":true,"href":"https:\/\/lumierediamonds.eu\/pl\/wp-json\/wp\/v2\/product_tag?post=10514"}],"curies":[{"name":"wp","href":"https:\/\/api.w.org\/{rel}","templated":true}]}}