{"id":10515,"date":"2025-09-18T18:23:03","date_gmt":"2025-09-18T16:23:03","guid":{"rendered":"https:\/\/lumierediamonds.eu\/?post_type=product&#038;p=10515"},"modified":"2025-11-20T18:17:33","modified_gmt":"2025-11-20T17:17:33","slug":"wisiorek-z-brylantem-o-szlifie-ksiezniczki-eterna","status":"publish","type":"product","link":"https:\/\/lumierediamonds.eu\/pl\/produkt\/wisiorek-z-brylantem-o-szlifie-ksiezniczki-eterna\/","title":{"rendered":"Wisiorek z brylantem o szlifie ksi\u0119\u017cniczki Eterna"},"content":{"rendered":"<p class=\"p1\">Nowoczesny blask, ukszta\u0142towany z precyzj\u0105 i \u015bwiat\u0142em.<\/p>\n<p class=\"p1\">The <span class=\"s1\"><b>Wisiorek z brylantem Lumi\u00e8re Princess<\/b><\/span> posiada <span class=\"s1\">diament o szlifie ksi\u0119\u017cniczki wyhodowany w laboratorium<\/span>, znany ze swoich czystych linii i urzekaj\u0105cego blasku. Kwadratowy kszta\u0142t odbija \u015bwiat\u0142o pod ka\u017cdym k\u0105tem, tworz\u0105c wsp\u00f3\u0142czesny, a jednocze\u015bnie ponadczasowy wyraz elegancji. Zawieszony na delikatnym z\u0142otym \u0142a\u0144cuszku i zabezpieczony <span class=\"s1\">zapi\u0119cie homarowe<\/span>, Ten wisiorek uosabia wyrafinowan\u0105 prostot\u0119 z nowoczesnym akcentem.<\/p>\n<p class=\"p3\"><span class=\"s2\">Dost\u0119pne w <\/span>18-karatowe \u017c\u00f3\u0142te lub bia\u0142e z\u0142oto<span class=\"s2\">, oraz w <\/span>wyb\u00f3r masy karatowej<span class=\"s2\">.<\/span><\/p>","protected":false},"excerpt":{"rendered":"<p class=\"p1\">Wyrafinowany i ol\u015bniewaj\u0105cy wisiorek Eterna Princess-Cut Diamond podkre\u015bla efektowny diament wyhodowany w laboratorium w ponadczasowej oprawie soliterowej. Wisiorek zawieszony jest na klasycznym \u0142a\u0144cuszku o d\u0142ugo\u015bci 16\u201318 cali (40\u201346 cm) z 18-karatowego \u017c\u00f3\u0142tego lub bia\u0142ego z\u0142ota, do wyboru, i stanowi uosobienie ponadczasowej elegancji, idealnej zar\u00f3wno na co dzie\u0144, jak i na specjalne okazje.<\/p>","protected":false},"featured_media":10489,"template":"","meta":{"_acf_changed":false},"product_brand":[],"product_cat":[552,53,759],"product_tag":[635,748,981,401,970,303,982],"class_list":{"0":"post-10515","1":"product","2":"type-product","3":"status-publish","4":"has-post-thumbnail","6":"product_cat-diamond-essentials","7":"product_cat-necklaces-pendants","8":"product_cat-pendants","9":"product_tag-18k-gold-necklace","10":"product_tag-cable-chain-necklace","11":"product_tag-elegant-pendant","12":"product_tag-luxury-necklace","13":"product_tag-minimalist-gold-pendant","14":"product_tag-solitaire-necklace","15":"product_tag-timeless-diamond-jewelry","16":"pa_metal-white-gold","17":"pa_metal-yellow-gold","19":"first","20":"instock","21":"taxable","22":"shipping-taxable","23":"purchasable","24":"product-type-variable"},"acf":[],"jetpack_sharing_enabled":true,"_links":{"self":[{"href":"https:\/\/lumierediamonds.eu\/pl\/wp-json\/wp\/v2\/product\/10515","targetHints":{"allow":["GET"]}}],"collection":[{"href":"https:\/\/lumierediamonds.eu\/pl\/wp-json\/wp\/v2\/product"}],"about":[{"href":"https:\/\/lumierediamonds.eu\/pl\/wp-json\/wp\/v2\/types\/product"}],"version-history":[{"count":7,"href":"https:\/\/lumierediamonds.eu\/pl\/wp-json\/wp\/v2\/product\/10515\/revisions"}],"predecessor-version":[{"id":11458,"href":"https:\/\/lumierediamonds.eu\/pl\/wp-json\/wp\/v2\/product\/10515\/revisions\/11458"}],"wp:featuredmedia":[{"embeddable":true,"href":"https:\/\/lumierediamonds.eu\/pl\/wp-json\/wp\/v2\/media\/10489"}],"wp:attachment":[{"href":"https:\/\/lumierediamonds.eu\/pl\/wp-json\/wp\/v2\/media?parent=10515"}],"wp:term":[{"taxonomy":"product_brand","embeddable":true,"href":"https:\/\/lumierediamonds.eu\/pl\/wp-json\/wp\/v2\/product_brand?post=10515"},{"taxonomy":"product_cat","embeddable":true,"href":"https:\/\/lumierediamonds.eu\/pl\/wp-json\/wp\/v2\/product_cat?post=10515"},{"taxonomy":"product_tag","embeddable":true,"href":"https:\/\/lumierediamonds.eu\/pl\/wp-json\/wp\/v2\/product_tag?post=10515"}],"curies":[{"name":"wp","href":"https:\/\/api.w.org\/{rel}","templated":true}]}}