{"id":10547,"date":"2025-09-18T18:23:13","date_gmt":"2025-09-18T16:23:13","guid":{"rendered":"https:\/\/lumierediamonds.eu\/?post_type=product&#038;p=10547"},"modified":"2025-11-20T18:17:21","modified_gmt":"2025-11-20T17:17:21","slug":"wisiorek-z-brylantem-o-szlifie-szmaragdowym-eterna","status":"publish","type":"product","link":"https:\/\/lumierediamonds.eu\/pl\/produkt\/wisiorek-z-brylantem-o-szlifie-szmaragdowym-eterna\/","title":{"rendered":"Wisiorek z brylantem o szlifie szmaragdowym Eterna"},"content":{"rendered":"<p class=\"p1\">Niewymuszona elegancja, podkre\u015blona czystymi liniami i ponadczasowym \u015bwiat\u0142em.<\/p>\n<p class=\"p1\">The <span class=\"s1\"><b>Wisiorek z diamentem Lumi\u00e8re Emerald<\/b><\/span> posiada <span class=\"s1\">diament o szlifie szmaragdowym wyhodowany w laboratorium<\/span>, ceniony za lustrzane fasetki i wyrafinowan\u0105 symetri\u0119. Jego wyrazista geometria i subtelny blask tworz\u0105 aur\u0119 spokojnej pewno\u015bci siebie i nowoczesnego wdzi\u0119ku. Zawieszony na delikatnym z\u0142otym \u0142a\u0144cuszku i zabezpieczony <span class=\"s1\">zapi\u0119cie homarowe<\/span>, Ten wisiorek uosabia minimalistyczny luksus.<\/p>\n<p class=\"p3\"><span class=\"s2\">Dost\u0119pne w <\/span>18-karatowe \u017c\u00f3\u0142te lub bia\u0142e z\u0142oto<span class=\"s2\">, oraz w <\/span>wyb\u00f3r masy karatowej<span class=\"s2\">.<\/span><\/p>","protected":false},"excerpt":{"rendered":"<p class=\"p1\">Elegancki i wyrafinowany wisiorek z brylantem o szlifie szmaragdowym Eterna to kwintesencja symetrii i wyrafinowania. Ten brylant o szlifie szmaragdowym, wyhodowany w laboratorium, oprawiony w ramk\u0119, o czystych liniach i eleganckiej sylwetce, zawieszony jest na delikatnym \u0142a\u0144cuszku z 18-karatowego \u017c\u00f3\u0142tego lub bia\u0142ego z\u0142ota.<\/p>","protected":false},"featured_media":10808,"template":"","meta":{"_acf_changed":false},"product_brand":[],"product_cat":[552,53,759],"product_tag":[635,748,981,401,970,303,982],"class_list":{"0":"post-10547","1":"product","2":"type-product","3":"status-publish","4":"has-post-thumbnail","6":"product_cat-diamond-essentials","7":"product_cat-necklaces-pendants","8":"product_cat-pendants","9":"product_tag-18k-gold-necklace","10":"product_tag-cable-chain-necklace","11":"product_tag-elegant-pendant","12":"product_tag-luxury-necklace","13":"product_tag-minimalist-gold-pendant","14":"product_tag-solitaire-necklace","15":"product_tag-timeless-diamond-jewelry","16":"pa_metal-white-gold","17":"pa_metal-yellow-gold","19":"first","20":"instock","21":"taxable","22":"shipping-taxable","23":"purchasable","24":"product-type-variable"},"acf":[],"jetpack_sharing_enabled":true,"_links":{"self":[{"href":"https:\/\/lumierediamonds.eu\/pl\/wp-json\/wp\/v2\/product\/10547","targetHints":{"allow":["GET"]}}],"collection":[{"href":"https:\/\/lumierediamonds.eu\/pl\/wp-json\/wp\/v2\/product"}],"about":[{"href":"https:\/\/lumierediamonds.eu\/pl\/wp-json\/wp\/v2\/types\/product"}],"version-history":[{"count":5,"href":"https:\/\/lumierediamonds.eu\/pl\/wp-json\/wp\/v2\/product\/10547\/revisions"}],"predecessor-version":[{"id":11477,"href":"https:\/\/lumierediamonds.eu\/pl\/wp-json\/wp\/v2\/product\/10547\/revisions\/11477"}],"wp:featuredmedia":[{"embeddable":true,"href":"https:\/\/lumierediamonds.eu\/pl\/wp-json\/wp\/v2\/media\/10808"}],"wp:attachment":[{"href":"https:\/\/lumierediamonds.eu\/pl\/wp-json\/wp\/v2\/media?parent=10547"}],"wp:term":[{"taxonomy":"product_brand","embeddable":true,"href":"https:\/\/lumierediamonds.eu\/pl\/wp-json\/wp\/v2\/product_brand?post=10547"},{"taxonomy":"product_cat","embeddable":true,"href":"https:\/\/lumierediamonds.eu\/pl\/wp-json\/wp\/v2\/product_cat?post=10547"},{"taxonomy":"product_tag","embeddable":true,"href":"https:\/\/lumierediamonds.eu\/pl\/wp-json\/wp\/v2\/product_tag?post=10547"}],"curies":[{"name":"wp","href":"https:\/\/api.w.org\/{rel}","templated":true}]}}