{"id":10621,"date":"2025-09-30T01:07:30","date_gmt":"2025-09-29T23:07:30","guid":{"rendered":"https:\/\/lumierediamonds.eu\/?post_type=product&#038;p=10621"},"modified":"2025-11-23T21:04:39","modified_gmt":"2025-11-23T20:04:39","slug":"obraczka-slubna-aurora-comfort-fit","status":"publish","type":"product","link":"https:\/\/lumierediamonds.eu\/pl\/produkt\/obraczka-slubna-aurora-comfort-fit\/","title":{"rendered":"Obr\u0105czka \u015blubna Aurora Comfort Fit"},"content":{"rendered":"<p class=\"p1\">Dyskretna i trwa\u0142a obr\u0105czka \u015blubna Aurora Comfort Fit zosta\u0142a stworzona z my\u015bl\u0105 o codziennym noszeniu. Ma nowoczesny, lekko wypuk\u0142y kszta\u0142t i delikatnie zaokr\u0105glon\u0105 kraw\u0119d\u017a wewn\u0119trzn\u0105. Dost\u0119pna w szeroko\u015bciach od 2 mm do 7 mm oraz w kolorze 18-karatowego \u017c\u00f3\u0142tego, bia\u0142ego lub r\u00f3\u017cowego z\u0142ota, jest idealn\u0105 obr\u0105czk\u0105 unisex \u2013 eleganck\u0105, uniwersaln\u0105 i ponadczasow\u0105. R\u0119cznie wykonana z certyfikowanego przez LBMA 18-karatowego z\u0142ota, zapewnia komfort i trwa\u0142o\u015b\u0107, niezale\u017cnie od tego, czy zostanie wybrana na \u015blub, jako pami\u0105tka wa\u017cnego wydarzenia, czy jako wyraz osobistego stylu.<\/p>","protected":false},"excerpt":{"rendered":"<p class=\"p1\">Wywa\u017cona i trwa\u0142a obr\u0105czka \u015blubna Aurora Comfort Fit zosta\u0142a stworzona do codziennego noszenia z nowoczesn\u0105 sylwetk\u0105 niskiej kopu\u0142y i delikatnie zaokr\u0105glon\u0105 wewn\u0119trzn\u0105 kraw\u0119dzi\u0105. Dost\u0119pny w szeroko\u015bciach od 2 mm do 7 mm i do wyboru w 18-karatowym \u017c\u00f3\u0142tym, bia\u0142ym lub r\u00f3\u017cowym z\u0142ocie, jest to idealny pier\u015bcionek unisex - wyrafinowany, wszechstronny i ponadczasowy.<\/p>","protected":false},"featured_media":11263,"template":"","meta":{"_acf_changed":false},"product_brand":[],"product_cat":[999,553,525,52,57],"product_tag":[1019,540,1021,1020,1075,278,815,497,462,1001],"class_list":{"0":"post-10621","1":"product","2":"type-product","3":"status-publish","4":"has-post-thumbnail","6":"product_cat-classic-wedding-bands","7":"product_cat-mens-jewelry","8":"product_cat-mens-wedding-bands","9":"product_cat-rings","10":"product_cat-wedding-bands","11":"product_tag-18k-gold-wedding-band","12":"product_tag-comfort-fit-ring","13":"product_tag-gold-band-for-him-or-her","14":"product_tag-low-dome-band","15":"product_tag-mens-wedding-band","16":"product_tag-mens-wedding-ring","17":"product_tag-minimalist-ring","18":"product_tag-modern-wedding-band","19":"product_tag-timeless-wedding-band","20":"product_tag-unisex-wedding-band","21":"pa_metal-rose-gold","22":"pa_metal-white-gold","23":"pa_metal-yellow-gold","25":"first","26":"instock","27":"taxable","28":"shipping-taxable","29":"purchasable","30":"product-type-variable"},"acf":[],"jetpack_sharing_enabled":true,"_links":{"self":[{"href":"https:\/\/lumierediamonds.eu\/pl\/wp-json\/wp\/v2\/product\/10621","targetHints":{"allow":["GET"]}}],"collection":[{"href":"https:\/\/lumierediamonds.eu\/pl\/wp-json\/wp\/v2\/product"}],"about":[{"href":"https:\/\/lumierediamonds.eu\/pl\/wp-json\/wp\/v2\/types\/product"}],"version-history":[{"count":4,"href":"https:\/\/lumierediamonds.eu\/pl\/wp-json\/wp\/v2\/product\/10621\/revisions"}],"predecessor-version":[{"id":11315,"href":"https:\/\/lumierediamonds.eu\/pl\/wp-json\/wp\/v2\/product\/10621\/revisions\/11315"}],"wp:featuredmedia":[{"embeddable":true,"href":"https:\/\/lumierediamonds.eu\/pl\/wp-json\/wp\/v2\/media\/11263"}],"wp:attachment":[{"href":"https:\/\/lumierediamonds.eu\/pl\/wp-json\/wp\/v2\/media?parent=10621"}],"wp:term":[{"taxonomy":"product_brand","embeddable":true,"href":"https:\/\/lumierediamonds.eu\/pl\/wp-json\/wp\/v2\/product_brand?post=10621"},{"taxonomy":"product_cat","embeddable":true,"href":"https:\/\/lumierediamonds.eu\/pl\/wp-json\/wp\/v2\/product_cat?post=10621"},{"taxonomy":"product_tag","embeddable":true,"href":"https:\/\/lumierediamonds.eu\/pl\/wp-json\/wp\/v2\/product_tag?post=10621"}],"curies":[{"name":"wp","href":"https:\/\/api.w.org\/{rel}","templated":true}]}}