{"id":10642,"date":"2025-09-30T01:07:33","date_gmt":"2025-09-29T23:07:33","guid":{"rendered":"https:\/\/lumierediamonds.eu\/product\/toi-et-moi-pear-emerald-diamond-ring\/"},"modified":"2025-12-16T20:45:01","modified_gmt":"2025-12-16T19:45:01","slug":"toi-et-moi-pierscionek-gruszka-szmaragd-diament","status":"publish","type":"product","link":"https:\/\/lumierediamonds.eu\/pl\/produkt\/toi-et-moi-pierscionek-gruszka-szmaragd-diament\/","title":{"rendered":"Pier\u015bcionek z gruszkowym brylantem i szmaragdem Toi et Moi"},"content":{"rendered":"<p class=\"p1\">Odwieczny symbol po\u0142\u0105czenia, pier\u015bcionek Toi et Moi Pear &amp; Emerald Diamond Ring \u0142\u0105czy dwa r\u00f3\u017cne ci\u0119cia w jednym zapieraj\u0105cym dech w piersiach projekcie. Wyposa\u017cony w 1,18 ct. o szlifie gruszkowym i 2,25 ct. o szlifie szmaragdowym - osadzony w polerowanym 18-karatowym bia\u0142ym z\u0142ocie - ta nowoczesna pami\u0105tka jest \u015bwi\u0119tem dwoisto\u015bci, jedno\u015bci i mi\u0142o\u015bci. Wykonany z 18-karatowego z\u0142ota z certyfikatem LBMA i wyko\u0144czony z precyzj\u0105, ten wyrazisty element jest idealny na zar\u0119czyny, rocznice lub upami\u0119tnienie wa\u017cnych chwil w \u017cyciu.<\/p>","protected":false},"excerpt":{"rendered":"<p>Odwieczny symbol po\u0142\u0105czenia, pier\u015bcionek Toi et Moi Pear &amp; Emerald Diamond Ring \u0142\u0105czy dwa r\u00f3\u017cne ci\u0119cia w jednym zapieraj\u0105cym dech w piersiach projekcie. Wyposa\u017cony w 1,18 ct. o szlifie gruszkowym i 2,25 ct. o szlifie szmaragdowym - osadzony w polerowanym 18-karatowym bia\u0142ym z\u0142ocie - ta nowoczesna pami\u0105tka jest \u015bwi\u0119tem dwoisto\u015bci, jedno\u015bci i mi\u0142o\u015bci.<\/p>","protected":false},"featured_media":11052,"template":"","meta":{"_acf_changed":false},"product_brand":[],"product_cat":[552,52,898],"product_tag":[680,1016,1014,679,1013,1012,1018,1011,1017,1015],"class_list":{"0":"post-10642","1":"product","2":"type-product","3":"status-publish","4":"has-post-thumbnail","6":"product_cat-diamond-essentials","7":"product_cat-rings","8":"product_cat-statement-rings","9":"product_tag-18k-gold-ring","10":"product_tag-contemporary-fine-jewelry","11":"product_tag-dual-stone-ring","12":"product_tag-lab-grown-diamond-ring-2","13":"product_tag-modern-engagement-ring","14":"product_tag-pear-and-emerald-diamond-ring","15":"product_tag-symbolic-diamond-ring","16":"product_tag-toi-et-moi-ring","17":"product_tag-two-stone-ring","18":"product_tag-white-gold-diamond-ring","19":"pa_metal-white-gold","21":"first","22":"instock","23":"taxable","24":"shipping-taxable","25":"purchasable","26":"product-type-simple"},"acf":[],"jetpack_sharing_enabled":true,"_links":{"self":[{"href":"https:\/\/lumierediamonds.eu\/pl\/wp-json\/wp\/v2\/product\/10642","targetHints":{"allow":["GET"]}}],"collection":[{"href":"https:\/\/lumierediamonds.eu\/pl\/wp-json\/wp\/v2\/product"}],"about":[{"href":"https:\/\/lumierediamonds.eu\/pl\/wp-json\/wp\/v2\/types\/product"}],"version-history":[{"count":4,"href":"https:\/\/lumierediamonds.eu\/pl\/wp-json\/wp\/v2\/product\/10642\/revisions"}],"predecessor-version":[{"id":14412,"href":"https:\/\/lumierediamonds.eu\/pl\/wp-json\/wp\/v2\/product\/10642\/revisions\/14412"}],"wp:featuredmedia":[{"embeddable":true,"href":"https:\/\/lumierediamonds.eu\/pl\/wp-json\/wp\/v2\/media\/11052"}],"wp:attachment":[{"href":"https:\/\/lumierediamonds.eu\/pl\/wp-json\/wp\/v2\/media?parent=10642"}],"wp:term":[{"taxonomy":"product_brand","embeddable":true,"href":"https:\/\/lumierediamonds.eu\/pl\/wp-json\/wp\/v2\/product_brand?post=10642"},{"taxonomy":"product_cat","embeddable":true,"href":"https:\/\/lumierediamonds.eu\/pl\/wp-json\/wp\/v2\/product_cat?post=10642"},{"taxonomy":"product_tag","embeddable":true,"href":"https:\/\/lumierediamonds.eu\/pl\/wp-json\/wp\/v2\/product_tag?post=10642"}],"curies":[{"name":"wp","href":"https:\/\/api.w.org\/{rel}","templated":true}]}}