{"id":10653,"date":"2025-09-30T01:07:39","date_gmt":"2025-09-29T23:07:39","guid":{"rendered":"https:\/\/lumierediamonds.eu\/?post_type=product&#038;p=10653"},"modified":"2025-11-23T21:04:46","modified_gmt":"2025-11-23T20:04:46","slug":"obraczka-slubna-z-brylantami-w-stylu-cortona","status":"publish","type":"product","link":"https:\/\/lumierediamonds.eu\/pl\/produkt\/obraczka-slubna-z-brylantami-w-stylu-cortona\/","title":{"rendered":"Obr\u0105czka \u015blubna Cortona z brylantami Pav\u00e9"},"content":{"rendered":"<p class=\"p1\">Wyrafinowana, a jednocze\u015bnie efektowna obr\u0105czka \u015blubna Cortona Diamond Pav\u00e9 ma nowoczesny charakter dzi\u0119ki eleganckiej sylwetce o szeroko\u015bci 4 mm i delikatnemu rz\u0119dowi diament\u00f3w wyhodowanych w laboratorium, osadzonych w technice pav\u00e9. Wykonana z 18-karatowego \u017c\u00f3\u0142tego, bia\u0142ego lub r\u00f3\u017cowego z\u0142ota, jest idealnym symbolem ponadczasowej mi\u0142o\u015bci z nowoczesnym akcentem. Matowe wyko\u0144czenie kontrastuje subtelnie z wypolerowanymi kraw\u0119dziami, a rz\u0105d diament\u00f3w pochodz\u0105cych z etycznych \u017ar\u00f3de\u0142 dodaje mu dyskretnego blasku. Idealny dla dbaj\u0105cych o styl pan\u00f3w m\u0142odych lub jako znacz\u0105ca opcja unisex.<\/p>","protected":false},"excerpt":{"rendered":"<p class=\"p1\">Elegancka, a jednocze\u015bnie efektowna obr\u0105czka \u015blubna Cortona Diamond Pav\u00e9 Wedding Band ma nowoczesny charakter dzi\u0119ki smuk\u0142ej sylwetce o szeroko\u015bci 4 mm i delikatnemu rz\u0119dowi diament\u00f3w wyhodowanych w laboratorium, osadzonych w technice pav\u00e9. Wykonana z 18-karatowego \u017c\u00f3\u0142tego, bia\u0142ego lub r\u00f3\u017cowego z\u0142ota, jest idealnym symbolem ponadczasowej mi\u0142o\u015bci z nowoczesnym akcentem.<\/p>","protected":false},"featured_media":11083,"template":"","meta":{"_acf_changed":false},"product_brand":[],"product_cat":[553,525,52,57],"product_tag":[1044,1046,1049,638,679,1047,1043,1075,278,1048,1045,1085],"class_list":{"0":"post-10653","1":"product","2":"type-product","3":"status-publish","4":"has-post-thumbnail","6":"product_cat-mens-jewelry","7":"product_cat-mens-wedding-bands","8":"product_cat-rings","9":"product_cat-wedding-bands","10":"product_tag-18k-gold-wedding-ring","11":"product_tag-brushed-gold-ring","12":"product_tag-cortona-collection","13":"product_tag-fine-jewelry","14":"product_tag-lab-grown-diamond-ring-2","15":"product_tag-matte-finish-wedding-ring","16":"product_tag-mens-diamond-wedding-band","17":"product_tag-mens-wedding-band","18":"product_tag-mens-wedding-ring","19":"product_tag-modern-mens-band","20":"product_tag-pave-wedding-band","21":"product_tag-unisex-wedding-rings","22":"pa_metal-rose-gold","23":"pa_metal-white-gold","24":"pa_metal-yellow-gold","26":"first","27":"instock","28":"taxable","29":"shipping-taxable","30":"purchasable","31":"product-type-variable"},"acf":[],"jetpack_sharing_enabled":true,"_links":{"self":[{"href":"https:\/\/lumierediamonds.eu\/pl\/wp-json\/wp\/v2\/product\/10653","targetHints":{"allow":["GET"]}}],"collection":[{"href":"https:\/\/lumierediamonds.eu\/pl\/wp-json\/wp\/v2\/product"}],"about":[{"href":"https:\/\/lumierediamonds.eu\/pl\/wp-json\/wp\/v2\/types\/product"}],"version-history":[{"count":3,"href":"https:\/\/lumierediamonds.eu\/pl\/wp-json\/wp\/v2\/product\/10653\/revisions"}],"predecessor-version":[{"id":11325,"href":"https:\/\/lumierediamonds.eu\/pl\/wp-json\/wp\/v2\/product\/10653\/revisions\/11325"}],"wp:featuredmedia":[{"embeddable":true,"href":"https:\/\/lumierediamonds.eu\/pl\/wp-json\/wp\/v2\/media\/11083"}],"wp:attachment":[{"href":"https:\/\/lumierediamonds.eu\/pl\/wp-json\/wp\/v2\/media?parent=10653"}],"wp:term":[{"taxonomy":"product_brand","embeddable":true,"href":"https:\/\/lumierediamonds.eu\/pl\/wp-json\/wp\/v2\/product_brand?post=10653"},{"taxonomy":"product_cat","embeddable":true,"href":"https:\/\/lumierediamonds.eu\/pl\/wp-json\/wp\/v2\/product_cat?post=10653"},{"taxonomy":"product_tag","embeddable":true,"href":"https:\/\/lumierediamonds.eu\/pl\/wp-json\/wp\/v2\/product_tag?post=10653"}],"curies":[{"name":"wp","href":"https:\/\/api.w.org\/{rel}","templated":true}]}}