{"id":10654,"date":"2025-09-30T01:07:39","date_gmt":"2025-09-29T23:07:39","guid":{"rendered":"https:\/\/lumierediamonds.eu\/?post_type=product&#038;p=10654"},"modified":"2025-11-13T16:48:06","modified_gmt":"2025-11-13T15:48:06","slug":"matowa-mlotkowana-obraczka-slubna-dla-mezczyzn","status":"publish","type":"product","link":"https:\/\/lumierediamonds.eu\/pl\/produkt\/matowa-mlotkowana-obraczka-slubna-dla-mezczyzn\/","title":{"rendered":"M\u0119ska obr\u0105czka \u015blubna Forma Matte Hammered"},"content":{"rendered":"<p class=\"p1\">Charakteryzuj\u0105ca si\u0119 surow\u0105, ale wyrafinowan\u0105 estetyk\u0105 obr\u0105czka \u015blubna Forma Matte Hammered ma p\u0142aski profil i r\u0119cznie teksturowane wyko\u0144czenie. Wykonana z 18-karatowego \u017c\u00f3\u0142tego, bia\u0142ego lub r\u00f3\u017cowego z\u0142ota, ta wygodna obr\u0105czka o szeroko\u015bci 6,5 mm \u0142\u0105czy w sobie nowoczesne rzemios\u0142o z ponadczasowym symbolem zaanga\u017cowania. Zaprojektowana z my\u015bl\u0105 o komforcie i trwa\u0142o\u015bci, jest idealnym wyborem dla os\u00f3b ceni\u0105cych zar\u00f3wno prostot\u0119, jak i charakter.<\/p>","protected":false},"excerpt":{"rendered":"<p class=\"p1\">Charakteryzuj\u0105ca si\u0119 surow\u0105, ale wyrafinowan\u0105 estetyk\u0105 obr\u0105czka \u015blubna Forma Matte Hammered ma p\u0142aski profil i r\u0119cznie teksturowane wyko\u0144czenie. Wykonana z 18-karatowego \u017c\u00f3\u0142tego, bia\u0142ego lub r\u00f3\u017cowego z\u0142ota, ta wygodna obr\u0105czka o szeroko\u015bci 6,5 mm \u0142\u0105czy nowoczesne rzemios\u0142o z ponadczasowym symbolem zaanga\u017cowania.<\/p>","protected":false},"featured_media":11100,"template":"","meta":{"_acf_changed":false},"product_brand":[],"product_cat":[553,525,57],"product_tag":[1051,540,1053,1050,539,1075,278,431,1052,280],"class_list":{"0":"post-10654","1":"product","2":"type-product","3":"status-publish","4":"has-post-thumbnail","6":"product_cat-mens-jewelry","7":"product_cat-mens-wedding-bands","8":"product_cat-wedding-bands","9":"product_tag-18k-wedding-band","10":"product_tag-comfort-fit-ring","11":"product_tag-flat-gold-band","12":"product_tag-hammered-gold-ring","13":"product_tag-matte-wedding-band","14":"product_tag-mens-wedding-band","15":"product_tag-mens-wedding-ring","16":"product_tag-modern-wedding-ring","17":"product_tag-textured-gold-ring","18":"product_tag-unisex-wedding-ring","19":"pa_metal-rose-gold","20":"pa_metal-white-gold","21":"pa_metal-yellow-gold","23":"first","24":"instock","25":"taxable","26":"shipping-taxable","27":"purchasable","28":"product-type-variable"},"acf":[],"jetpack_sharing_enabled":true,"_links":{"self":[{"href":"https:\/\/lumierediamonds.eu\/pl\/wp-json\/wp\/v2\/product\/10654","targetHints":{"allow":["GET"]}}],"collection":[{"href":"https:\/\/lumierediamonds.eu\/pl\/wp-json\/wp\/v2\/product"}],"about":[{"href":"https:\/\/lumierediamonds.eu\/pl\/wp-json\/wp\/v2\/types\/product"}],"version-history":[{"count":4,"href":"https:\/\/lumierediamonds.eu\/pl\/wp-json\/wp\/v2\/product\/10654\/revisions"}],"predecessor-version":[{"id":11321,"href":"https:\/\/lumierediamonds.eu\/pl\/wp-json\/wp\/v2\/product\/10654\/revisions\/11321"}],"wp:featuredmedia":[{"embeddable":true,"href":"https:\/\/lumierediamonds.eu\/pl\/wp-json\/wp\/v2\/media\/11100"}],"wp:attachment":[{"href":"https:\/\/lumierediamonds.eu\/pl\/wp-json\/wp\/v2\/media?parent=10654"}],"wp:term":[{"taxonomy":"product_brand","embeddable":true,"href":"https:\/\/lumierediamonds.eu\/pl\/wp-json\/wp\/v2\/product_brand?post=10654"},{"taxonomy":"product_cat","embeddable":true,"href":"https:\/\/lumierediamonds.eu\/pl\/wp-json\/wp\/v2\/product_cat?post=10654"},{"taxonomy":"product_tag","embeddable":true,"href":"https:\/\/lumierediamonds.eu\/pl\/wp-json\/wp\/v2\/product_tag?post=10654"}],"curies":[{"name":"wp","href":"https:\/\/api.w.org\/{rel}","templated":true}]}}