{"id":13310,"date":"2025-11-20T00:42:31","date_gmt":"2025-11-19T23:42:31","guid":{"rendered":"https:\/\/lumierediamonds.eu\/product\/sanctum-diamond-cross-pendant\/"},"modified":"2025-11-23T17:28:41","modified_gmt":"2025-11-23T16:28:41","slug":"wisiorek-z-diamentowym-krzyzem","status":"publish","type":"product","link":"https:\/\/lumierediamonds.eu\/pl\/produkt\/wisiorek-z-diamentowym-krzyzem\/","title":{"rendered":"Wisiorek z krzy\u017cem z diamentami Sanctum"},"content":{"rendered":"<p>Wisiorek Sanctum Diamond Cross \u0142\u0105czy w sobie duchow\u0105 symbolik\u0119 z nowoczesnym wyrafinowaniem. Ozdobiony jedenastoma r\u00f3wno wielko\u015bci, starannie osadzonymi diamentami wyhodowanymi w laboratorium o \u0142\u0105cznej masie 0,25 karata, projekt ten stanowi ho\u0142d dla jedno\u015bci i blasku. Wykonany z certyfikowanego przez LBMA 18-karatowego \u017c\u00f3\u0142tego z\u0142ota i zawieszony na delikatnym \u0142a\u0144cuszku, jest to elegancka bi\u017cuteria, kt\u00f3r\u0105 mo\u017cna nosi\u0107 samodzielnie lub w zestawieniu z innymi naszyjnikami, zar\u00f3wno w ci\u0105gu dnia, jak i wieczorem.<\/p>","protected":false},"excerpt":{"rendered":"<p>Jasny wyraz wiary i kunsztu, wisiorek Sanctum Diamond Cross zawiera jedena\u015bcie idealnie dopasowanych diament\u00f3w hodowanych w laboratorium, osadzonych w promiennym 18-karatowym \u017c\u00f3\u0142tym z\u0142ocie. Elegancki, minimalistyczny i nasycony znaczeniem, jest ponadczasowym symbolem oddania i stylu.<\/p>","protected":false},"featured_media":11868,"template":"","meta":{"_acf_changed":false},"product_brand":[],"product_cat":[53,1112],"product_tag":[1162,1161,1159,1160,1113,1142,1158,1117,1143,1150,1144],"class_list":{"0":"post-13310","1":"product","2":"type-product","3":"status-publish","4":"has-post-thumbnail","6":"product_cat-necklaces-pendants","7":"product_cat-religious-jewelry","8":"product_tag-18k-cross","9":"product_tag-christian-cross","10":"product_tag-cross","11":"product_tag-cross-pendant","12":"product_tag-diamond-cross","13":"product_tag-diamond-essentials","14":"product_tag-gold-cross","15":"product_tag-lab-grown-diamond-cross","16":"product_tag-necklaces-pendants","17":"product_tag-necklaces-pendants-crosses","18":"product_tag-necklaces-pendants-pendants","19":"product_shipping_class-diamond-cross-pendant-faith-necklace-18k-gold-cross-lab-grown-diamonds-minimalist-pendant-fine-jewelry-symbolic-necklace-religious-jewelry-everyday-elegance","20":"pa_metal-yellow-gold","22":"first","23":"instock","24":"taxable","25":"shipping-taxable","26":"purchasable","27":"product-type-simple"},"acf":[],"jetpack_sharing_enabled":true,"_links":{"self":[{"href":"https:\/\/lumierediamonds.eu\/pl\/wp-json\/wp\/v2\/product\/13310","targetHints":{"allow":["GET"]}}],"collection":[{"href":"https:\/\/lumierediamonds.eu\/pl\/wp-json\/wp\/v2\/product"}],"about":[{"href":"https:\/\/lumierediamonds.eu\/pl\/wp-json\/wp\/v2\/types\/product"}],"version-history":[{"count":2,"href":"https:\/\/lumierediamonds.eu\/pl\/wp-json\/wp\/v2\/product\/13310\/revisions"}],"predecessor-version":[{"id":13437,"href":"https:\/\/lumierediamonds.eu\/pl\/wp-json\/wp\/v2\/product\/13310\/revisions\/13437"}],"wp:featuredmedia":[{"embeddable":true,"href":"https:\/\/lumierediamonds.eu\/pl\/wp-json\/wp\/v2\/media\/11868"}],"wp:attachment":[{"href":"https:\/\/lumierediamonds.eu\/pl\/wp-json\/wp\/v2\/media?parent=13310"}],"wp:term":[{"taxonomy":"product_brand","embeddable":true,"href":"https:\/\/lumierediamonds.eu\/pl\/wp-json\/wp\/v2\/product_brand?post=13310"},{"taxonomy":"product_cat","embeddable":true,"href":"https:\/\/lumierediamonds.eu\/pl\/wp-json\/wp\/v2\/product_cat?post=13310"},{"taxonomy":"product_tag","embeddable":true,"href":"https:\/\/lumierediamonds.eu\/pl\/wp-json\/wp\/v2\/product_tag?post=13310"}],"curies":[{"name":"wp","href":"https:\/\/api.w.org\/{rel}","templated":true}]}}