{"id":13324,"date":"2025-11-20T11:25:29","date_gmt":"2025-11-20T10:25:29","guid":{"rendered":"https:\/\/lumierediamonds.eu\/?post_type=product&#038;p=13324"},"modified":"2025-11-20T19:48:09","modified_gmt":"2025-11-20T18:48:09","slug":"naszyjnik-z-diamentami-w-ksztalcie-slonecznego-zwrotnika","status":"publish","type":"product","link":"https:\/\/lumierediamonds.eu\/pl\/produkt\/naszyjnik-z-diamentami-w-ksztalcie-slonecznego-zwrotnika\/","title":{"rendered":"Naszyjnik z diamentami Solstice Graduated"},"content":{"rendered":"<p>Symfonia blasku \u2013 naszyjnik Solstice Graduated Diamond Necklace zawiera r\u0119cznie wyselekcjonowane diamenty wyhodowane w laboratorium, u\u0142o\u017cone w eleganck\u0105, stopniowan\u0105 kompozycj\u0119. Osadzone w certyfikowanym przez LBMA 18-karatowym \u017c\u00f3\u0142tym lub bia\u0142ym z\u0142ocie, ka\u017cdy okr\u0105g\u0142y diament o szlifie brylantowym jest dopasowany pod wzgl\u0119dem koloru, czysto\u015bci i proporcji, p\u0142ynnie przechodz\u0105c jeden w drugi, tworz\u0105c harmonijny efekt ognia i \u015bwiat\u0142a. Zabezpieczony zapi\u0119ciem typu box i zaprojektowany z my\u015bl\u0105 o komforcie i efektowno\u015bci, ten naszyjnik w stylu eternity jest prawdziw\u0105 pere\u0142k\u0105 \u2014 ponadczasow\u0105, efektown\u0105 i trwa\u0142\u0105.<\/p>","protected":false},"excerpt":{"rendered":"<p>Symfonia blasku \u2013 naszyjnik Solstice Graduated Diamond Necklace zawiera r\u0119cznie wyselekcjonowane diamenty wyhodowane w laboratorium, u\u0142o\u017cone w eleganck\u0105, stopniowan\u0105 kompozycj\u0119. Wykonany z 18-karatowego z\u0142ota, zapewnia ol\u015bniewaj\u0105cy efekt dzi\u0119ki eleganckim proporcjom \u2013 idealny na uroczyste okazje lub na co dzie\u0144.<\/p>","protected":false},"featured_media":11900,"template":"","meta":{"_acf_changed":false},"product_brand":[],"product_cat":[552,1163,53],"product_tag":[635,1165,638,1164,386,390,1103],"class_list":{"0":"post-13324","1":"product","2":"type-product","3":"status-publish","4":"has-post-thumbnail","6":"product_cat-diamond-essentials","7":"product_cat-diamond-necklaces","8":"product_cat-necklaces-pendants","9":"product_tag-18k-gold-necklace","10":"product_tag-eternity-diamond-necklace","11":"product_tag-fine-jewelry","12":"product_tag-graduated-diamond-necklace","13":"product_tag-lab-grown-diamond-necklace","14":"product_tag-statement-necklace","15":"product_tag-sustainable-luxury","16":"pa_metal-white-gold","17":"pa_metal-yellow-gold","19":"first","20":"instock","21":"featured","22":"taxable","23":"shipping-taxable","24":"purchasable","25":"product-type-variable"},"acf":[],"jetpack_sharing_enabled":true,"_links":{"self":[{"href":"https:\/\/lumierediamonds.eu\/pl\/wp-json\/wp\/v2\/product\/13324","targetHints":{"allow":["GET"]}}],"collection":[{"href":"https:\/\/lumierediamonds.eu\/pl\/wp-json\/wp\/v2\/product"}],"about":[{"href":"https:\/\/lumierediamonds.eu\/pl\/wp-json\/wp\/v2\/types\/product"}],"version-history":[{"count":2,"href":"https:\/\/lumierediamonds.eu\/pl\/wp-json\/wp\/v2\/product\/13324\/revisions"}],"predecessor-version":[{"id":13341,"href":"https:\/\/lumierediamonds.eu\/pl\/wp-json\/wp\/v2\/product\/13324\/revisions\/13341"}],"wp:featuredmedia":[{"embeddable":true,"href":"https:\/\/lumierediamonds.eu\/pl\/wp-json\/wp\/v2\/media\/11900"}],"wp:attachment":[{"href":"https:\/\/lumierediamonds.eu\/pl\/wp-json\/wp\/v2\/media?parent=13324"}],"wp:term":[{"taxonomy":"product_brand","embeddable":true,"href":"https:\/\/lumierediamonds.eu\/pl\/wp-json\/wp\/v2\/product_brand?post=13324"},{"taxonomy":"product_cat","embeddable":true,"href":"https:\/\/lumierediamonds.eu\/pl\/wp-json\/wp\/v2\/product_cat?post=13324"},{"taxonomy":"product_tag","embeddable":true,"href":"https:\/\/lumierediamonds.eu\/pl\/wp-json\/wp\/v2\/product_tag?post=13324"}],"curies":[{"name":"wp","href":"https:\/\/api.w.org\/{rel}","templated":true}]}}