{"id":13381,"date":"2025-11-21T01:59:06","date_gmt":"2025-11-21T00:59:06","guid":{"rendered":"https:\/\/lumierediamonds.eu\/product\/eden-blossom-diamond-studs\/"},"modified":"2025-11-21T02:17:35","modified_gmt":"2025-11-21T01:17:35","slug":"kolczyki-z-brylantami-eden-blossom","status":"publish","type":"product","link":"https:\/\/lumierediamonds.eu\/pl\/produkt\/kolczyki-z-brylantami-eden-blossom\/","title":{"rendered":"Kolczyki z brylantami Eden Blossom"},"content":{"rendered":"<p>Pe\u0142ne wdzi\u0119ku i blasku kolczyki Eden Blossom Diamond Studs zdobi\u0105 okr\u0105g\u0142e diamenty wyhodowane w laboratorium, u\u0142o\u017cone w kwiatowy wz\u00f3r. Ka\u017cda para zawiera dziesi\u0119\u0107 diament\u00f3w o \u0142\u0105cznej masie 0,5 karata, co zapewnia idealn\u0105 r\u00f3wnowag\u0119 mi\u0119dzy delikatnym urokiem a wyrafinowanym luksusem. Te eleganckie kolczyki, wykonane z certyfikowanego przez LBMA 18-karatowego \u017c\u00f3\u0142tego, bia\u0142ego lub r\u00f3\u017cowego z\u0142ota i zabezpieczone zatrzaskami, z \u0142atwo\u015bci\u0105 podkre\u015bl\u0105 zar\u00f3wno dzienny, jak i wieczorowy str\u00f3j.<\/p>","protected":false},"excerpt":{"rendered":"<p>Pe\u0142ne wdzi\u0119ku i blasku kolczyki Eden Blossom Diamond Studs zdobi\u0105 okr\u0105g\u0142e diamenty wyhodowane w laboratorium, u\u0142o\u017cone w kwiatowy wz\u00f3r. Te delikatne kolczyki, oprawione w polerowane 18-karatowe z\u0142oto, dodaj\u0105 eleganckiego blasku zar\u00f3wno codziennym stylizacjom, jak i strojom na specjalne okazje.<\/p>","protected":false},"featured_media":11776,"template":"","meta":{"_acf_changed":false},"product_brand":[],"product_cat":[552,54,1140,760],"product_tag":[765,1235,1234,366,1237,1238,364,1236],"class_list":{"0":"post-13381","1":"product","2":"type-product","3":"status-publish","4":"has-post-thumbnail","6":"product_cat-diamond-essentials","7":"product_cat-earrings","8":"product_cat-gifts-under-1000-euro","9":"product_cat-stud-earrings","10":"product_tag-18k-gold-earrings","11":"product_tag-blossom-earrings","12":"product_tag-diamond-floral-studs","13":"product_tag-everyday-luxury","14":"product_tag-fine-jewelry-studs","15":"product_tag-gold-floral-studs","16":"product_tag-lab-grown-diamonds","17":"product_tag-petite-diamond-earrings","18":"pa_metal-rose-gold","19":"pa_metal-white-gold","20":"pa_metal-yellow-gold","22":"first","23":"instock","24":"taxable","25":"shipping-taxable","26":"purchasable","27":"product-type-variable"},"acf":[],"jetpack_sharing_enabled":true,"_links":{"self":[{"href":"https:\/\/lumierediamonds.eu\/pl\/wp-json\/wp\/v2\/product\/13381","targetHints":{"allow":["GET"]}}],"collection":[{"href":"https:\/\/lumierediamonds.eu\/pl\/wp-json\/wp\/v2\/product"}],"about":[{"href":"https:\/\/lumierediamonds.eu\/pl\/wp-json\/wp\/v2\/types\/product"}],"version-history":[{"count":1,"href":"https:\/\/lumierediamonds.eu\/pl\/wp-json\/wp\/v2\/product\/13381\/revisions"}],"predecessor-version":[{"id":13386,"href":"https:\/\/lumierediamonds.eu\/pl\/wp-json\/wp\/v2\/product\/13381\/revisions\/13386"}],"wp:featuredmedia":[{"embeddable":true,"href":"https:\/\/lumierediamonds.eu\/pl\/wp-json\/wp\/v2\/media\/11776"}],"wp:attachment":[{"href":"https:\/\/lumierediamonds.eu\/pl\/wp-json\/wp\/v2\/media?parent=13381"}],"wp:term":[{"taxonomy":"product_brand","embeddable":true,"href":"https:\/\/lumierediamonds.eu\/pl\/wp-json\/wp\/v2\/product_brand?post=13381"},{"taxonomy":"product_cat","embeddable":true,"href":"https:\/\/lumierediamonds.eu\/pl\/wp-json\/wp\/v2\/product_cat?post=13381"},{"taxonomy":"product_tag","embeddable":true,"href":"https:\/\/lumierediamonds.eu\/pl\/wp-json\/wp\/v2\/product_tag?post=13381"}],"curies":[{"name":"wp","href":"https:\/\/api.w.org\/{rel}","templated":true}]}}