{"id":13393,"date":"2025-11-21T02:23:03","date_gmt":"2025-11-21T01:23:03","guid":{"rendered":"https:\/\/lumierediamonds.eu\/?post_type=product&#038;p=13393"},"modified":"2026-04-22T15:57:01","modified_gmt":"2026-04-22T13:57:01","slug":"pierscionek-zareczynowy-z-brylantem-w-stylu-harmony-twist","status":"publish","type":"product","link":"https:\/\/lumierediamonds.eu\/pl\/produkt\/pierscionek-zareczynowy-z-brylantem-w-stylu-harmony-twist\/","title":{"rendered":"Pier\u015bcionek zar\u0119czynowy Harmony Twist Diamond"},"content":{"rendered":"<p>Pe\u0142en wdzi\u0119ku wyraz po\u0142\u0105czenia.<br \/>\nOkr\u0105g\u0142y diamentowy pier\u015bcionek zar\u0119czynowy Harmony Twist sk\u0142ada si\u0119 z dw\u00f3ch przeplataj\u0105cych si\u0119 pasm, kt\u00f3re spotykaj\u0105 si\u0119 w mi\u0119kko wyrze\u017abionej opasce pav\u00e9, tworz\u0105c projekt pe\u0142en ruchu, \u015bwiat\u0142a i r\u00f3wnowagi. Wy\u015brodkowany z okr\u0105g\u0142ym brylantem, kt\u00f3ry dodaje ponadczasowego blasku i zr\u00f3wnowa\u017conego blasku, oprawa naturalnie przyci\u0105ga wzrok do kamienia, jednocze\u015bnie dodaj\u0105c delikatnego blasku pod ka\u017cdym k\u0105tem.<\/p>\n<p>Wykonany z 18-karatowego \u017c\u00f3\u0142tego, bia\u0142ego lub r\u00f3\u017cowego z\u0142ota, ten projekt jest dost\u0119pny w wybranej masie karatowej od 0,30 do 3 ct. Romantyczny, ale nowoczesny, Harmony wnosi mi\u0119kko\u015b\u0107, symbolik\u0119 i niewymuszon\u0105 elegancj\u0119 do klasycznego pier\u015bcionka zar\u0119czynowego.<\/p>","protected":false},"excerpt":{"rendered":"<p class=\"p1\">Okr\u0105g\u0142y diamentowy pier\u015bcionek zar\u0119czynowy Harmony Twist sk\u0142ada si\u0119 z dw\u00f3ch przeplataj\u0105cych si\u0119 pasm, kt\u00f3re przechodz\u0105 w mi\u0119kko wyrze\u017abion\u0105 opask\u0119 pav\u00e9, wy\u015brodkowan\u0105 przez okr\u0105g\u0142y brylant. Wykonany z 18-karatowego \u017c\u00f3\u0142tego, bia\u0142ego lub r\u00f3\u017cowego z\u0142ota i dost\u0119pny od 0,30 do 3 ct, oferuje wdzi\u0119czn\u0105 r\u00f3wnowag\u0119 symboliki, blasku i nowoczesnego romansu.<\/p>","protected":false},"featured_media":13820,"template":"","meta":{"_acf_changed":false},"product_brand":[],"product_cat":[552,24,52],"product_tag":[680,1257,1258,1255,1097,1013,1254,1256,586,1253],"class_list":{"0":"post-13393","1":"product","2":"type-product","3":"status-publish","4":"has-post-thumbnail","6":"product_cat-diamond-essentials","7":"product_cat-engagement-rings","8":"product_cat-rings","9":"product_tag-18k-gold-ring","10":"product_tag-customizable-engagement-ring","11":"product_tag-ethical-diamond-ring","12":"product_tag-intertwining-band","13":"product_tag-lab-grown-diamond-2","14":"product_tag-modern-engagement-ring","15":"product_tag-pave-engagement-ring","16":"product_tag-romantic-ring-design","17":"product_tag-sustainable-fine-jewelry","18":"product_tag-twist-engagement-ring","19":"pa_metal-rose-gold","20":"pa_metal-white-gold","21":"pa_metal-yellow-gold","23":"first","24":"instock","25":"taxable","26":"shipping-taxable","27":"purchasable","28":"product-type-variable"},"acf":[],"jetpack_sharing_enabled":true,"_links":{"self":[{"href":"https:\/\/lumierediamonds.eu\/pl\/wp-json\/wp\/v2\/product\/13393","targetHints":{"allow":["GET"]}}],"collection":[{"href":"https:\/\/lumierediamonds.eu\/pl\/wp-json\/wp\/v2\/product"}],"about":[{"href":"https:\/\/lumierediamonds.eu\/pl\/wp-json\/wp\/v2\/types\/product"}],"version-history":[{"count":4,"href":"https:\/\/lumierediamonds.eu\/pl\/wp-json\/wp\/v2\/product\/13393\/revisions"}],"predecessor-version":[{"id":28157,"href":"https:\/\/lumierediamonds.eu\/pl\/wp-json\/wp\/v2\/product\/13393\/revisions\/28157"}],"wp:featuredmedia":[{"embeddable":true,"href":"https:\/\/lumierediamonds.eu\/pl\/wp-json\/wp\/v2\/media\/13820"}],"wp:attachment":[{"href":"https:\/\/lumierediamonds.eu\/pl\/wp-json\/wp\/v2\/media?parent=13393"}],"wp:term":[{"taxonomy":"product_brand","embeddable":true,"href":"https:\/\/lumierediamonds.eu\/pl\/wp-json\/wp\/v2\/product_brand?post=13393"},{"taxonomy":"product_cat","embeddable":true,"href":"https:\/\/lumierediamonds.eu\/pl\/wp-json\/wp\/v2\/product_cat?post=13393"},{"taxonomy":"product_tag","embeddable":true,"href":"https:\/\/lumierediamonds.eu\/pl\/wp-json\/wp\/v2\/product_tag?post=13393"}],"curies":[{"name":"wp","href":"https:\/\/api.w.org\/{rel}","templated":true}]}}