{"id":13394,"date":"2025-11-21T02:23:04","date_gmt":"2025-11-21T01:23:04","guid":{"rendered":"https:\/\/lumierediamonds.eu\/product\/veritas-oval-diamond-eternity-hoops\/"},"modified":"2025-12-04T14:36:27","modified_gmt":"2025-12-04T13:36:27","slug":"owalne-kolczyki-z-brylantami-veritas","status":"publish","type":"product","link":"https:\/\/lumierediamonds.eu\/pl\/produkt\/owalne-kolczyki-z-brylantami-veritas\/","title":{"rendered":"Veritas Owalne kolczyki z brylantami"},"content":{"rendered":"<p>Wykonane z precyzj\u0105 i zaanga\u017cowaniem kolczyki Veritas Oval Diamond Eternity Hoops odzwierciedlaj\u0105 nasze oddanie prawdzie i ponadczasowemu stylowi. Ka\u017cdy kolczyk jest wysadzany ci\u0105g\u0142ym rz\u0119dem laboratoryjnie wyhodowanych diament\u00f3w o szlifie owalnym, osadzonych w szprychach dla uzyskania maksymalnego blasku. Wyko\u0144czone w wybranym przez Ciebie 18-karatowym \u017c\u00f3\u0142tym lub bia\u0142ym z\u0142ocie z certyfikatem LBMA, zosta\u0142y zaprojektowane tak, aby rozprasza\u0107 blask we wszystkich kierunkach \u2014 idealne do noszenia zar\u00f3wno w ci\u0105gu dnia, jak i wieczorem.<\/p>","protected":false},"excerpt":{"rendered":"<p>Wyrafinowane kolczyki Veritas Oval Diamond Eternity Hoops to eleganckie, ci\u0105g\u0142e p\u0119tle z osadzonymi w szprychach, wyhodowanymi w laboratorium diamentami o szlifie owalnym. Dost\u0119pne w wersji z 18-karatowego \u017c\u00f3\u0142tego lub bia\u0142ego z\u0142ota, kolczyki te symbolizuj\u0105 integralno\u015b\u0107, elegancj\u0119 i ponadczasowy blask.<\/p>","protected":false},"featured_media":11925,"template":"","meta":{"_acf_changed":false},"product_brand":[],"product_cat":[552,54,762],"product_tag":[765,783,1247,1245,1249,1244,1248,1246],"class_list":{"0":"post-13394","1":"product","2":"type-product","3":"status-publish","4":"has-post-thumbnail","6":"product_cat-diamond-essentials","7":"product_cat-earrings","8":"product_cat-hoop-earrings","9":"product_tag-18k-gold-earrings","10":"product_tag-diamond-hoop-earrings","11":"product_tag-fine-diamond-earrings","12":"product_tag-lab-grown-diamond-hoops","13":"product_tag-modern-luxury-jewelry","14":"product_tag-oval-cut-eternity-hoops","15":"product_tag-statement-hoops","16":"product_tag-veritas-collection","17":"pa_metal-white-gold","18":"pa_metal-yellow-gold","20":"first","21":"instock","22":"taxable","23":"shipping-taxable","24":"purchasable","25":"product-type-variable"},"acf":[],"jetpack_sharing_enabled":true,"_links":{"self":[{"href":"https:\/\/lumierediamonds.eu\/pl\/wp-json\/wp\/v2\/product\/13394","targetHints":{"allow":["GET"]}}],"collection":[{"href":"https:\/\/lumierediamonds.eu\/pl\/wp-json\/wp\/v2\/product"}],"about":[{"href":"https:\/\/lumierediamonds.eu\/pl\/wp-json\/wp\/v2\/types\/product"}],"version-history":[{"count":3,"href":"https:\/\/lumierediamonds.eu\/pl\/wp-json\/wp\/v2\/product\/13394\/revisions"}],"predecessor-version":[{"id":13880,"href":"https:\/\/lumierediamonds.eu\/pl\/wp-json\/wp\/v2\/product\/13394\/revisions\/13880"}],"wp:featuredmedia":[{"embeddable":true,"href":"https:\/\/lumierediamonds.eu\/pl\/wp-json\/wp\/v2\/media\/11925"}],"wp:attachment":[{"href":"https:\/\/lumierediamonds.eu\/pl\/wp-json\/wp\/v2\/media?parent=13394"}],"wp:term":[{"taxonomy":"product_brand","embeddable":true,"href":"https:\/\/lumierediamonds.eu\/pl\/wp-json\/wp\/v2\/product_brand?post=13394"},{"taxonomy":"product_cat","embeddable":true,"href":"https:\/\/lumierediamonds.eu\/pl\/wp-json\/wp\/v2\/product_cat?post=13394"},{"taxonomy":"product_tag","embeddable":true,"href":"https:\/\/lumierediamonds.eu\/pl\/wp-json\/wp\/v2\/product_tag?post=13394"}],"curies":[{"name":"wp","href":"https:\/\/api.w.org\/{rel}","templated":true}]}}