{"id":13741,"date":"2025-11-25T15:58:20","date_gmt":"2025-11-25T14:58:20","guid":{"rendered":"https:\/\/lumierediamonds.eu\/product\/the-aurelio-bevel-matte-wedding-band\/"},"modified":"2025-12-04T15:26:56","modified_gmt":"2025-12-04T14:26:56","slug":"obraczka-slubna-aurelio-bevel-matte","status":"publish","type":"product","link":"https:\/\/lumierediamonds.eu\/pl\/produkt\/obraczka-slubna-aurelio-bevel-matte\/","title":{"rendered":"Obr\u0105czka \u015blubna Aurelio Bevel Matte"},"content":{"rendered":"<p>Obr\u0105czka \u015blubna Aurelio Bevel Matte \u0142\u0105czy w sobie si\u0142\u0119 i subtelno\u015b\u0107 w jednym wyrafinowanym ge\u015bcie. Wykonana z litego 18-karatowego z\u0142ota, jej delikatnie matowy \u015brodek otoczony jest polerowanymi, fazowanymi kraw\u0119dziami, tworz\u0105c czyst\u0105, architektoniczn\u0105 lini\u0119 wok\u00f3\u0142 palca.<\/p>\n<p>Dzi\u0119ki szeroko\u015bci 6 mm ta obr\u0105czka zapewnia poczucie bezpiecze\u0144stwa, a jednocze\u015bnie jest wygodna w codziennym noszeniu. Kontrast mi\u0119dzy satynowym wyko\u0144czeniem a wypolerowanymi kraw\u0119dziami odbija \u015bwiat\u0142o w pow\u015bci\u0105gliwy, m\u0119ski spos\u00f3b, co czyni j\u0105 idealnym wyborem dla os\u00f3b preferuj\u0105cych stonowany design zamiast ozdobnych wzor\u00f3w.<\/p>\n<p>Starannie wyprofilowana dla codziennego komfortu obr\u0105czka Aurelio jest ponadczasowym symbolem zaanga\u017cowania, kt\u00f3ry dzi\u015b wydaje si\u0119 nowoczesny i b\u0119dzie trwa\u0142 przez dziesi\u0105tki lat.<\/p>","protected":false},"excerpt":{"rendered":"<p>Obr\u0105czka \u015blubna Aurelio Bevel Matte, dost\u0119pna w wersji z 18-karatowego \u017c\u00f3\u0142tego lub bia\u0142ego z\u0142ota, \u0142\u0105czy w sobie delikatne satynowe wyko\u0144czenie z wyra\u017anymi fazowanymi kraw\u0119dziami, tworz\u0105c dyskretny, ale wyrazisty akcent. Nowoczesna klasyka zaprojektowana z my\u015bl\u0105 o noszeniu przez ca\u0142e \u017cycie.<\/p>","protected":false},"featured_media":13941,"template":"","meta":{"_acf_changed":false},"product_brand":[],"product_cat":[553,524,525,57],"product_tag":[1295,1296,1297,1298,1299,1300,1301,1302],"class_list":{"0":"post-13741","1":"product","2":"type-product","3":"status-publish","4":"has-post-thumbnail","6":"product_cat-mens-jewelry","7":"product_cat-mens-engagement-rings","8":"product_cat-mens-wedding-bands","9":"product_cat-wedding-bands","10":"product_tag-18k-yellow-gold-wedding-band","11":"product_tag-6-mm-gold-wedding-ring","12":"product_tag-architectural-gold-band","13":"product_tag-bevel-edge-gold-band","14":"product_tag-comfortable-everyday-ring","15":"product_tag-mens-matte-wedding-ring","16":"product_tag-modern-mens-wedding-band","17":"product_tag-satin-finish-wedding-ring","18":"pa_metal-white-gold","19":"pa_metal-yellow-gold","21":"first","22":"instock","23":"taxable","24":"shipping-taxable","25":"purchasable","26":"product-type-variable"},"acf":[],"jetpack_sharing_enabled":true,"_links":{"self":[{"href":"https:\/\/lumierediamonds.eu\/pl\/wp-json\/wp\/v2\/product\/13741","targetHints":{"allow":["GET"]}}],"collection":[{"href":"https:\/\/lumierediamonds.eu\/pl\/wp-json\/wp\/v2\/product"}],"about":[{"href":"https:\/\/lumierediamonds.eu\/pl\/wp-json\/wp\/v2\/types\/product"}],"version-history":[{"count":2,"href":"https:\/\/lumierediamonds.eu\/pl\/wp-json\/wp\/v2\/product\/13741\/revisions"}],"predecessor-version":[{"id":13946,"href":"https:\/\/lumierediamonds.eu\/pl\/wp-json\/wp\/v2\/product\/13741\/revisions\/13946"}],"wp:featuredmedia":[{"embeddable":true,"href":"https:\/\/lumierediamonds.eu\/pl\/wp-json\/wp\/v2\/media\/13941"}],"wp:attachment":[{"href":"https:\/\/lumierediamonds.eu\/pl\/wp-json\/wp\/v2\/media?parent=13741"}],"wp:term":[{"taxonomy":"product_brand","embeddable":true,"href":"https:\/\/lumierediamonds.eu\/pl\/wp-json\/wp\/v2\/product_brand?post=13741"},{"taxonomy":"product_cat","embeddable":true,"href":"https:\/\/lumierediamonds.eu\/pl\/wp-json\/wp\/v2\/product_cat?post=13741"},{"taxonomy":"product_tag","embeddable":true,"href":"https:\/\/lumierediamonds.eu\/pl\/wp-json\/wp\/v2\/product_tag?post=13741"}],"curies":[{"name":"wp","href":"https:\/\/api.w.org\/{rel}","templated":true}]}}