{"id":13763,"date":"2025-11-26T15:15:23","date_gmt":"2025-11-26T14:15:23","guid":{"rendered":"https:\/\/lumierediamonds.eu\/?post_type=product&#038;p=13763"},"modified":"2025-11-26T17:06:42","modified_gmt":"2025-11-26T16:06:42","slug":"bransoletka-z-diamentami-whisper-diamond-bar","status":"publish","type":"product","link":"https:\/\/lumierediamonds.eu\/pl\/produkt\/bransoletka-z-diamentami-whisper-diamond-bar\/","title":{"rendered":"Bransoletka Whisper Diamond Bar"},"content":{"rendered":"<p>Delikatny szept \u015bwiat\u0142a<\/p>\n<p>Bransoletka Whisper Diamond Bar posiada delikatny \u0142a\u0144cuszek z 18-karatowego z\u0142ota \u2014 dost\u0119pny w kolorze \u017c\u00f3\u0142tym, bia\u0142ym lub r\u00f3\u017cowym \u2014 oraz smuk\u0142\u0105 listw\u0119 z brylantami o \u0142\u0105cznej masie 0,20 karata, wyhodowanymi w laboratorium. Jej czysty, minimalistyczny design i regulowana d\u0142ugo\u015b\u0107 (16, 17 lub 18 cm) sprawiaj\u0105, \u017ce jest to naturalny wyb\u00f3r do noszenia na co dzie\u0144.<\/p>\n<p>Idealny element do noszenia samodzielnie lub w zestawieniu z innymi bi\u017cuteriami, kt\u00f3ry doda subtelnego blasku Twojemu nadgarstkowi. Ka\u017cdy kamie\u0144 posiada certyfikat jako\u015bci i blasku, oprawiony w certyfikowane przez LBMA 18-karatowe z\u0142oto.<\/p>","protected":false},"excerpt":{"rendered":"<p>Bransoletka Whisper Diamond Bar posiada delikatny \u0142a\u0144cuszek z 18-karatowego z\u0142ota \u2014 dost\u0119pny w kolorze \u017c\u00f3\u0142tym, bia\u0142ym lub r\u00f3\u017cowym \u2014 oraz smuk\u0142\u0105 listw\u0119 z brylantami o \u0142\u0105cznej masie 0,20 karata, wyhodowanymi w laboratorium. Jej czysty, minimalistyczny design i regulowana d\u0142ugo\u015b\u0107 (16, 17 lub 18 cm) sprawiaj\u0105, \u017ce jest to naturalny wyb\u00f3r do noszenia na co dzie\u0144.<\/p>","protected":false},"featured_media":13795,"template":"","meta":{"_acf_changed":false},"product_brand":[],"product_cat":[55,1140,1336],"product_tag":[620,1342,1344,1341,1315,1343,1339,1312,1340,855],"class_list":{"0":"post-13763","1":"product","2":"type-product","3":"status-publish","4":"has-post-thumbnail","6":"product_cat-bracelets","7":"product_cat-gifts-under-1000-euro","8":"product_cat-tennis-bracelets","9":"product_tag-18k-gold-bracelet","10":"product_tag-bar-bracelet","11":"product_tag-cable-chain-bracelet","12":"product_tag-dainty-jewelry","13":"product_tag-delicate-gold-bracelet","14":"product_tag-ethical-diamonds","15":"product_tag-lab-grown-diamond-bar-bracelet","16":"product_tag-minimalist-diamond-bracelet","17":"product_tag-pave-set-diamonds","18":"product_tag-stacking-bracelet","19":"pa_metal-rose-gold","20":"pa_metal-white-gold","21":"pa_metal-yellow-gold","23":"first","24":"instock","25":"taxable","26":"shipping-taxable","27":"purchasable","28":"product-type-variable"},"acf":[],"jetpack_sharing_enabled":true,"_links":{"self":[{"href":"https:\/\/lumierediamonds.eu\/pl\/wp-json\/wp\/v2\/product\/13763","targetHints":{"allow":["GET"]}}],"collection":[{"href":"https:\/\/lumierediamonds.eu\/pl\/wp-json\/wp\/v2\/product"}],"about":[{"href":"https:\/\/lumierediamonds.eu\/pl\/wp-json\/wp\/v2\/types\/product"}],"version-history":[{"count":4,"href":"https:\/\/lumierediamonds.eu\/pl\/wp-json\/wp\/v2\/product\/13763\/revisions"}],"predecessor-version":[{"id":13803,"href":"https:\/\/lumierediamonds.eu\/pl\/wp-json\/wp\/v2\/product\/13763\/revisions\/13803"}],"wp:featuredmedia":[{"embeddable":true,"href":"https:\/\/lumierediamonds.eu\/pl\/wp-json\/wp\/v2\/media\/13795"}],"wp:attachment":[{"href":"https:\/\/lumierediamonds.eu\/pl\/wp-json\/wp\/v2\/media?parent=13763"}],"wp:term":[{"taxonomy":"product_brand","embeddable":true,"href":"https:\/\/lumierediamonds.eu\/pl\/wp-json\/wp\/v2\/product_brand?post=13763"},{"taxonomy":"product_cat","embeddable":true,"href":"https:\/\/lumierediamonds.eu\/pl\/wp-json\/wp\/v2\/product_cat?post=13763"},{"taxonomy":"product_tag","embeddable":true,"href":"https:\/\/lumierediamonds.eu\/pl\/wp-json\/wp\/v2\/product_tag?post=13763"}],"curies":[{"name":"wp","href":"https:\/\/api.w.org\/{rel}","templated":true}]}}