{"id":13764,"date":"2025-11-26T15:15:23","date_gmt":"2025-11-26T14:15:23","guid":{"rendered":"https:\/\/lumierediamonds.eu\/?post_type=product&#038;p=13764"},"modified":"2025-11-26T16:48:06","modified_gmt":"2025-11-26T15:48:06","slug":"bransoletka-z-diamentami-luna","status":"publish","type":"product","link":"https:\/\/lumierediamonds.eu\/pl\/produkt\/bransoletka-z-diamentami-luna\/","title":{"rendered":"Bransoletka Luna z diamentow\u0105 ramk\u0105"},"content":{"rendered":"<p>Delikatny blask, idealnie zr\u00f3wnowa\u017cony.<br \/>\nBransoletka Luna Diamond Bezel posiada pi\u0119\u0107 okr\u0105g\u0142ych diament\u00f3w wyhodowanych w laboratorium, osadzonych w oprawie wzd\u0142u\u017c delikatnego \u0142a\u0144cuszka z 18-karatowego \u017c\u00f3\u0142tego lub bia\u0142ego z\u0142ota, co nadaje jej czysty, nowoczesny wygl\u0105d. \u0141\u0105czna masa diament\u00f3w wynosi 0,50 karata, a ka\u017cdy kamie\u0144 jest precyzyjnie osadzony, aby stworzy\u0107 wra\u017cenie harmonii i lekko\u015bci.<\/p>\n<p>Stworzone z my\u015bl\u0105 o codziennym noszeniu \u2014 podstawowy element ka\u017cdej kolekcji, ale wystarczaj\u0105cy r\u00f3wnie\u017c do samodzielnego noszenia. Ka\u017cdy kamie\u0144 posiada certyfikat jako\u015bci i blasku, osadzony w certyfikowanym przez LBMA 18-karatowym z\u0142ocie.<\/p>","protected":false},"excerpt":{"rendered":"<p>Bransoletka Luna Diamond Bezel posiada pi\u0119\u0107 okr\u0105g\u0142ych diament\u00f3w wyhodowanych w laboratorium, osadzonych w oprawie wzd\u0142u\u017c delikatnego \u0142a\u0144cuszka z 18-karatowego \u017c\u00f3\u0142tego lub bia\u0142ego z\u0142ota, co nadaje jej czysty, nowoczesny wygl\u0105d. \u0141\u0105czna masa diament\u00f3w wynosi 0,50 karata, a ka\u017cdy kamie\u0144 jest precyzyjnie osadzony, aby stworzy\u0107 wra\u017cenie harmonii i lekko\u015bci.<\/p>","protected":false},"featured_media":13782,"template":"","meta":{"_acf_changed":false},"product_brand":[],"product_cat":[55,852,1338],"product_tag":[620,1346,1348,242,1345,1349,846,810,855,1347],"class_list":{"0":"post-13764","1":"product","2":"type-product","3":"status-publish","4":"has-post-thumbnail","6":"product_cat-bracelets","7":"product_cat-chain-bracelets","8":"product_cat-station-bracelets","9":"product_tag-18k-gold-bracelet","10":"product_tag-bezel-set-diamonds","11":"product_tag-dainty-bracelet","12":"product_tag-gold-diamond-bracelet","13":"product_tag-lab-grown-diamond-bracelet-2","14":"product_tag-luxury-lab-diamonds","15":"product_tag-minimalist-jewelry","16":"product_tag-round-cut-diamonds","17":"product_tag-stacking-bracelet","18":"product_tag-station-bracelet","19":"pa_metal-white-gold","20":"pa_metal-yellow-gold","22":"first","23":"instock","24":"taxable","25":"shipping-taxable","26":"purchasable","27":"product-type-variable"},"acf":[],"jetpack_sharing_enabled":true,"_links":{"self":[{"href":"https:\/\/lumierediamonds.eu\/pl\/wp-json\/wp\/v2\/product\/13764","targetHints":{"allow":["GET"]}}],"collection":[{"href":"https:\/\/lumierediamonds.eu\/pl\/wp-json\/wp\/v2\/product"}],"about":[{"href":"https:\/\/lumierediamonds.eu\/pl\/wp-json\/wp\/v2\/types\/product"}],"version-history":[{"count":3,"href":"https:\/\/lumierediamonds.eu\/pl\/wp-json\/wp\/v2\/product\/13764\/revisions"}],"predecessor-version":[{"id":13800,"href":"https:\/\/lumierediamonds.eu\/pl\/wp-json\/wp\/v2\/product\/13764\/revisions\/13800"}],"wp:featuredmedia":[{"embeddable":true,"href":"https:\/\/lumierediamonds.eu\/pl\/wp-json\/wp\/v2\/media\/13782"}],"wp:attachment":[{"href":"https:\/\/lumierediamonds.eu\/pl\/wp-json\/wp\/v2\/media?parent=13764"}],"wp:term":[{"taxonomy":"product_brand","embeddable":true,"href":"https:\/\/lumierediamonds.eu\/pl\/wp-json\/wp\/v2\/product_brand?post=13764"},{"taxonomy":"product_cat","embeddable":true,"href":"https:\/\/lumierediamonds.eu\/pl\/wp-json\/wp\/v2\/product_cat?post=13764"},{"taxonomy":"product_tag","embeddable":true,"href":"https:\/\/lumierediamonds.eu\/pl\/wp-json\/wp\/v2\/product_tag?post=13764"}],"curies":[{"name":"wp","href":"https:\/\/api.w.org\/{rel}","templated":true}]}}