{"id":13948,"date":"2025-12-04T15:35:06","date_gmt":"2025-12-04T14:35:06","guid":{"rendered":"https:\/\/lumierediamonds.eu\/?post_type=product&#038;p=13948"},"modified":"2025-12-04T15:47:46","modified_gmt":"2025-12-04T14:47:46","slug":"wisiorek-z-brylantem-o-szlifie-markizowym-eterna","status":"publish","type":"product","link":"https:\/\/lumierediamonds.eu\/pl\/produkt\/wisiorek-z-brylantem-o-szlifie-markizowym-eterna\/","title":{"rendered":"Wisiorek z brylantem o szlifie markizowym Eterna"},"content":{"rendered":"<p class=\"p1\">Pe\u0142en wdzi\u0119ku blask uchwycony w idealnej symetrii.<\/p>\n<p class=\"p1\">The <span class=\"s1\"><b>Wisiorek z brylantem Lumi\u00e8re Marquise<\/b><\/span> posiada <span class=\"s1\">diament o szlifie owalnym wyhodowany w laboratorium<\/span>, podziwiany za sw\u00f3j wyd\u0142u\u017cony kszta\u0142t i delikatny blask, kt\u00f3ry podkre\u015bla ka\u017cdy dekolt. Jego fasetowane krzywizny odbijaj\u0105 \u015bwiat\u0142o z niezwyk\u0142\u0105 p\u0142ynno\u015bci\u0105, tworz\u0105c wra\u017cenie ciep\u0142a i ruchu. Zawieszony na delikatnym z\u0142otym \u0142a\u0144cuszku i zabezpieczony <span class=\"s1\">zapi\u0119cie homarowe<\/span>, Ten wisiorek nadaje codziennej elegancji wyrafinowan\u0105 prostot\u0119.<\/p>\n<p class=\"p3\"><span class=\"s2\">Dost\u0119pne w <\/span>18-karatowe \u017c\u00f3\u0142te lub bia\u0142e z\u0142oto<span class=\"s2\">, oraz w <\/span>wyb\u00f3r masy karatowej<span class=\"s2\">.<\/span><\/p>","protected":false},"excerpt":{"rendered":"<p class=\"p1\">Wisiorek z brylantem o szlifie owalnym Eterna emanuje ponadczasow\u0105 elegancj\u0105 dzi\u0119ki wyd\u0142u\u017conej sylwetce i minimalistycznej oprawie. Ten wyrafinowany wisiorek, zawieszony na delikatnym \u0142a\u0144cuszku z 18-karatowego z\u0142ota, jest dost\u0119pny w siedmiu wersjach o r\u00f3\u017cnej masie karatowej i dw\u00f3ch kolorach z\u0142ota \u2014 idealny zar\u00f3wno do noszenia samodzielnie, jak i w zestawieniu z innymi bi\u017cuteri\u0105.<\/p>","protected":false},"featured_media":10910,"template":"","meta":{"_acf_changed":false},"product_brand":[],"product_cat":[552,53,759],"product_tag":[635,748,981,401,970,303,982],"class_list":{"0":"post-13948","1":"product","2":"type-product","3":"status-publish","4":"has-post-thumbnail","6":"product_cat-diamond-essentials","7":"product_cat-necklaces-pendants","8":"product_cat-pendants","9":"product_tag-18k-gold-necklace","10":"product_tag-cable-chain-necklace","11":"product_tag-elegant-pendant","12":"product_tag-luxury-necklace","13":"product_tag-minimalist-gold-pendant","14":"product_tag-solitaire-necklace","15":"product_tag-timeless-diamond-jewelry","16":"pa_metal-white-gold","17":"pa_metal-yellow-gold","19":"first","20":"instock","21":"taxable","22":"shipping-taxable","23":"purchasable","24":"product-type-variable"},"acf":[],"jetpack_sharing_enabled":true,"_links":{"self":[{"href":"https:\/\/lumierediamonds.eu\/pl\/wp-json\/wp\/v2\/product\/13948","targetHints":{"allow":["GET"]}}],"collection":[{"href":"https:\/\/lumierediamonds.eu\/pl\/wp-json\/wp\/v2\/product"}],"about":[{"href":"https:\/\/lumierediamonds.eu\/pl\/wp-json\/wp\/v2\/types\/product"}],"version-history":[{"count":1,"href":"https:\/\/lumierediamonds.eu\/pl\/wp-json\/wp\/v2\/product\/13948\/revisions"}],"predecessor-version":[{"id":13963,"href":"https:\/\/lumierediamonds.eu\/pl\/wp-json\/wp\/v2\/product\/13948\/revisions\/13963"}],"wp:featuredmedia":[{"embeddable":true,"href":"https:\/\/lumierediamonds.eu\/pl\/wp-json\/wp\/v2\/media\/10910"}],"wp:attachment":[{"href":"https:\/\/lumierediamonds.eu\/pl\/wp-json\/wp\/v2\/media?parent=13948"}],"wp:term":[{"taxonomy":"product_brand","embeddable":true,"href":"https:\/\/lumierediamonds.eu\/pl\/wp-json\/wp\/v2\/product_brand?post=13948"},{"taxonomy":"product_cat","embeddable":true,"href":"https:\/\/lumierediamonds.eu\/pl\/wp-json\/wp\/v2\/product_cat?post=13948"},{"taxonomy":"product_tag","embeddable":true,"href":"https:\/\/lumierediamonds.eu\/pl\/wp-json\/wp\/v2\/product_tag?post=13948"}],"curies":[{"name":"wp","href":"https:\/\/api.w.org\/{rel}","templated":true}]}}