{"id":13966,"date":"2025-12-04T16:40:34","date_gmt":"2025-12-04T15:40:34","guid":{"rendered":"https:\/\/lumierediamonds.eu\/product\/clara-diamond-pendant\/"},"modified":"2025-12-04T16:49:04","modified_gmt":"2025-12-04T15:49:04","slug":"wisiorek-z-brylantem-clara","status":"publish","type":"product","link":"https:\/\/lumierediamonds.eu\/pl\/produkt\/wisiorek-z-brylantem-clara\/","title":{"rendered":"Wisiorek Clara Diamond"},"content":{"rendered":"<p>Wisiorek Clara Diamond zawiera trzy okr\u0105g\u0142e diamenty wyhodowane w laboratorium o r\u00f3\u017cnych rozmiarach, zawieszone pionowo na delikatnym \u0142a\u0144cuszku z 18-karatowego z\u0142ota, dost\u0119pnym w kolorze \u017c\u00f3\u0142tym, bia\u0142ym lub r\u00f3\u017cowym. Ka\u017cdy kamie\u0144 o \u0142\u0105cznej masie 1,00 karata jest osadzony w szponach, co pozwala na maksymaln\u0105 gr\u0119 \u015bwiat\u0142a.<\/p>\n<p>Ponadczasowy fason o eleganckich proporcjach. Wystarczaj\u0105co wyrafinowany na co dzie\u0144, wystarczaj\u0105co efektowny na wiecz\u00f3r.<\/p>","protected":false},"excerpt":{"rendered":"<p>Wisiorek Clara Diamond zawiera trzy okr\u0105g\u0142e diamenty wyhodowane w laboratorium o r\u00f3\u017cnych rozmiarach, zawieszone pionowo na delikatnym \u0142a\u0144cuszku z 18-karatowego z\u0142ota, dost\u0119pnym w kolorze \u017c\u00f3\u0142tym, bia\u0142ym lub r\u00f3\u017cowym. Ka\u017cdy kamie\u0144 o \u0142\u0105cznej masie 1,00 karata jest osadzony w szponach, co pozwala na maksymaln\u0105 gr\u0119 \u015bwiat\u0142a.<\/p>","protected":false},"featured_media":13994,"template":"","meta":{"_acf_changed":false},"product_brand":[],"product_cat":[53,552,759],"product_tag":[],"class_list":{"0":"post-13966","1":"product","2":"type-product","3":"status-publish","4":"has-post-thumbnail","6":"product_cat-necklaces-pendants","7":"product_cat-diamond-essentials","8":"product_cat-pendants","9":"pa_metal-yellow-gold","11":"first","12":"instock","13":"taxable","14":"shipping-taxable","15":"purchasable","16":"product-type-simple"},"acf":[],"jetpack_sharing_enabled":true,"_links":{"self":[{"href":"https:\/\/lumierediamonds.eu\/pl\/wp-json\/wp\/v2\/product\/13966","targetHints":{"allow":["GET"]}}],"collection":[{"href":"https:\/\/lumierediamonds.eu\/pl\/wp-json\/wp\/v2\/product"}],"about":[{"href":"https:\/\/lumierediamonds.eu\/pl\/wp-json\/wp\/v2\/types\/product"}],"version-history":[{"count":2,"href":"https:\/\/lumierediamonds.eu\/pl\/wp-json\/wp\/v2\/product\/13966\/revisions"}],"predecessor-version":[{"id":14004,"href":"https:\/\/lumierediamonds.eu\/pl\/wp-json\/wp\/v2\/product\/13966\/revisions\/14004"}],"wp:featuredmedia":[{"embeddable":true,"href":"https:\/\/lumierediamonds.eu\/pl\/wp-json\/wp\/v2\/media\/13994"}],"wp:attachment":[{"href":"https:\/\/lumierediamonds.eu\/pl\/wp-json\/wp\/v2\/media?parent=13966"}],"wp:term":[{"taxonomy":"product_brand","embeddable":true,"href":"https:\/\/lumierediamonds.eu\/pl\/wp-json\/wp\/v2\/product_brand?post=13966"},{"taxonomy":"product_cat","embeddable":true,"href":"https:\/\/lumierediamonds.eu\/pl\/wp-json\/wp\/v2\/product_cat?post=13966"},{"taxonomy":"product_tag","embeddable":true,"href":"https:\/\/lumierediamonds.eu\/pl\/wp-json\/wp\/v2\/product_tag?post=13966"}],"curies":[{"name":"wp","href":"https:\/\/api.w.org\/{rel}","templated":true}]}}