{"id":13967,"date":"2025-12-04T16:40:35","date_gmt":"2025-12-04T15:40:35","guid":{"rendered":"https:\/\/lumierediamonds.eu\/product\/sonata-channel-set-engagement-ring\/"},"modified":"2025-12-04T18:27:26","modified_gmt":"2025-12-04T17:27:26","slug":"pierscionek-zareczynowy-z-brylantami-w-oprawie-typu-sonata-channel","status":"publish","type":"product","link":"https:\/\/lumierediamonds.eu\/pl\/produkt\/pierscionek-zareczynowy-z-brylantami-w-oprawie-typu-sonata-channel\/","title":{"rendered":"Pier\u015bcionek zar\u0119czynowy z brylantami w oprawie typu channel"},"content":{"rendered":"<p>W pier\u015bcionku zar\u0119czynowym Sonata o\u015bmioro okr\u0105g\u0142ych diament\u00f3w otacza centralny kamie\u0144, przyci\u0105gaj\u0105c wzrok subtelnym blaskiem. Wykonany z 18-karatowego \u017c\u00f3\u0142tego, bia\u0142ego lub r\u00f3\u017cowego z\u0142ota, delikatnie zw\u0119\u017caj\u0105cy si\u0119 pasek podkre\u015bla wybrany przez Ciebie kamie\u0144 centralny \u2014 dost\u0119pny w gramaturach od 0,3 ct do 3 ct. Wyrafinowane podej\u015bcie do ponadczasowego stylu, zaprojektowane tak, aby pi\u0119knie komponowa\u0107 si\u0119 z dopasowan\u0105 obr\u0105czk\u0105 \u015blubn\u0105.<\/p>","protected":false},"excerpt":{"rendered":"<p>W pier\u015bcionku zar\u0119czynowym Sonata o\u015bmioro okr\u0105g\u0142ych diament\u00f3w otacza centralny kamie\u0144, przyci\u0105gaj\u0105c wzrok subtelnym blaskiem. Dost\u0119pny w wersji z 18-karatowego \u017c\u00f3\u0142tego, bia\u0142ego lub r\u00f3\u017cowego z\u0142ota, ten model z kana\u0142owym osadzeniem \u0142\u0105czy w sobie klasyczn\u0105 elegancj\u0119 z nowoczesn\u0105 przejrzysto\u015bci\u0105.<\/p>","protected":false},"featured_media":14024,"template":"","meta":{"_acf_changed":false},"product_brand":[],"product_cat":[52,24],"product_tag":[1364,1363,467,1063],"class_list":{"0":"post-13967","1":"product","2":"type-product","3":"status-publish","4":"has-post-thumbnail","6":"product_cat-rings","7":"product_cat-engagement-rings","8":"product_tag-channel-engagement-ring","9":"product_tag-channel-ring","10":"product_tag-channel-set-diamond-band","11":"product_tag-channel-set-wedding-band","12":"pa_metal-rose-gold","13":"pa_metal-white-gold","14":"pa_metal-yellow-gold","16":"first","17":"instock","18":"taxable","19":"shipping-taxable","20":"product-type-variable"},"acf":[],"jetpack_sharing_enabled":true,"_links":{"self":[{"href":"https:\/\/lumierediamonds.eu\/pl\/wp-json\/wp\/v2\/product\/13967","targetHints":{"allow":["GET"]}}],"collection":[{"href":"https:\/\/lumierediamonds.eu\/pl\/wp-json\/wp\/v2\/product"}],"about":[{"href":"https:\/\/lumierediamonds.eu\/pl\/wp-json\/wp\/v2\/types\/product"}],"version-history":[{"count":1,"href":"https:\/\/lumierediamonds.eu\/pl\/wp-json\/wp\/v2\/product\/13967\/revisions"}],"predecessor-version":[{"id":14055,"href":"https:\/\/lumierediamonds.eu\/pl\/wp-json\/wp\/v2\/product\/13967\/revisions\/14055"}],"wp:featuredmedia":[{"embeddable":true,"href":"https:\/\/lumierediamonds.eu\/pl\/wp-json\/wp\/v2\/media\/14024"}],"wp:attachment":[{"href":"https:\/\/lumierediamonds.eu\/pl\/wp-json\/wp\/v2\/media?parent=13967"}],"wp:term":[{"taxonomy":"product_brand","embeddable":true,"href":"https:\/\/lumierediamonds.eu\/pl\/wp-json\/wp\/v2\/product_brand?post=13967"},{"taxonomy":"product_cat","embeddable":true,"href":"https:\/\/lumierediamonds.eu\/pl\/wp-json\/wp\/v2\/product_cat?post=13967"},{"taxonomy":"product_tag","embeddable":true,"href":"https:\/\/lumierediamonds.eu\/pl\/wp-json\/wp\/v2\/product_tag?post=13967"}],"curies":[{"name":"wp","href":"https:\/\/api.w.org\/{rel}","templated":true}]}}