{"id":14007,"date":"2025-12-04T17:01:49","date_gmt":"2025-12-04T16:01:49","guid":{"rendered":"https:\/\/lumierediamonds.eu\/product\/cannes-diamond-bar-pendant\/"},"modified":"2026-03-01T17:48:16","modified_gmt":"2026-03-01T16:48:16","slug":"diamentowy-wisiorek-whisper","status":"publish","type":"product","link":"https:\/\/lumierediamonds.eu\/pl\/produkt\/diamentowy-wisiorek-whisper\/","title":{"rendered":"Diamentowy wisiorek Whisper"},"content":{"rendered":"<p class=\"p1\">Linia \u015bwiat\u0142a.<b><\/b><\/p>\n<p class=\"p3\">The <span class=\"s1\"><b>Diamentowy wisiorek Whisper<\/b><\/span> ma pionowy rz\u0105d diament\u00f3w pav\u00e9 o \u0142\u0105cznej masie 0,06 karata, osadzonych w polerowanym 18-karatowym z\u0142otym pr\u0119cie. Zawieszony na cienkim \u0142a\u0144cuszku i dost\u0119pny w 18-karatowym \u017c\u00f3\u0142tym lub bia\u0142ym z\u0142ocie, jego czysta sylwetka nadaje dekoltowi subteln\u0105 struktur\u0119 i cichy blask.<\/p>\n<p class=\"p1\">Zaprojektowany do \u0142atwego \u0142\u0105czenia z <span class=\"s1\">Kolczyki Whisper Pav\u00e9 Drop Earrings<\/span>, Tworzy wyrafinowany zestaw, kt\u00f3ry p\u0142ynnie przechodzi z dnia na wiecz\u00f3r. Zestaw z bezkonfliktowymi diamentami hodowanymi w laboratorium o wyj\u0105tkowym blasku, to element stworzony z my\u015bl\u0105 o subtelnej elegancji.<\/p>","protected":false},"excerpt":{"rendered":"<p>Zaprojektowany do \u0142atwego \u0142\u0105czenia z <span class=\"s1\">Kolczyki Whisper Pav\u00e9 Drop Earrings<\/span>, Tworzy wyrafinowany zestaw, kt\u00f3ry p\u0142ynnie przechodzi z dnia na wiecz\u00f3r. Zestaw z bezkonfliktowymi diamentami hodowanymi w laboratorium o wyj\u0105tkowym blasku, to element stworzony z my\u015bl\u0105 o subtelnej elegancji.<\/p>","protected":false},"featured_media":13998,"template":"","meta":{"_acf_changed":false},"product_brand":[],"product_cat":[53,759],"product_tag":[960,1357,1362,1188,1360,1359,747,1358],"class_list":{"0":"post-14007","1":"product","2":"type-product","3":"status-publish","4":"has-post-thumbnail","6":"product_cat-necklaces-pendants","7":"product_cat-pendants","8":"product_tag-18k-gold-pendant","9":"product_tag-diamond-bar-necklace","10":"product_tag-everyday-diamond-necklace","11":"product_tag-fine-gold-necklace","12":"product_tag-gold-bar-necklace","13":"product_tag-lab-diamond-jewelry","14":"product_tag-minimalist-pendant","15":"product_tag-pave-set-diamond-pendant","16":"pa_metal-white-gold","17":"pa_metal-yellow-gold","19":"first","20":"instock","21":"taxable","22":"shipping-taxable","23":"purchasable","24":"product-type-variable"},"acf":[],"jetpack_sharing_enabled":true,"_links":{"self":[{"href":"https:\/\/lumierediamonds.eu\/pl\/wp-json\/wp\/v2\/product\/14007","targetHints":{"allow":["GET"]}}],"collection":[{"href":"https:\/\/lumierediamonds.eu\/pl\/wp-json\/wp\/v2\/product"}],"about":[{"href":"https:\/\/lumierediamonds.eu\/pl\/wp-json\/wp\/v2\/types\/product"}],"version-history":[{"count":3,"href":"https:\/\/lumierediamonds.eu\/pl\/wp-json\/wp\/v2\/product\/14007\/revisions"}],"predecessor-version":[{"id":14747,"href":"https:\/\/lumierediamonds.eu\/pl\/wp-json\/wp\/v2\/product\/14007\/revisions\/14747"}],"wp:featuredmedia":[{"embeddable":true,"href":"https:\/\/lumierediamonds.eu\/pl\/wp-json\/wp\/v2\/media\/13998"}],"wp:attachment":[{"href":"https:\/\/lumierediamonds.eu\/pl\/wp-json\/wp\/v2\/media?parent=14007"}],"wp:term":[{"taxonomy":"product_brand","embeddable":true,"href":"https:\/\/lumierediamonds.eu\/pl\/wp-json\/wp\/v2\/product_brand?post=14007"},{"taxonomy":"product_cat","embeddable":true,"href":"https:\/\/lumierediamonds.eu\/pl\/wp-json\/wp\/v2\/product_cat?post=14007"},{"taxonomy":"product_tag","embeddable":true,"href":"https:\/\/lumierediamonds.eu\/pl\/wp-json\/wp\/v2\/product_tag?post=14007"}],"curies":[{"name":"wp","href":"https:\/\/api.w.org\/{rel}","templated":true}]}}