{"id":14466,"date":"2026-01-16T06:09:49","date_gmt":"2026-01-16T05:09:49","guid":{"rendered":"https:\/\/lumierediamonds.eu\/?post_type=product&#038;p=14466"},"modified":"2026-04-22T15:43:43","modified_gmt":"2026-04-22T13:43:43","slug":"owalny-pierscionek-zareczynowy-lucia-z-diamentem-w-aureoli","status":"publish","type":"product","link":"https:\/\/lumierediamonds.eu\/pl\/produkt\/owalny-pierscionek-zareczynowy-lucia-z-diamentem-w-aureoli\/","title":{"rendered":"Pier\u015bcionek zar\u0119czynowy Lucia Oval Diamond Halo"},"content":{"rendered":"<p>Lampka w stylu vintage o delikatnym kszta\u0142cie.<br \/>\nPier\u015bcionek zar\u0119czynowy Lucia Oval Diamond Halo zawiera okr\u0105g\u0142y diament z laboratorium, otoczony owaln\u0105 aureol\u0105 okr\u0105g\u0142ych diament\u00f3w z laboratorium w stopniowanych rozmiarach. Projekt tworzy mi\u0119kk\u0105, pe\u0142n\u0105 wdzi\u0119ku sylwetk\u0119, kt\u00f3ra zwi\u0119ksza blask, na nowo wyobra\u017caj\u0105c sobie klasyczny owalny wygl\u0105d dzi\u0119ki aureoli stopniowanych okr\u0105g\u0142ych diament\u00f3w.<\/p>\n<p>Wykonany z 18-karatowego \u017c\u00f3\u0142tego, bia\u0142ego lub r\u00f3\u017cowego z\u0142ota, delikatny pasek podtrzymuje uniesion\u0105 aureol\u0119, przepuszczaj\u0105c \u015bwiat\u0142o i o\u015bwietlaj\u0105c ka\u017cdy kamie\u0144. Skomplikowany uk\u0142ad zapewnia wymiar i blask pod ka\u017cdym k\u0105tem.<\/p>\n<p>Romantyczny i ponadczasowy, oddaje urok stylu vintage z jasnym, nowoczesnym charakterem.<\/p>","protected":false},"excerpt":{"rendered":"<p class=\"p1\">Pier\u015bcionek zar\u0119czynowy Lucia Oval Diamond Halo \u0142\u0105czy okr\u0105g\u0142y, wyhodowany w laboratorium diament centralny z owaln\u0105 aureol\u0105 stopniowanych okr\u0105g\u0142ych diament\u00f3w, tworz\u0105c mi\u0119kk\u0105, promienn\u0105 sylwetk\u0119. Wykonany z 18-karatowego \u017c\u00f3\u0142tego, bia\u0142ego lub r\u00f3\u017cowego z\u0142ota, jego podwy\u017cszona oprawa zaprasza \u015bwiat\u0142o pod ka\u017cdym k\u0105tem, \u0142\u0105cz\u0105c romantyzm vintage z nowoczesnym blaskiem.<\/p>","protected":false},"featured_media":14522,"template":"","meta":{"_acf_changed":false},"product_brand":[],"product_cat":[52,24],"product_tag":[1381,254],"class_list":{"0":"post-14466","1":"product","2":"type-product","3":"status-publish","4":"has-post-thumbnail","6":"product_cat-rings","7":"product_cat-engagement-rings","8":"product_tag-halo","9":"product_tag-halo-ring","10":"pa_metal-rose-gold","11":"pa_metal-white-gold","12":"pa_metal-yellow-gold","14":"first","15":"instock","16":"taxable","17":"shipping-taxable","18":"purchasable","19":"product-type-variable"},"acf":[],"jetpack_sharing_enabled":true,"_links":{"self":[{"href":"https:\/\/lumierediamonds.eu\/pl\/wp-json\/wp\/v2\/product\/14466","targetHints":{"allow":["GET"]}}],"collection":[{"href":"https:\/\/lumierediamonds.eu\/pl\/wp-json\/wp\/v2\/product"}],"about":[{"href":"https:\/\/lumierediamonds.eu\/pl\/wp-json\/wp\/v2\/types\/product"}],"version-history":[{"count":4,"href":"https:\/\/lumierediamonds.eu\/pl\/wp-json\/wp\/v2\/product\/14466\/revisions"}],"predecessor-version":[{"id":28150,"href":"https:\/\/lumierediamonds.eu\/pl\/wp-json\/wp\/v2\/product\/14466\/revisions\/28150"}],"wp:featuredmedia":[{"embeddable":true,"href":"https:\/\/lumierediamonds.eu\/pl\/wp-json\/wp\/v2\/media\/14522"}],"wp:attachment":[{"href":"https:\/\/lumierediamonds.eu\/pl\/wp-json\/wp\/v2\/media?parent=14466"}],"wp:term":[{"taxonomy":"product_brand","embeddable":true,"href":"https:\/\/lumierediamonds.eu\/pl\/wp-json\/wp\/v2\/product_brand?post=14466"},{"taxonomy":"product_cat","embeddable":true,"href":"https:\/\/lumierediamonds.eu\/pl\/wp-json\/wp\/v2\/product_cat?post=14466"},{"taxonomy":"product_tag","embeddable":true,"href":"https:\/\/lumierediamonds.eu\/pl\/wp-json\/wp\/v2\/product_tag?post=14466"}],"curies":[{"name":"wp","href":"https:\/\/api.w.org\/{rel}","templated":true}]}}