{"id":14756,"date":"2026-03-15T13:15:09","date_gmt":"2026-03-15T12:15:09","guid":{"rendered":"https:\/\/lumierediamonds.eu\/?post_type=product&#038;p=14756"},"modified":"2026-04-21T21:00:47","modified_gmt":"2026-04-21T19:00:47","slug":"diamentowy-wisiorek-z-markiza-solo","status":"publish","type":"product","link":"https:\/\/lumierediamonds.eu\/pl\/produkt\/diamentowy-wisiorek-z-markiza-solo\/","title":{"rendered":"Diamentowy wisiorek Solo Marquise"},"content":{"rendered":"<p>Elegancki i wyrze\u017abiony. Solo Marquise Diamond Pendant zawiera pojedynczy diament o szlifie markizowym, osadzony w g\u0142adkiej poziomej ramie i zawieszony na cienkim \u0142a\u0144cuszku z 18-karatowego \u017c\u00f3\u0142tego lub bia\u0142ego z\u0142ota z bezpiecznym zapi\u0119ciem homara. Dost\u0119pny w masie karatowej od 0,25 do 3 Ct. Jego wyd\u0142u\u017cona sylwetka dodaje nowoczesnego akcentu do ka\u017cdego wygl\u0105du - do noszenia warstwowego lub solo.<\/p>","protected":false},"excerpt":{"rendered":"<p>Diamentowy wisiorek Solo Marquise: Elegancki i wyrze\u017abiony.<\/p>","protected":false},"featured_media":14924,"template":"","meta":{"_acf_changed":false},"product_brand":[],"product_cat":[53,759],"product_tag":[1422,297,1097,1429,294,1415],"class_list":{"0":"post-14756","1":"product","2":"type-product","3":"status-publish","4":"has-post-thumbnail","6":"product_cat-necklaces-pendants","7":"product_cat-pendants","8":"product_tag-bezel-setting","9":"product_tag-diamond-necklace","10":"product_tag-lab-grown-diamond-2","11":"product_tag-marquise-cut","12":"product_tag-necklace","13":"product_tag-pendant-necklace","14":"pa_metal-white-gold","15":"pa_metal-yellow-gold","17":"first","18":"instock","19":"taxable","20":"shipping-taxable","21":"purchasable","22":"product-type-variable","23":"has-default-attributes"},"acf":[],"jetpack_sharing_enabled":true,"_links":{"self":[{"href":"https:\/\/lumierediamonds.eu\/pl\/wp-json\/wp\/v2\/product\/14756","targetHints":{"allow":["GET"]}}],"collection":[{"href":"https:\/\/lumierediamonds.eu\/pl\/wp-json\/wp\/v2\/product"}],"about":[{"href":"https:\/\/lumierediamonds.eu\/pl\/wp-json\/wp\/v2\/types\/product"}],"version-history":[{"count":5,"href":"https:\/\/lumierediamonds.eu\/pl\/wp-json\/wp\/v2\/product\/14756\/revisions"}],"predecessor-version":[{"id":27255,"href":"https:\/\/lumierediamonds.eu\/pl\/wp-json\/wp\/v2\/product\/14756\/revisions\/27255"}],"wp:featuredmedia":[{"embeddable":true,"href":"https:\/\/lumierediamonds.eu\/pl\/wp-json\/wp\/v2\/media\/14924"}],"wp:attachment":[{"href":"https:\/\/lumierediamonds.eu\/pl\/wp-json\/wp\/v2\/media?parent=14756"}],"wp:term":[{"taxonomy":"product_brand","embeddable":true,"href":"https:\/\/lumierediamonds.eu\/pl\/wp-json\/wp\/v2\/product_brand?post=14756"},{"taxonomy":"product_cat","embeddable":true,"href":"https:\/\/lumierediamonds.eu\/pl\/wp-json\/wp\/v2\/product_cat?post=14756"},{"taxonomy":"product_tag","embeddable":true,"href":"https:\/\/lumierediamonds.eu\/pl\/wp-json\/wp\/v2\/product_tag?post=14756"}],"curies":[{"name":"wp","href":"https:\/\/api.w.org\/{rel}","templated":true}]}}