{"id":14790,"date":"2026-03-15T13:18:19","date_gmt":"2026-03-15T12:18:19","guid":{"rendered":"https:\/\/lumierediamonds.eu\/?post_type=product&#038;p=14790"},"modified":"2026-04-21T21:00:14","modified_gmt":"2026-04-21T19:00:14","slug":"solowy-wisiorek-z-diamentem-w-ksztalcie-gruszki","status":"publish","type":"product","link":"https:\/\/lumierediamonds.eu\/pl\/produkt\/solowy-wisiorek-z-diamentem-w-ksztalcie-gruszki\/","title":{"rendered":"Diamentowy wisiorek Solo Pear"},"content":{"rendered":"<p>Delikatnie zdefiniowany. Solo Pear Diamond Pendant zawiera pojedynczy diament laboratoryjny w kszta\u0142cie gruszki, oprawiony w g\u0142adk\u0105 ramk\u0119 w kszta\u0142cie \u0142ezki i zawieszony na cienkim \u0142a\u0144cuszku z 18-karatowego \u017c\u00f3\u0142tego lub bia\u0142ego z\u0142ota z bezpiecznym zapi\u0119ciem homara. Dost\u0119pny w masie karatowej od 0,25 do 3 Ct. Elegancki i wszechstronny, oferuje subteln\u0105 krzywizn\u0119 \u015bwiat\u0142a - \u0142atw\u0105 do noszenia, samodzielnie lub w warstwie.<\/p>","protected":false},"excerpt":{"rendered":"<p>Diamentowy wisiorek Solo Pear: Delikatnie zdefiniowany.<\/p>","protected":false},"featured_media":14995,"template":"","meta":{"_acf_changed":false},"product_brand":[],"product_cat":[53,759],"product_tag":[1422,297,1097,294,215,303],"class_list":{"0":"post-14790","1":"product","2":"type-product","3":"status-publish","4":"has-post-thumbnail","6":"product_cat-necklaces-pendants","7":"product_cat-pendants","8":"product_tag-bezel-setting","9":"product_tag-diamond-necklace","10":"product_tag-lab-grown-diamond-2","11":"product_tag-necklace","12":"product_tag-pear-cut","13":"product_tag-solitaire-necklace","14":"pa_metal-white-gold","15":"pa_metal-yellow-gold","17":"first","18":"instock","19":"taxable","20":"shipping-taxable","21":"purchasable","22":"product-type-variable","23":"has-default-attributes"},"acf":[],"jetpack_sharing_enabled":true,"_links":{"self":[{"href":"https:\/\/lumierediamonds.eu\/pl\/wp-json\/wp\/v2\/product\/14790","targetHints":{"allow":["GET"]}}],"collection":[{"href":"https:\/\/lumierediamonds.eu\/pl\/wp-json\/wp\/v2\/product"}],"about":[{"href":"https:\/\/lumierediamonds.eu\/pl\/wp-json\/wp\/v2\/types\/product"}],"version-history":[{"count":5,"href":"https:\/\/lumierediamonds.eu\/pl\/wp-json\/wp\/v2\/product\/14790\/revisions"}],"predecessor-version":[{"id":27257,"href":"https:\/\/lumierediamonds.eu\/pl\/wp-json\/wp\/v2\/product\/14790\/revisions\/27257"}],"wp:featuredmedia":[{"embeddable":true,"href":"https:\/\/lumierediamonds.eu\/pl\/wp-json\/wp\/v2\/media\/14995"}],"wp:attachment":[{"href":"https:\/\/lumierediamonds.eu\/pl\/wp-json\/wp\/v2\/media?parent=14790"}],"wp:term":[{"taxonomy":"product_brand","embeddable":true,"href":"https:\/\/lumierediamonds.eu\/pl\/wp-json\/wp\/v2\/product_brand?post=14790"},{"taxonomy":"product_cat","embeddable":true,"href":"https:\/\/lumierediamonds.eu\/pl\/wp-json\/wp\/v2\/product_cat?post=14790"},{"taxonomy":"product_tag","embeddable":true,"href":"https:\/\/lumierediamonds.eu\/pl\/wp-json\/wp\/v2\/product_tag?post=14790"}],"curies":[{"name":"wp","href":"https:\/\/api.w.org\/{rel}","templated":true}]}}