{"id":14824,"date":"2026-03-15T13:21:05","date_gmt":"2026-03-15T12:21:05","guid":{"rendered":"https:\/\/lumierediamonds.eu\/?post_type=product&#038;p=14824"},"modified":"2026-04-21T21:03:23","modified_gmt":"2026-04-21T19:03:23","slug":"owalny-diamentowy-wisiorek-solo","status":"publish","type":"product","link":"https:\/\/lumierediamonds.eu\/pl\/produkt\/owalny-diamentowy-wisiorek-solo\/","title":{"rendered":"Owalny diamentowy wisiorek Solo"},"content":{"rendered":"<p>Ponadczasowy design. Owalny diamentowy wisiorek Solo zawiera pojedynczy owalny diament wyhodowany w laboratorium, osadzony w ramce w g\u0142adkiej poziomej ramie i zawieszony na cienkim \u0142a\u0144cuszku z 18-karatowego \u017c\u00f3\u0142tego lub bia\u0142ego z\u0142ota z bezpiecznym zapi\u0119ciem homara. Dost\u0119pny w masach karatowych od 0,25 do 3 Ct. Jego klasyczny kszta\u0142t i czyste wyko\u0144czenie zapewniaj\u0105 mi\u0119kkie o\u015bwiadczenie - idealne do codziennego noszenia, warstwowego lub samodzielnego.<\/p>","protected":false},"excerpt":{"rendered":"<p>Owalny diamentowy wisiorek Solo: Ponadczasowy design.<\/p>","protected":false},"featured_media":15036,"template":"","meta":{"_acf_changed":false},"product_brand":[],"product_cat":[53,759],"product_tag":[1422,297,1097,294,212,1415],"class_list":{"0":"post-14824","1":"product","2":"type-product","3":"status-publish","4":"has-post-thumbnail","6":"product_cat-necklaces-pendants","7":"product_cat-pendants","8":"product_tag-bezel-setting","9":"product_tag-diamond-necklace","10":"product_tag-lab-grown-diamond-2","11":"product_tag-necklace","12":"product_tag-oval-diamond","13":"product_tag-pendant-necklace","14":"pa_metal-white-gold","15":"pa_metal-yellow-gold","17":"first","18":"instock","19":"taxable","20":"shipping-taxable","21":"purchasable","22":"product-type-variable","23":"has-default-attributes"},"acf":[],"jetpack_sharing_enabled":true,"_links":{"self":[{"href":"https:\/\/lumierediamonds.eu\/pl\/wp-json\/wp\/v2\/product\/14824","targetHints":{"allow":["GET"]}}],"collection":[{"href":"https:\/\/lumierediamonds.eu\/pl\/wp-json\/wp\/v2\/product"}],"about":[{"href":"https:\/\/lumierediamonds.eu\/pl\/wp-json\/wp\/v2\/types\/product"}],"version-history":[{"count":4,"href":"https:\/\/lumierediamonds.eu\/pl\/wp-json\/wp\/v2\/product\/14824\/revisions"}],"predecessor-version":[{"id":27262,"href":"https:\/\/lumierediamonds.eu\/pl\/wp-json\/wp\/v2\/product\/14824\/revisions\/27262"}],"wp:featuredmedia":[{"embeddable":true,"href":"https:\/\/lumierediamonds.eu\/pl\/wp-json\/wp\/v2\/media\/15036"}],"wp:attachment":[{"href":"https:\/\/lumierediamonds.eu\/pl\/wp-json\/wp\/v2\/media?parent=14824"}],"wp:term":[{"taxonomy":"product_brand","embeddable":true,"href":"https:\/\/lumierediamonds.eu\/pl\/wp-json\/wp\/v2\/product_brand?post=14824"},{"taxonomy":"product_cat","embeddable":true,"href":"https:\/\/lumierediamonds.eu\/pl\/wp-json\/wp\/v2\/product_cat?post=14824"},{"taxonomy":"product_tag","embeddable":true,"href":"https:\/\/lumierediamonds.eu\/pl\/wp-json\/wp\/v2\/product_tag?post=14824"}],"curies":[{"name":"wp","href":"https:\/\/api.w.org\/{rel}","templated":true}]}}