{"id":14858,"date":"2026-03-15T13:23:52","date_gmt":"2026-03-15T12:23:52","guid":{"rendered":"https:\/\/lumierediamonds.eu\/?post_type=product&#038;p=14858"},"modified":"2026-04-21T21:07:34","modified_gmt":"2026-04-21T19:07:34","slug":"diamentowy-naszyjnik-luna","status":"publish","type":"product","link":"https:\/\/lumierediamonds.eu\/pl\/produkt\/diamentowy-naszyjnik-luna\/","title":{"rendered":"Naszyjnik Luna Diamond Bezel"},"content":{"rendered":"<p>Naszyjnik Luna Diamond Bezel zawiera pi\u0119\u0107 okr\u0105g\u0142ych diament\u00f3w hodowanych w laboratorium, osadzonych w ramce wzd\u0142u\u017c cienkiego 18-karatowego z\u0142otego \u0142a\u0144cuszka - dost\u0119pnego w \u017c\u00f3\u0142tym lub bia\u0142ym z\u0142ocie. Przy ca\u0142kowitej masie diament\u00f3w wynosz\u0105cej 1,25 karata, ka\u017cdy diament jest rozmieszczony tak, aby stworzy\u0107 ruch i lekko\u015b\u0107 na dekolcie. Bezpretensjonalny i pe\u0142en uroku, ten kawa\u0142ek przynosi \u0142atw\u0105 elegancj\u0119, kt\u00f3ra czuje si\u0119 tak samo bez wysi\u0142ku, jak wygl\u0105da.<\/p>","protected":false},"excerpt":{"rendered":"<p>Naszyjnik Luna Diamond Bezel zawiera pi\u0119\u0107 okr\u0105g\u0142ych diament\u00f3w hodowanych w laboratorium, osadzonych w ramce wzd\u0142u\u017c cienkiego 18-karatowego z\u0142otego \u0142a\u0144cuszka - dost\u0119pnego w \u017c\u00f3\u0142tym, bia\u0142ym lub r\u00f3\u017cowym z\u0142ocie.<\/p>","protected":false},"featured_media":15107,"template":"","meta":{"_acf_changed":false},"product_brand":[],"product_cat":[741,1163,53],"product_tag":[635,1421,297,1097,294,613],"class_list":{"0":"post-14858","1":"product","2":"type-product","3":"status-publish","4":"has-post-thumbnail","6":"product_cat-chain-necklaces","7":"product_cat-diamond-necklaces","8":"product_cat-necklaces-pendants","9":"product_tag-18k-gold-necklace","10":"product_tag-bezel-set","11":"product_tag-diamond-necklace","12":"product_tag-lab-grown-diamond-2","13":"product_tag-necklace","14":"product_tag-round-diamond","15":"pa_metal-white-gold","16":"pa_metal-yellow-gold","18":"first","19":"instock","20":"taxable","21":"shipping-taxable","22":"purchasable","23":"product-type-variable","24":"has-default-attributes"},"acf":[],"jetpack_sharing_enabled":true,"_links":{"self":[{"href":"https:\/\/lumierediamonds.eu\/pl\/wp-json\/wp\/v2\/product\/14858","targetHints":{"allow":["GET"]}}],"collection":[{"href":"https:\/\/lumierediamonds.eu\/pl\/wp-json\/wp\/v2\/product"}],"about":[{"href":"https:\/\/lumierediamonds.eu\/pl\/wp-json\/wp\/v2\/types\/product"}],"version-history":[{"count":4,"href":"https:\/\/lumierediamonds.eu\/pl\/wp-json\/wp\/v2\/product\/14858\/revisions"}],"predecessor-version":[{"id":27267,"href":"https:\/\/lumierediamonds.eu\/pl\/wp-json\/wp\/v2\/product\/14858\/revisions\/27267"}],"wp:featuredmedia":[{"embeddable":true,"href":"https:\/\/lumierediamonds.eu\/pl\/wp-json\/wp\/v2\/media\/15107"}],"wp:attachment":[{"href":"https:\/\/lumierediamonds.eu\/pl\/wp-json\/wp\/v2\/media?parent=14858"}],"wp:term":[{"taxonomy":"product_brand","embeddable":true,"href":"https:\/\/lumierediamonds.eu\/pl\/wp-json\/wp\/v2\/product_brand?post=14858"},{"taxonomy":"product_cat","embeddable":true,"href":"https:\/\/lumierediamonds.eu\/pl\/wp-json\/wp\/v2\/product_cat?post=14858"},{"taxonomy":"product_tag","embeddable":true,"href":"https:\/\/lumierediamonds.eu\/pl\/wp-json\/wp\/v2\/product_tag?post=14858"}],"curies":[{"name":"wp","href":"https:\/\/api.w.org\/{rel}","templated":true}]}}