{"id":14881,"date":"2026-03-15T13:27:16","date_gmt":"2026-03-15T12:27:16","guid":{"rendered":"https:\/\/lumierediamonds.eu\/?post_type=product&#038;p=14881"},"modified":"2026-04-21T21:35:04","modified_gmt":"2026-04-21T19:35:04","slug":"nala-diamentowy-naszyjnik-motyl","status":"publish","type":"product","link":"https:\/\/lumierediamonds.eu\/pl\/produkt\/nala-diamentowy-naszyjnik-motyl\/","title":{"rendered":"Diamentowy naszyjnik z motylem Nala"},"content":{"rendered":"<p>Zabawny i kobiecy naszyjnik Nala Diamond Butterfly wnosi radosny akcent do codziennego wygl\u0105du. Wykonany z 18-karatowego \u017c\u00f3\u0142tego lub bia\u0142ego z\u0142ota wisiorek ma kszta\u0142t wdzi\u0119cznego motyla i jest wysadzany 0,15 karatami diament\u00f3w hodowanych w laboratorium, kt\u00f3re \u0142api\u0105 \u015bwiat\u0142o przy ka\u017cdym ruchu. S\u0142odki symbol transformacji i wolno\u015bci, stanowi znacz\u0105cy prezent dla ka\u017cdego wieku - dodaj\u0105c delikatny blask i podnosz\u0105cego na duchu ducha do ka\u017cdej kolekcji bi\u017cuterii.<\/p>","protected":false},"excerpt":{"rendered":"<p>Zabawny i kobiecy naszyjnik Nala Diamond Butterfly dodaje rado\u015bci codziennym stylizacjom.<\/p>","protected":false},"featured_media":14910,"template":"","meta":{"_acf_changed":false},"product_brand":[],"product_cat":[53,759],"product_tag":[1425,297,386,294,1427,613],"class_list":{"0":"post-14881","1":"product","2":"type-product","3":"status-publish","4":"has-post-thumbnail","6":"product_cat-necklaces-pendants","7":"product_cat-pendants","8":"product_tag-butterfly-necklace","9":"product_tag-diamond-necklace","10":"product_tag-lab-grown-diamond-necklace","11":"product_tag-necklace","12":"product_tag-prong-setting","13":"product_tag-round-diamond","14":"pa_metal-white-gold","15":"pa_metal-yellow-gold","17":"first","18":"instock","19":"taxable","20":"shipping-taxable","21":"purchasable","22":"product-type-variable","23":"has-default-attributes"},"acf":[],"jetpack_sharing_enabled":true,"_links":{"self":[{"href":"https:\/\/lumierediamonds.eu\/pl\/wp-json\/wp\/v2\/product\/14881","targetHints":{"allow":["GET"]}}],"collection":[{"href":"https:\/\/lumierediamonds.eu\/pl\/wp-json\/wp\/v2\/product"}],"about":[{"href":"https:\/\/lumierediamonds.eu\/pl\/wp-json\/wp\/v2\/types\/product"}],"version-history":[{"count":5,"href":"https:\/\/lumierediamonds.eu\/pl\/wp-json\/wp\/v2\/product\/14881\/revisions"}],"predecessor-version":[{"id":27308,"href":"https:\/\/lumierediamonds.eu\/pl\/wp-json\/wp\/v2\/product\/14881\/revisions\/27308"}],"wp:featuredmedia":[{"embeddable":true,"href":"https:\/\/lumierediamonds.eu\/pl\/wp-json\/wp\/v2\/media\/14910"}],"wp:attachment":[{"href":"https:\/\/lumierediamonds.eu\/pl\/wp-json\/wp\/v2\/media?parent=14881"}],"wp:term":[{"taxonomy":"product_brand","embeddable":true,"href":"https:\/\/lumierediamonds.eu\/pl\/wp-json\/wp\/v2\/product_brand?post=14881"},{"taxonomy":"product_cat","embeddable":true,"href":"https:\/\/lumierediamonds.eu\/pl\/wp-json\/wp\/v2\/product_cat?post=14881"},{"taxonomy":"product_tag","embeddable":true,"href":"https:\/\/lumierediamonds.eu\/pl\/wp-json\/wp\/v2\/product_tag?post=14881"}],"curies":[{"name":"wp","href":"https:\/\/api.w.org\/{rel}","templated":true}]}}