{"id":15565,"date":"2026-03-26T20:11:52","date_gmt":"2026-03-26T19:11:52","guid":{"rendered":"https:\/\/lumierediamonds.eu\/?post_type=product&#038;p=15565"},"modified":"2026-03-29T12:59:50","modified_gmt":"2026-03-29T10:59:50","slug":"owalny-pierscionek-zareczynowy-epure","status":"publish","type":"product","link":"https:\/\/lumierediamonds.eu\/pl\/produkt\/owalny-pierscionek-zareczynowy-epure\/","title":{"rendered":"Owalny pier\u015bcionek zar\u0119czynowy \u00c9pure"},"content":{"rendered":"<p class=\"p1\">Eleganckie i praktyczne.<b><\/b><\/p>\n<p class=\"p2\">The <strong>Pier\u015bcionek zar\u0119czynowy \u00c9pure Oval Cut<\/strong> wnosi ponadczasow\u0105 elegancj\u0119 do codziennego \u017cycia dzi\u0119ki czystemu, minimalistycznemu wzornictwu i charakterystycznej, wygodnej opasce.<\/p>\n<p class=\"p2\">Pier\u015bcionek ten, wy\u015brodkowany z brylantem o owalnym szlifie, posiada niskoprofilow\u0105 opraw\u0119, kt\u00f3ra znajduje si\u0119 bli\u017cej palca - idealna dla os\u00f3b wykonuj\u0105cych praktyczne zawody lub prowadz\u0105cych aktywny tryb \u017cycia. Subtelnie zw\u0119\u017caj\u0105cy si\u0119, delikatnie zaokr\u0105glony pasek zwi\u0119ksza komfort, jednocze\u015bnie przyci\u0105gaj\u0105c wzrok do naturalnego blasku i symetrii diamentu.<\/p>\n<p class=\"p2\">Wyrafinowany bez przesady, \u00c9pure to dyskretny, wyrafinowany wyb\u00f3r, kt\u00f3ry \u0142\u0105czy w sobie trwa\u0142e pi\u0119kno z praktycznym designem.<\/p>","protected":false},"excerpt":{"rendered":"<p class=\"p1\"><b>Wyrafinowana prostota w nowej ods\u0142onie.<\/b><b><\/b><\/p>\n<p class=\"p2\">Pier\u015bcionek zar\u0119czynowy \u00c9pure Oval Cut \u0142\u0105czy niskoprofilow\u0105 opraw\u0119 z charakterystycznym, wygodnym paskiem - idealnym dla nowoczesnych minimalist\u00f3w i aktywnego stylu \u017cycia. Wyposa\u017cony w owalny diament wyhodowany w laboratorium, \u0142\u0105czy trwa\u0142\u0105 elegancj\u0119 z codzienn\u0105 praktyczno\u015bci\u0105.<\/p>","protected":false},"featured_media":16165,"template":"","meta":{"_acf_changed":false},"product_brand":[],"product_cat":[24,23,52],"product_tag":[183,182,48,184,210,1408,1406,1407,1405,1404,192,191,185],"class_list":{"0":"post-15565","1":"product","2":"type-product","3":"status-publish","4":"has-post-thumbnail","6":"product_cat-engagement-rings","7":"product_cat-love-engagement","8":"product_cat-rings","9":"product_tag-diamond-ring","10":"product_tag-engagement","11":"product_tag-engagement-ring","12":"product_tag-lab-grown-diamond","13":"product_tag-oval-cut","14":"product_tag-oval-cut-diamond","15":"product_tag-oval-cut-diamond-engagement-ring","16":"product_tag-oval-cut-diamond-ring","17":"product_tag-oval-cut-engagement-ring","18":"product_tag-oval-engagement-ring","19":"product_tag-ring","20":"product_tag-solitaire","21":"product_tag-vvs1","22":"pa_metal-rose-gold","23":"pa_metal-white-gold","24":"pa_metal-yellow-gold","26":"first","27":"instock","28":"taxable","29":"shipping-taxable","30":"purchasable","31":"product-type-variable","32":"has-default-attributes"},"acf":[],"jetpack_sharing_enabled":true,"_links":{"self":[{"href":"https:\/\/lumierediamonds.eu\/pl\/wp-json\/wp\/v2\/product\/15565","targetHints":{"allow":["GET"]}}],"collection":[{"href":"https:\/\/lumierediamonds.eu\/pl\/wp-json\/wp\/v2\/product"}],"about":[{"href":"https:\/\/lumierediamonds.eu\/pl\/wp-json\/wp\/v2\/types\/product"}],"version-history":[{"count":2,"href":"https:\/\/lumierediamonds.eu\/pl\/wp-json\/wp\/v2\/product\/15565\/revisions"}],"predecessor-version":[{"id":16210,"href":"https:\/\/lumierediamonds.eu\/pl\/wp-json\/wp\/v2\/product\/15565\/revisions\/16210"}],"wp:featuredmedia":[{"embeddable":true,"href":"https:\/\/lumierediamonds.eu\/pl\/wp-json\/wp\/v2\/media\/16165"}],"wp:attachment":[{"href":"https:\/\/lumierediamonds.eu\/pl\/wp-json\/wp\/v2\/media?parent=15565"}],"wp:term":[{"taxonomy":"product_brand","embeddable":true,"href":"https:\/\/lumierediamonds.eu\/pl\/wp-json\/wp\/v2\/product_brand?post=15565"},{"taxonomy":"product_cat","embeddable":true,"href":"https:\/\/lumierediamonds.eu\/pl\/wp-json\/wp\/v2\/product_cat?post=15565"},{"taxonomy":"product_tag","embeddable":true,"href":"https:\/\/lumierediamonds.eu\/pl\/wp-json\/wp\/v2\/product_tag?post=15565"}],"curies":[{"name":"wp","href":"https:\/\/api.w.org\/{rel}","templated":true}]}}