{"id":15626,"date":"2026-03-26T23:13:44","date_gmt":"2026-03-26T22:13:44","guid":{"rendered":"https:\/\/lumierediamonds.eu\/?post_type=product&#038;p=15626"},"modified":"2026-03-29T12:55:12","modified_gmt":"2026-03-29T10:55:12","slug":"pierscionek-zareczynowy-epure-radiant","status":"publish","type":"product","link":"https:\/\/lumierediamonds.eu\/pl\/produkt\/pierscionek-zareczynowy-epure-radiant\/","title":{"rendered":"Pier\u015bcionek zar\u0119czynowy \u00c9pure Radiant"},"content":{"rendered":"<p class=\"p1\">Eleganckie i praktyczne.<b><\/b><\/p>\n<p class=\"p2\">The <strong>Pier\u015bcionek zar\u0119czynowy \u00c9pure Radiant Cut<\/strong> wnosi ponadczasow\u0105 elegancj\u0119 do codziennego \u017cycia dzi\u0119ki czystemu, minimalistycznemu wzornictwu i charakterystycznej, wygodnej opasce.<\/p>\n<p class=\"p2\">Pier\u015bcionek ten, wy\u015brodkowany z brylantem o szlifie brylantowym, ma niskoprofilow\u0105 opraw\u0119, kt\u00f3ra znajduje si\u0119 bli\u017cej palca - idealna dla os\u00f3b wykonuj\u0105cych praktyczne zawody lub prowadz\u0105cych aktywny tryb \u017cycia. Subtelnie zw\u0119\u017caj\u0105cy si\u0119, delikatnie zaokr\u0105glony pasek zwi\u0119ksza komfort, jednocze\u015bnie przyci\u0105gaj\u0105c wzrok do naturalnego blasku i symetrii diamentu.<\/p>\n<p class=\"p2\">Wyrafinowany bez przesady, \u00c9pure to dyskretny, wyrafinowany wyb\u00f3r, kt\u00f3ry \u0142\u0105czy w sobie trwa\u0142e pi\u0119kno z praktycznym designem.<\/p>","protected":false},"excerpt":{"rendered":"<p class=\"p1\"><b>Wyrafinowana prostota w nowej ods\u0142onie.<\/b><b><\/b><\/p>\n<p class=\"p2\">Pier\u015bcionek zar\u0119czynowy \u00c9pure Radiant Cut \u0142\u0105czy niskoprofilow\u0105 opraw\u0119 z charakterystycznym, wygodnym paskiem - idealnym dla nowoczesnych minimalist\u00f3w i aktywnego stylu \u017cycia. Wyposa\u017cony w wyhodowany w laboratorium diament Radiant, \u0142\u0105czy trwa\u0142\u0105 elegancj\u0119 z codzienn\u0105 praktyczno\u015bci\u0105.<\/p>","protected":false},"featured_media":16186,"template":"","meta":{"_acf_changed":false},"product_brand":[],"product_cat":[24,23,52],"product_tag":[183,189,190,182,48,184,1402,1401,1400,1399,1403,192,191,185],"class_list":{"0":"post-15626","1":"product","2":"type-product","3":"status-publish","4":"has-post-thumbnail","6":"product_cat-engagement-rings","7":"product_cat-love-engagement","8":"product_cat-rings","9":"product_tag-diamond-ring","10":"product_tag-emerald","11":"product_tag-emerald-diamond","12":"product_tag-engagement","13":"product_tag-engagement-ring","14":"product_tag-lab-grown-diamond","15":"product_tag-radiant","16":"product_tag-radiant-cut","17":"product_tag-radiant-cut-diamond","18":"product_tag-radiant-cut-engagement-ring","19":"product_tag-radiant-diamond","20":"product_tag-ring","21":"product_tag-solitaire","22":"product_tag-vvs1","23":"pa_metal-rose-gold","24":"pa_metal-white-gold","25":"pa_metal-yellow-gold","27":"first","28":"instock","29":"taxable","30":"shipping-taxable","31":"purchasable","32":"product-type-variable","33":"has-default-attributes"},"acf":[],"jetpack_sharing_enabled":true,"_links":{"self":[{"href":"https:\/\/lumierediamonds.eu\/pl\/wp-json\/wp\/v2\/product\/15626","targetHints":{"allow":["GET"]}}],"collection":[{"href":"https:\/\/lumierediamonds.eu\/pl\/wp-json\/wp\/v2\/product"}],"about":[{"href":"https:\/\/lumierediamonds.eu\/pl\/wp-json\/wp\/v2\/types\/product"}],"version-history":[{"count":2,"href":"https:\/\/lumierediamonds.eu\/pl\/wp-json\/wp\/v2\/product\/15626\/revisions"}],"predecessor-version":[{"id":16209,"href":"https:\/\/lumierediamonds.eu\/pl\/wp-json\/wp\/v2\/product\/15626\/revisions\/16209"}],"wp:featuredmedia":[{"embeddable":true,"href":"https:\/\/lumierediamonds.eu\/pl\/wp-json\/wp\/v2\/media\/16186"}],"wp:attachment":[{"href":"https:\/\/lumierediamonds.eu\/pl\/wp-json\/wp\/v2\/media?parent=15626"}],"wp:term":[{"taxonomy":"product_brand","embeddable":true,"href":"https:\/\/lumierediamonds.eu\/pl\/wp-json\/wp\/v2\/product_brand?post=15626"},{"taxonomy":"product_cat","embeddable":true,"href":"https:\/\/lumierediamonds.eu\/pl\/wp-json\/wp\/v2\/product_cat?post=15626"},{"taxonomy":"product_tag","embeddable":true,"href":"https:\/\/lumierediamonds.eu\/pl\/wp-json\/wp\/v2\/product_tag?post=15626"}],"curies":[{"name":"wp","href":"https:\/\/api.w.org\/{rel}","templated":true}]}}